{"id":9936,"date":"2025-02-20T21:43:53","date_gmt":"2025-02-20T21:43:53","guid":{"rendered":"https:\/\/alles-ueber-riffe.de\/?page_id=9936"},"modified":"2025-02-20T21:46:40","modified_gmt":"2025-02-20T21:46:40","slug":"kurztaschen-zwerg-nadelpferdchen-2","status":"publish","type":"page","link":"https:\/\/alles-ueber-riffe.de\/?page_id=9936","title":{"rendered":"Kurztaschen-Zwerg-Nadelpferdchen"},"content":{"rendered":"\n<div class=\"wp-block-group is-vertical is-layout-flex wp-container-core-group-is-layout-8cf370e7 wp-block-group-is-layout-flex\">\n<p><strong>Kurztaschen-Zwerg-Nadelpferdchen<\/strong><\/p>\n\n\n\n<p>Short-pouch pygmy pipehorse<\/p>\n\n\n\n<p><em>Acentronura tentaculata<\/em><\/p>\n<\/div>\n\n\n\n<div style=\"height:30px\" aria-hidden=\"true\" class=\"wp-block-spacer\"><\/div>\n\n\n\n<figure class=\"wp-block-video\"><video height=\"576\" style=\"aspect-ratio: 1024 \/ 576;\" width=\"1024\" controls src=\"https:\/\/alles-ueber-riffe.de\/wp-content\/uploads\/2025\/02\/Kurztaschen-Zwerg-Nadelpferdchen.mp4\"><\/video><figcaption class=\"wp-element-caption\">\u00a9 Heinz Krimmer<\/figcaption><\/figure>\n\n\n\n<hr class=\"wp-block-separator has-alpha-channel-opacity is-style-default\"\/>\n\n\n\n<p><strong>Gr\u00f6\u00dfe: <\/strong> bis 6,3 cm<\/p>\n\n\n\n<p><strong>Lebensraum:<\/strong> Sandb\u00f6den und in Seegraswiesen, veralgte Riffbereiche<\/p>\n\n\n\n<p><strong>Vorkommen:  <\/strong>Ostafrika, Rotes Meer, Malediven, ganz S\u00fcdostasien, Indonesien, Philippinen, Papua-Neuguinea , Nordaustralien<\/p>\n\n\n\n<p><strong>Erkennungsmerkmale:<\/strong> Grundfarbe variabel von gr\u00fcn, gelb bis dunkelbraun; feine, lange Hautforts\u00e4tze; sieht fast aus wie eine Seenadel<\/p>\n\n\n\n<p><strong>Biologie &amp; Verhalten: <\/strong> Das seltene Kurztaschen-Zwerg-Nadelpferdchen sieht aus wie eine Mischung aus Seenadel und Seepferdchen.&nbsp;&nbsp;Es geh\u00f6rt somit zu den vier Arten, an denen die enge Verwandtschaft der beiden Fischfamilien deutlich zu sehen ist.<\/p>\n\n\n\n<p>Man findet es zwischen Seegras oder auf Sandfl\u00e4chen an Algen h\u00e4ngend. Die M\u00e4nnchen sind f\u00fcr die Brutpflege verantwortlich.<\/p>\n\n\n\n<p><\/p>\n\n\n\n<p><strong>Bedrohungsstatus:<\/strong> Die Art wird auf der Roten Liste der IUCN als <mark style=\"background-color:rgba(0, 0, 0, 0)\" class=\"has-inline-color has-vivid-green-cyan-color\">\u201enicht gef\u00e4hrdet\u201c<\/mark> gef\u00fchrt.<\/p>\n\n\n\n<hr class=\"wp-block-separator has-alpha-channel-opacity is-style-default\"\/>\n\n\n\n<p><\/p>\n","protected":false},"excerpt":{"rendered":"<p>Kurztaschen-Zwerg-Nadelpferdchen Short-pouch pygmy pipehorse Acentronura tentaculata Gr\u00f6\u00dfe: bis 6,3 cm Lebensraum: Sandb\u00f6den und in Seegraswiesen, veralgte Riffbereiche Vorkommen: Ostafrika, Rotes Meer, Malediven, ganz S\u00fcdostasien, Indonesien, Philippinen, Papua-Neuguinea , Nordaustralien Erkennungsmerkmale: Grundfarbe variabel von gr\u00fcn, gelb bis dunkelbraun; feine, lange Hautforts\u00e4tze; sieht fast aus wie eine Seenadel Biologie &amp; Verhalten: Das seltene Kurztaschen-Zwerg-Nadelpferdchen sieht aus wie &hellip; <\/p>\n<p class=\"link-more\"><a href=\"https:\/\/alles-ueber-riffe.de\/?page_id=9936\" class=\"more-link\"><span class=\"screen-reader-text\">\u201eKurztaschen-Zwerg-Nadelpferdchen\u201c<\/span> weiterlesen<\/a><\/p>\n","protected":false},"author":1,"featured_media":0,"parent":0,"menu_order":0,"comment_status":"closed","ping_status":"closed","template":"","meta":{"footnotes":""},"class_list":["post-9936","page","type-page","status-publish","hentry"],"_links":{"self":[{"href":"https:\/\/alles-ueber-riffe.de\/index.php?rest_route=\/wp\/v2\/pages\/9936","targetHints":{"allow":["GET"]}}],"collection":[{"href":"https:\/\/alles-ueber-riffe.de\/index.php?rest_route=\/wp\/v2\/pages"}],"about":[{"href":"https:\/\/alles-ueber-riffe.de\/index.php?rest_route=\/wp\/v2\/types\/page"}],"author":[{"embeddable":true,"href":"https:\/\/alles-ueber-riffe.de\/index.php?rest_route=\/wp\/v2\/users\/1"}],"replies":[{"embeddable":true,"href":"https:\/\/alles-ueber-riffe.de\/index.php?rest_route=%2Fwp%2Fv2%2Fcomments&post=9936"}],"version-history":[{"count":5,"href":"https:\/\/alles-ueber-riffe.de\/index.php?rest_route=\/wp\/v2\/pages\/9936\/revisions"}],"predecessor-version":[{"id":9943,"href":"https:\/\/alles-ueber-riffe.de\/index.php?rest_route=\/wp\/v2\/pages\/9936\/revisions\/9943"}],"wp:attachment":[{"href":"https:\/\/alles-ueber-riffe.de\/index.php?rest_route=%2Fwp%2Fv2%2Fmedia&parent=9936"}],"curies":[{"name":"wp","href":"https:\/\/api.w.org\/{rel}","templated":true}]}}