{"id":9416,"date":"2025-02-09T21:50:50","date_gmt":"2025-02-09T21:50:50","guid":{"rendered":"https:\/\/alles-ueber-riffe.de\/?page_id=9416"},"modified":"2025-02-09T21:58:33","modified_gmt":"2025-02-09T21:58:33","slug":"ohrenfleck-sandbarsch","status":"publish","type":"page","link":"https:\/\/alles-ueber-riffe.de\/?page_id=9416","title":{"rendered":"Ohrenfleck-Sandbarsch"},"content":{"rendered":"\n<div class=\"wp-block-group is-vertical is-layout-flex wp-container-core-group-is-layout-8cf370e7 wp-block-group-is-layout-flex\">\n<p><strong>Ohrenfleck-Sandbarsch<\/strong><\/p>\n\n\n\n<p>Latticed sandperch<\/p>\n\n\n\n<p><em>Parapercis clathrata<\/em><\/p>\n<\/div>\n\n\n\n<div style=\"height:30px\" aria-hidden=\"true\" class=\"wp-block-spacer\"><\/div>\n\n\n\n<figure class=\"wp-block-image size-full\"><img loading=\"lazy\" decoding=\"async\" width=\"1024\" height=\"769\" src=\"https:\/\/alles-ueber-riffe.de\/wp-content\/uploads\/2025\/02\/Ohrenfleck-Sandbarsch_1024x768.jpg\" alt=\"\" class=\"wp-image-9433\" srcset=\"https:\/\/alles-ueber-riffe.de\/wp-content\/uploads\/2025\/02\/Ohrenfleck-Sandbarsch_1024x768.jpg 1024w, https:\/\/alles-ueber-riffe.de\/wp-content\/uploads\/2025\/02\/Ohrenfleck-Sandbarsch_1024x768-300x225.jpg 300w, https:\/\/alles-ueber-riffe.de\/wp-content\/uploads\/2025\/02\/Ohrenfleck-Sandbarsch_1024x768-768x577.jpg 768w\" sizes=\"auto, (max-width: 767px) 89vw, (max-width: 1000px) 54vw, (max-width: 1071px) 543px, 580px\" \/><figcaption class=\"wp-element-caption\">\u00a9 Joris Rombouts<\/figcaption><\/figure>\n\n\n\n<hr class=\"wp-block-separator has-alpha-channel-opacity is-style-default\"\/>\n\n\n\n<p><strong>Gr\u00f6\u00dfe: <\/strong> bis 24 cm<\/p>\n\n\n\n<p><strong>Lebensraum:<\/strong> Sand- und Ger\u00f6llb\u00f6den in der N\u00e4he von Korallenriffen<\/p>\n\n\n\n<p><strong>Vorkommen:  <\/strong>Sri Lanka, S\u00fcdjapan, ganz S\u00fcdostasien, Papua-Neuguinea, Nordaustralien, Ozeanien bis Tonga<\/p>\n\n\n\n<p><strong>Erkennungsmerkmale:<\/strong> in der Mitte des K\u00f6rpers eine Linie aus fast quadratischen wei\u00dfen Flecken, die in der Mitte einen hellbraunen Punkt haben; M\u00e4nnchen haben einen Fleck am Nacken, der einem Auge \u00e4hnelt.<\/p>\n\n\n\n<p><strong>Biologie &amp; Verhalten: <\/strong> Sie fressen kleine Wirbellose.&nbsp;&nbsp;Elegant stehen sie oft auf ihren Bauchflossen.<\/p>\n\n\n\n<p>Auf den ersten Blick kann man Sandbarsche leicht mit Eidechsenfischen verwechseln. Sie haben eine \u00e4hnliche Form, leben im gleichen Biotop und besitzen eine \u00e4hnliche Zeichnung und F\u00e4rbung. Am einfachsten unterscheidet man sie am Maul. Das der Sandbarsche ist kleiner und ohne Z\u00e4hne.<\/p>\n\n\n\n<p><strong>Bedrohungsstatus:<\/strong> Die Art wird auf der Roten Liste der IUCN als <mark style=\"background-color:rgba(0, 0, 0, 0)\" class=\"has-inline-color has-vivid-green-cyan-color\">\u201enicht gef\u00e4hrdet\u201c<\/mark> gef\u00fchrt.<\/p>\n\n\n\n<p><\/p>\n","protected":false},"excerpt":{"rendered":"<p>Ohrenfleck-Sandbarsch Latticed sandperch Parapercis clathrata Gr\u00f6\u00dfe: bis 24 cm Lebensraum: Sand- und Ger\u00f6llb\u00f6den in der N\u00e4he von Korallenriffen Vorkommen: Sri Lanka, S\u00fcdjapan, ganz S\u00fcdostasien, Papua-Neuguinea, Nordaustralien, Ozeanien bis Tonga Erkennungsmerkmale: in der Mitte des K\u00f6rpers eine Linie aus fast quadratischen wei\u00dfen Flecken, die in der Mitte einen hellbraunen Punkt haben; M\u00e4nnchen haben einen Fleck am &hellip; <\/p>\n<p class=\"link-more\"><a href=\"https:\/\/alles-ueber-riffe.de\/?page_id=9416\" class=\"more-link\"><span class=\"screen-reader-text\">\u201eOhrenfleck-Sandbarsch\u201c<\/span> weiterlesen<\/a><\/p>\n","protected":false},"author":1,"featured_media":0,"parent":0,"menu_order":0,"comment_status":"closed","ping_status":"closed","template":"","meta":{"footnotes":""},"class_list":["post-9416","page","type-page","status-publish","hentry"],"_links":{"self":[{"href":"https:\/\/alles-ueber-riffe.de\/index.php?rest_route=\/wp\/v2\/pages\/9416","targetHints":{"allow":["GET"]}}],"collection":[{"href":"https:\/\/alles-ueber-riffe.de\/index.php?rest_route=\/wp\/v2\/pages"}],"about":[{"href":"https:\/\/alles-ueber-riffe.de\/index.php?rest_route=\/wp\/v2\/types\/page"}],"author":[{"embeddable":true,"href":"https:\/\/alles-ueber-riffe.de\/index.php?rest_route=\/wp\/v2\/users\/1"}],"replies":[{"embeddable":true,"href":"https:\/\/alles-ueber-riffe.de\/index.php?rest_route=%2Fwp%2Fv2%2Fcomments&post=9416"}],"version-history":[{"count":4,"href":"https:\/\/alles-ueber-riffe.de\/index.php?rest_route=\/wp\/v2\/pages\/9416\/revisions"}],"predecessor-version":[{"id":9436,"href":"https:\/\/alles-ueber-riffe.de\/index.php?rest_route=\/wp\/v2\/pages\/9416\/revisions\/9436"}],"wp:attachment":[{"href":"https:\/\/alles-ueber-riffe.de\/index.php?rest_route=%2Fwp%2Fv2%2Fmedia&parent=9416"}],"curies":[{"name":"wp","href":"https:\/\/api.w.org\/{rel}","templated":true}]}}