{"id":9164,"date":"2025-02-07T23:19:17","date_gmt":"2025-02-07T23:19:17","guid":{"rendered":"https:\/\/alles-ueber-riffe.de\/?page_id=9164"},"modified":"2025-02-07T23:23:41","modified_gmt":"2025-02-07T23:23:41","slug":"pazifischer-rotfeuerfisch","status":"publish","type":"page","link":"https:\/\/alles-ueber-riffe.de\/?page_id=9164","title":{"rendered":"Pazifischer Rotfeuerfisch"},"content":{"rendered":"\n<div class=\"wp-block-group is-vertical is-layout-flex wp-container-core-group-is-layout-8cf370e7 wp-block-group-is-layout-flex\">\n<p><strong>Pazifischer Rotfeuerfisch<\/strong><\/p>\n\n\n\n<p>Red lionfish<\/p>\n\n\n\n<p><em>Pterois volitans<\/em><\/p>\n<\/div>\n\n\n\n<div style=\"height:30px\" aria-hidden=\"true\" class=\"wp-block-spacer\"><\/div>\n\n\n\n<figure class=\"wp-block-video\"><video height=\"576\" style=\"aspect-ratio: 1024 \/ 576;\" width=\"1024\" controls src=\"https:\/\/alles-ueber-riffe.de\/wp-content\/uploads\/2025\/02\/Rotfeuerfisch.mp4\"><\/video><figcaption class=\"wp-element-caption\">\u00a9 Heinz Krimmer<\/figcaption><\/figure>\n\n\n\n<hr class=\"wp-block-separator has-alpha-channel-opacity is-style-default\"\/>\n\n\n\n<p><strong>Gr\u00f6\u00dfe: <\/strong> bis 45 cm<\/p>\n\n\n\n<p><strong>Lebensraum:<\/strong> Korallenriffe<\/p>\n\n\n\n<p><strong>Vorkommen:  <\/strong>Ostindonesien, Philippinen, Malaysia, S\u00fcdjapan, Nordaustralien, Papua-Neuguinea, Ozeanien bis Franz\u00f6sisch Polynesien; Karibik<\/p>\n\n\n\n<p><strong>Erkennungsmerkmale:<\/strong> gro\u00dfe f\u00e4cherf\u00f6rmige Brustflossen; lange Flossenstrahlen auf dem R\u00fccken; rote bis schwarz-rote dicke Querstreifen und d\u00fcnne wei\u00dfe Streifen<\/p>\n\n\n\n<p><strong>Biologie &amp; Verhalten: <\/strong> Der Rotfeuerfisch&nbsp;&nbsp;oder Pazifische Rotfeuerfisch (Pterois volitans<strong>)&nbsp;<\/strong>ist von dem Indischen Rotfeuerfisch (Pterois miles)&nbsp;nur an Hand genetischer Untersuchungen zu unterscheiden. Lange bezweifelten manche Biologen, dass es sich wirklich um zwei Arten handelt.&nbsp;&nbsp;Am Besten richtet man sich bei der Identifizierung nach dem Verbreitungsgebiet.<\/p>\n\n\n\n<p>Der Pazifische Rotfeuerfisch lebt im Ostpazifik von Sumatra bis Franz\u00f6sisch Polynesien.<\/p>\n\n\n\n<p>Den Indische Rotfeuerfisch (Pterois miles)&nbsp;findet man dagegen westlich davon von Ostafrika, \u00fcber das Rote Meer bis Sumatra. Vom Roten Meer wanderte er \u00fcber den Suezkanal auch in das Mittelmeer ein.<\/p>\n\n\n\n<p>Beide Arten tauchten ca. 1993 auch in der Karibik auf und entwickelten sich zu einer Bedrohung f\u00fcr die dortige Fauna. Ohne nat\u00fcrliche Feinde und mit einem gro\u00dfen Appetit fressen sie die Riffe leer. Biologen bezeichnen sie inzwischen als die \u201egef\u00e4hrlichsten, invasiven Arten\u201c.<\/p>\n\n\n\n<p>Zum Schutz der Riffe wird er jetzt ausgiebig gejagt und auch gegessen. Er soll sehr gut schmecken. Wie man einen Rotfeuerfisch filetiert und zubereitet kann man auf Youtube sehen:&nbsp;&nbsp;<a href=\"https:\/\/www.youtube.com\/watch?v=Fx3tf71TdfE\">https:\/\/www.youtube.com\/watch?v=Fx3tf71TdfE<\/a><\/p>\n\n\n\n<p>Wie kamen die Rotfeuerfische in die Karibik? Zwei Theorien gibt es: Im Ballastwasser von Schiffen oder von Aquarianern ausgesetzt.<\/p>\n\n\n\n<p><strong>Bedrohungsstatus:<\/strong> Die Art wird auf der Roten Liste der IUCN als <mark style=\"background-color:rgba(0, 0, 0, 0)\" class=\"has-inline-color has-vivid-green-cyan-color\">\u201enicht gef\u00e4hrdet\u201c<\/mark> gef\u00fchrt.<\/p>\n\n\n\n<p><mark style=\"background-color:rgba(0, 0, 0, 0)\" class=\"has-inline-color has-vivid-red-color\"><strong>Gefahr:<\/strong>Die Stacheln der Flosse enthalten ein starkes Gift. Zwar kann ein Stich auch zum Tode f\u00fchren, doch \u00fcberlebt man die Vergiftung im allgemeinen. Man leidet jedoch unter extrem starke Schmerzen in den betroffenen Gliedma\u00dfen. Auch k\u00f6nnen \u00dcbelkeit, Kreislaufprobleme und Kopfschmerzen auftreten.<\/mark><\/p>\n\n\n\n<hr class=\"wp-block-separator has-alpha-channel-opacity is-style-default\"\/>\n\n\n\n<p><\/p>\n","protected":false},"excerpt":{"rendered":"<p>Pazifischer Rotfeuerfisch Red lionfish Pterois volitans Gr\u00f6\u00dfe: bis 45 cm Lebensraum: Korallenriffe Vorkommen: Ostindonesien, Philippinen, Malaysia, S\u00fcdjapan, Nordaustralien, Papua-Neuguinea, Ozeanien bis Franz\u00f6sisch Polynesien; Karibik Erkennungsmerkmale: gro\u00dfe f\u00e4cherf\u00f6rmige Brustflossen; lange Flossenstrahlen auf dem R\u00fccken; rote bis schwarz-rote dicke Querstreifen und d\u00fcnne wei\u00dfe Streifen Biologie &amp; Verhalten: Der Rotfeuerfisch&nbsp;&nbsp;oder Pazifische Rotfeuerfisch (Pterois volitans)&nbsp;ist von dem Indischen Rotfeuerfisch &hellip; <\/p>\n<p class=\"link-more\"><a href=\"https:\/\/alles-ueber-riffe.de\/?page_id=9164\" class=\"more-link\"><span class=\"screen-reader-text\">\u201ePazifischer Rotfeuerfisch\u201c<\/span> weiterlesen<\/a><\/p>\n","protected":false},"author":1,"featured_media":0,"parent":0,"menu_order":0,"comment_status":"closed","ping_status":"closed","template":"","meta":{"footnotes":""},"class_list":["post-9164","page","type-page","status-publish","hentry"],"_links":{"self":[{"href":"https:\/\/alles-ueber-riffe.de\/index.php?rest_route=\/wp\/v2\/pages\/9164","targetHints":{"allow":["GET"]}}],"collection":[{"href":"https:\/\/alles-ueber-riffe.de\/index.php?rest_route=\/wp\/v2\/pages"}],"about":[{"href":"https:\/\/alles-ueber-riffe.de\/index.php?rest_route=\/wp\/v2\/types\/page"}],"author":[{"embeddable":true,"href":"https:\/\/alles-ueber-riffe.de\/index.php?rest_route=\/wp\/v2\/users\/1"}],"replies":[{"embeddable":true,"href":"https:\/\/alles-ueber-riffe.de\/index.php?rest_route=%2Fwp%2Fv2%2Fcomments&post=9164"}],"version-history":[{"count":5,"href":"https:\/\/alles-ueber-riffe.de\/index.php?rest_route=\/wp\/v2\/pages\/9164\/revisions"}],"predecessor-version":[{"id":9170,"href":"https:\/\/alles-ueber-riffe.de\/index.php?rest_route=\/wp\/v2\/pages\/9164\/revisions\/9170"}],"wp:attachment":[{"href":"https:\/\/alles-ueber-riffe.de\/index.php?rest_route=%2Fwp%2Fv2%2Fmedia&parent=9164"}],"curies":[{"name":"wp","href":"https:\/\/api.w.org\/{rel}","templated":true}]}}