{"id":902,"date":"2024-10-16T18:00:22","date_gmt":"2024-10-16T18:00:22","guid":{"rendered":"https:\/\/alles-ueber-riffe.de\/?page_id=902"},"modified":"2025-02-06T16:21:51","modified_gmt":"2025-02-06T16:21:51","slug":"zebrahai","status":"publish","type":"page","link":"https:\/\/alles-ueber-riffe.de\/?page_id=902","title":{"rendered":"Zebrahai"},"content":{"rendered":"\n<div class=\"wp-block-group is-vertical is-layout-flex wp-container-core-group-is-layout-8cf370e7 wp-block-group-is-layout-flex\">\n<p><strong>Zebrahai<\/strong><\/p>\n\n\n\n<p>Zebra shark<\/p>\n\n\n\n<p><em>(Stegostoma fasciatum<em style=\"font-size: revert;\">)<\/em><\/em><\/p>\n\n\n\n<div style=\"height:50px\" aria-hidden=\"true\" class=\"wp-block-spacer wp-container-content-b30579f5\"><\/div>\n\n\n\n<figure class=\"wp-block-video\"><video height=\"576\" style=\"aspect-ratio: 1024 \/ 576;\" width=\"1024\" controls src=\"https:\/\/alles-ueber-riffe.de\/wp-content\/uploads\/2024\/10\/Zebrahai_1024x576.mp4\"><\/video><figcaption class=\"wp-element-caption\"><em>\u00a9 Michael Stadermann<\/em><\/figcaption><\/figure>\n<\/div>\n\n\n\n<div style=\"height:50px\" aria-hidden=\"true\" class=\"wp-block-spacer\"><\/div>\n\n\n\n<p><strong>Gr\u00f6\u00dfe: <\/strong> bis 3,50 m<\/p>\n\n\n\n<p><strong>Lebensraum:<\/strong>  Sandb\u00f6den in der N\u00e4he von Riffen<\/p>\n\n\n\n<p><strong>Vorkommen:  <\/strong> in allen tropischen Bereichen des Indopazifik<\/p>\n\n\n\n<p><strong>Erkennungsmerkmale: <\/strong> Farbe und Zeichnung adulter Tiere \u00e4hneln einem Leoparden, so dass er auch \u201eLeopardenhai\u201c genannt wird. Der Name Zebrahai geht auf die Zeichnung juveniler Haie zur\u00fcck, die quer gestreift sind.<\/p>\n\n\n\n<p><strong>Biologie &amp; Verhalten: <\/strong> Eigentlich sollte der lateinische Namen von Tieren eindeutig sein, aber beim Zebrahai sind zwei gebr\u00e4uchlich, da sich die Biologen bisher nicht einigen konnten: Stegostoma fasciatum und Stegostoma varium.&nbsp;<\/p>\n\n\n\n<p>Die n\u00e4chsten Verwandten sind die Walhaie und die Ammenhaie, wobei er mit den letzteren die meisten Gemeinsamkeiten aufweist: Er liegt tags\u00fcber gerne herum, jagt nachts nach Wirbellosen und saugt diese ein. In der Regel ist er ein Einzelg\u00e4nger.<\/p>\n\n\n\n<p>Der Zebrahai geh\u00f6rt zu den Haien, die nicht lebend geb\u00e4ren, sondern Eier legen.<\/p>\n\n\n\n<p><strong>Gefahr:<\/strong>  Zebrahaie sind eher harmlose Gesellen. Es kam aber schon zu Unf\u00e4llen, bei Ber\u00fchrungen durch Taucher. Man sollte sie einfach in Ruhe lassen.&nbsp;<\/p>\n\n\n\n<p><strong>Bedrohungsstatus:<\/strong>  Auf der Roten Liste der IUCN besitzt er den Status \u201egef\u00e4hrdet\u201c.<\/p>\n\n\n\n<p><strong>Video:<\/strong> \u00a9 Michael Stadermann<\/p>\n\n\n\n<hr class=\"wp-block-separator has-alpha-channel-opacity is-style-wide\"\/>\n","protected":false},"excerpt":{"rendered":"<p>Zebrahai Zebra shark (Stegostoma fasciatum) Gr\u00f6\u00dfe: bis 3,50 m Lebensraum: Sandb\u00f6den in der N\u00e4he von Riffen Vorkommen: in allen tropischen Bereichen des Indopazifik Erkennungsmerkmale: Farbe und Zeichnung adulter Tiere \u00e4hneln einem Leoparden, so dass er auch \u201eLeopardenhai\u201c genannt wird. Der Name Zebrahai geht auf die Zeichnung juveniler Haie zur\u00fcck, die quer gestreift sind. Biologie &amp; &hellip; <\/p>\n<p class=\"link-more\"><a href=\"https:\/\/alles-ueber-riffe.de\/?page_id=902\" class=\"more-link\"><span class=\"screen-reader-text\">\u201eZebrahai\u201c<\/span> weiterlesen<\/a><\/p>\n","protected":false},"author":1,"featured_media":0,"parent":0,"menu_order":0,"comment_status":"closed","ping_status":"closed","template":"","meta":{"footnotes":""},"class_list":["post-902","page","type-page","status-publish","hentry"],"_links":{"self":[{"href":"https:\/\/alles-ueber-riffe.de\/index.php?rest_route=\/wp\/v2\/pages\/902","targetHints":{"allow":["GET"]}}],"collection":[{"href":"https:\/\/alles-ueber-riffe.de\/index.php?rest_route=\/wp\/v2\/pages"}],"about":[{"href":"https:\/\/alles-ueber-riffe.de\/index.php?rest_route=\/wp\/v2\/types\/page"}],"author":[{"embeddable":true,"href":"https:\/\/alles-ueber-riffe.de\/index.php?rest_route=\/wp\/v2\/users\/1"}],"replies":[{"embeddable":true,"href":"https:\/\/alles-ueber-riffe.de\/index.php?rest_route=%2Fwp%2Fv2%2Fcomments&post=902"}],"version-history":[{"count":6,"href":"https:\/\/alles-ueber-riffe.de\/index.php?rest_route=\/wp\/v2\/pages\/902\/revisions"}],"predecessor-version":[{"id":9007,"href":"https:\/\/alles-ueber-riffe.de\/index.php?rest_route=\/wp\/v2\/pages\/902\/revisions\/9007"}],"wp:attachment":[{"href":"https:\/\/alles-ueber-riffe.de\/index.php?rest_route=%2Fwp%2Fv2%2Fmedia&parent=902"}],"curies":[{"name":"wp","href":"https:\/\/api.w.org\/{rel}","templated":true}]}}