{"id":900,"date":"2024-10-16T17:59:58","date_gmt":"2024-10-16T17:59:58","guid":{"rendered":"https:\/\/alles-ueber-riffe.de\/?page_id=900"},"modified":"2025-02-06T16:21:16","modified_gmt":"2025-02-06T16:21:16","slug":"weisspitzen-riffhai","status":"publish","type":"page","link":"https:\/\/alles-ueber-riffe.de\/?page_id=900","title":{"rendered":"Wei\u00dfspitzen-Riffhai"},"content":{"rendered":"\n<div class=\"wp-block-group is-vertical is-layout-flex wp-container-core-group-is-layout-8cf370e7 wp-block-group-is-layout-flex\">\n<p><strong>Wei\u00dfspitzen-Riffhai<\/strong><\/p>\n\n\n\n<p>Whitetip reef shark<strong>&nbsp;<\/strong><\/p>\n\n\n\n<p><em>(Triaenodon obesus&nbsp;<em style=\"font-size: revert;\">)<\/em><\/em><\/p>\n\n\n\n<div style=\"height:50px\" aria-hidden=\"true\" class=\"wp-block-spacer wp-container-content-b30579f5\"><\/div>\n\n\n\n<figure class=\"wp-block-video\"><video height=\"576\" style=\"aspect-ratio: 1024 \/ 576;\" width=\"1024\" controls src=\"https:\/\/alles-ueber-riffe.de\/wp-content\/uploads\/2024\/10\/Weissspitzenriffhai_1024x576.mp4\"><\/video><figcaption class=\"wp-element-caption\"><em>\u00a9 Heinz Krimmer<\/em><\/figcaption><\/figure>\n<\/div>\n\n\n\n<div style=\"height:50px\" aria-hidden=\"true\" class=\"wp-block-spacer\"><\/div>\n\n\n\n<p><strong>Gr\u00f6\u00dfe: <\/strong> bis 1,60 m<\/p>\n\n\n\n<p><strong>Lebensraum:<\/strong> Korallen- und Felsenriffe<\/p>\n\n\n\n<p><strong>Vorkommen:  <\/strong> in alle tropischen Gebieten des Indopazifik<\/p>\n\n\n\n<p><strong>Erkennungsmerkmale: <\/strong> Der obere Teil der Schwanzflosse ist extrem verl\u00e4ngert und kann die L\u00e4nge des K\u00f6rpers erreichen . Unverwechselbare Erscheinung.<\/p>\n\n\n\n<p><strong>Biologie &amp; Verhalten: <\/strong> Den Wei\u00dfspitzen Riffhai trifft man h\u00e4ufig und er ist harmlos. Den Tag verschl\u00e4ft er gerne in H\u00f6hlen oder Riffspalten. Nachts&nbsp;wird er aktiv. Ber\u00fchmt sind die Aufnahmen der BBC bei Cocos, die ca. 100 Wei\u00dfspitzenriffhaie nachts beim Jagen zeigen. In einem regelrechten Fressrausch holen sie die Rifffische aus den Verstecken.<\/p>\n\n\n\n<p>Wei\u00dfspitzenriffhaie sind standorttreu und man findet sie immer wieder in der gleichen H\u00f6hle. Auch dem Riffabschnitt halten sie oft jahrelang die Treue. Die Weibchen geb\u00e4ren nach 10 bis 13 Monaten Tragzeit 1 bis 6 Jungtiere. Sie k\u00f6nnen bis zu 25 Jahre alt werden.<\/p>\n\n\n\n<p><strong>Gefahr:<\/strong> Wei\u00dfspitzen-Riffhaie sind harmlos.<\/p>\n\n\n\n<p><strong>Bedrohungsstatus:<\/strong> Auf der Roten Liste der IUCN besitzt er den Status \u201egering gef\u00e4hrdet\u201c.<\/p>\n\n\n\n<p><strong>Video:<\/strong>  \u00a9 Heinz Krimmer<\/p>\n\n\n\n<hr class=\"wp-block-separator has-alpha-channel-opacity is-style-wide\"\/>\n","protected":false},"excerpt":{"rendered":"<p>Wei\u00dfspitzen-Riffhai Whitetip reef shark&nbsp; (Triaenodon obesus&nbsp;) Gr\u00f6\u00dfe: bis 1,60 m Lebensraum: Korallen- und Felsenriffe Vorkommen: in alle tropischen Gebieten des Indopazifik Erkennungsmerkmale: Der obere Teil der Schwanzflosse ist extrem verl\u00e4ngert und kann die L\u00e4nge des K\u00f6rpers erreichen . Unverwechselbare Erscheinung. Biologie &amp; Verhalten: Den Wei\u00dfspitzen Riffhai trifft man h\u00e4ufig und er ist harmlos. Den Tag &hellip; <\/p>\n<p class=\"link-more\"><a href=\"https:\/\/alles-ueber-riffe.de\/?page_id=900\" class=\"more-link\"><span class=\"screen-reader-text\">\u201eWei\u00dfspitzen-Riffhai\u201c<\/span> weiterlesen<\/a><\/p>\n","protected":false},"author":1,"featured_media":0,"parent":0,"menu_order":0,"comment_status":"closed","ping_status":"closed","template":"","meta":{"footnotes":""},"class_list":["post-900","page","type-page","status-publish","hentry"],"_links":{"self":[{"href":"https:\/\/alles-ueber-riffe.de\/index.php?rest_route=\/wp\/v2\/pages\/900","targetHints":{"allow":["GET"]}}],"collection":[{"href":"https:\/\/alles-ueber-riffe.de\/index.php?rest_route=\/wp\/v2\/pages"}],"about":[{"href":"https:\/\/alles-ueber-riffe.de\/index.php?rest_route=\/wp\/v2\/types\/page"}],"author":[{"embeddable":true,"href":"https:\/\/alles-ueber-riffe.de\/index.php?rest_route=\/wp\/v2\/users\/1"}],"replies":[{"embeddable":true,"href":"https:\/\/alles-ueber-riffe.de\/index.php?rest_route=%2Fwp%2Fv2%2Fcomments&post=900"}],"version-history":[{"count":5,"href":"https:\/\/alles-ueber-riffe.de\/index.php?rest_route=\/wp\/v2\/pages\/900\/revisions"}],"predecessor-version":[{"id":9006,"href":"https:\/\/alles-ueber-riffe.de\/index.php?rest_route=\/wp\/v2\/pages\/900\/revisions\/9006"}],"wp:attachment":[{"href":"https:\/\/alles-ueber-riffe.de\/index.php?rest_route=%2Fwp%2Fv2%2Fmedia&parent=900"}],"curies":[{"name":"wp","href":"https:\/\/api.w.org\/{rel}","templated":true}]}}