{"id":9,"date":"2024-09-30T15:49:53","date_gmt":"2024-09-30T15:49:53","guid":{"rendered":"https:\/\/alles-ueber-riffe.de\/?page_id=9"},"modified":"2024-11-01T16:57:54","modified_gmt":"2024-11-01T16:57:54","slug":"ueber-uns","status":"publish","type":"page","link":"https:\/\/alles-ueber-riffe.de\/?page_id=9","title":{"rendered":"\u00dcber uns"},"content":{"rendered":"\n<p>Die Idee zu diesem besonderen Rifff\u00fchrer entstand auf Weltkorallenriffkonferenz ICRS 2021\/22 in Bremen. Alle vier Jahre finden diese Weltkorallenriffkonferenzen statt und tausende von Forschenden treffen sich, um ihre neuesten Erkenntnisse \u00fcber Biologie, Artenreichtum, Bedrohungen und Schutzma\u00dfnahmen der Riffe zu diskutieren.&nbsp;<\/p>\n\n\n\n<figure class=\"wp-block-image size-full is-resized\"><img loading=\"lazy\" decoding=\"async\" width=\"320\" height=\"104\" src=\"https:\/\/alles-ueber-riffe.de\/wp-content\/uploads\/2024\/10\/UBBC001-21-159_CD-Logo2022-Signatur-mail.png\" alt=\"\" class=\"wp-image-832\" style=\"width:551px;height:auto\" srcset=\"https:\/\/alles-ueber-riffe.de\/wp-content\/uploads\/2024\/10\/UBBC001-21-159_CD-Logo2022-Signatur-mail.png 320w, https:\/\/alles-ueber-riffe.de\/wp-content\/uploads\/2024\/10\/UBBC001-21-159_CD-Logo2022-Signatur-mail-300x98.png 300w\" sizes=\"auto, (max-width: 320px) 100vw, 320px\" \/><\/figure>\n\n\n\n<p>Die konkreten Pl\u00e4ne zur Realisation wurden auf der philippinischen Insel Negros geschmiedet. Der n\u00e4chste Mangrovenwald und das vorgelagerte Korallenriff nur einen Steinwurf entfernt. Kein schlechter Ort f\u00fcr ein solches Vorhaben, denn die Riffe um Negros geh\u00f6ren zu den artenreichsten der Welt. Bei jedem Tauchgang sieht man seltenes, noch nie gesehenes und teilweise v\u00f6llig Unbekanntes. Selbst f\u00fcr Wissenschaftler: innen ist die Bestimmung eine Herausforderung. Doch im Grunde gilt dies f\u00fcr alle Riffe der Erde: \u00dcberall atemberaubende Vielfalt.<\/p>\n\n\n\n<p>Diesem Artenreichtum stellt sich unser Team. <\/p>\n\n\n\n<p>Prof. Dr. Christian Wild, von der Universit\u00e4t Bremen und Vorsitzender des ICRS 2021\/22 und Dr. G\u00f6tz Reinicke vom Deutschen Meeresmuseum in Stralsund achten darauf, dass die Korallen richtig bestimmt sind.&nbsp;<\/p>\n\n\n\n<p>Viele der Bilder der Hartkorallen stammen von Prof. Dr.  Helmut Schuhmacher, der leider 2023 verstorben ist. Das Deutsche Meeresmuseums Stralsund, vertreten durch Dr. Bodo-G\u00f6tz Reinicke digitalisierte zusammen mit imageBROKER.com und edustock.org den bedeutenden fotografischen Nachlass, damit er sowohl der Forschung als auch der \u00d6ffentlichkeit zur Verf\u00fcgung steht.<\/p>\n\n\n\n<p>Dr. Simon Jungblut von der Universit\u00e4t hilft als Spezialist f\u00fcr Krustentiere und andere Wirbellose.<\/p>\n\n\n\n<p>Heinz Krimmer, Autor des Kosmos-Verlages k\u00fcmmert sich um die Fische. Von ihm stammen auch die meisten Bilder, Videos und Texte. Genial erg\u00e4nzt durch Fotografien von Joris Rombouts, der mit gro\u00dfer Flei\u00dfarbeit \u00fcber Jahrzehnte eine der gr\u00f6\u00dften fotografischen Artdokumentationen der Riffe S\u00fcdostasiens (www.myreefguide.com) in Jahre langer Arbeit zusammenstellte. Mit seinem tollem Bildarchiv, vor allem seltener Arten tr\u00e4gt er ma\u00dfgeblich zum gro\u00dfen Umfang des Rifff\u00fchrers bei. Viele sch\u00f6ne Videos stellte auch die Unterwasserfilmerin Suus Berger zur Verf\u00fcgung. Petra Mandel, Tomas Kotouc, die Bildagentur imageBROKER.com und viele andere unterst\u00fctzten uns ebenfalls mit gro\u00dfartigen Fotos. Sie werden jeweils mit Namen bei den einzelnen Artenseiten genannt.<\/p>\n\n\n\n<p>So wurde &#8222;Alles \u00fcber Riffe&#8220; zu einer runden Sache. \u00dcbrigens gibt es die Webseite auch in englischer Sprache: www-all-about-reefs.com<\/p>\n\n\n\n<p><\/p>\n","protected":false},"excerpt":{"rendered":"<p>Die Idee zu diesem besonderen Rifff\u00fchrer entstand auf Weltkorallenriffkonferenz ICRS 2021\/22 in Bremen. Alle vier Jahre finden diese Weltkorallenriffkonferenzen statt und tausende von Forschenden treffen sich, um ihre neuesten Erkenntnisse \u00fcber Biologie, Artenreichtum, Bedrohungen und Schutzma\u00dfnahmen der Riffe zu diskutieren.&nbsp; Die konkreten Pl\u00e4ne zur Realisation wurden auf der philippinischen Insel Negros geschmiedet. Der n\u00e4chste Mangrovenwald &hellip; <\/p>\n<p class=\"link-more\"><a href=\"https:\/\/alles-ueber-riffe.de\/?page_id=9\" class=\"more-link\"><span class=\"screen-reader-text\">\u201e\u00dcber uns\u201c<\/span> weiterlesen<\/a><\/p>\n","protected":false},"author":1,"featured_media":430,"parent":0,"menu_order":0,"comment_status":"closed","ping_status":"closed","template":"","meta":{"footnotes":""},"class_list":["post-9","page","type-page","status-publish","has-post-thumbnail","hentry"],"_links":{"self":[{"href":"https:\/\/alles-ueber-riffe.de\/index.php?rest_route=\/wp\/v2\/pages\/9","targetHints":{"allow":["GET"]}}],"collection":[{"href":"https:\/\/alles-ueber-riffe.de\/index.php?rest_route=\/wp\/v2\/pages"}],"about":[{"href":"https:\/\/alles-ueber-riffe.de\/index.php?rest_route=\/wp\/v2\/types\/page"}],"author":[{"embeddable":true,"href":"https:\/\/alles-ueber-riffe.de\/index.php?rest_route=\/wp\/v2\/users\/1"}],"replies":[{"embeddable":true,"href":"https:\/\/alles-ueber-riffe.de\/index.php?rest_route=%2Fwp%2Fv2%2Fcomments&post=9"}],"version-history":[{"count":9,"href":"https:\/\/alles-ueber-riffe.de\/index.php?rest_route=\/wp\/v2\/pages\/9\/revisions"}],"predecessor-version":[{"id":1890,"href":"https:\/\/alles-ueber-riffe.de\/index.php?rest_route=\/wp\/v2\/pages\/9\/revisions\/1890"}],"wp:featuredmedia":[{"embeddable":true,"href":"https:\/\/alles-ueber-riffe.de\/index.php?rest_route=\/wp\/v2\/media\/430"}],"wp:attachment":[{"href":"https:\/\/alles-ueber-riffe.de\/index.php?rest_route=%2Fwp%2Fv2%2Fmedia&parent=9"}],"curies":[{"name":"wp","href":"https:\/\/api.w.org\/{rel}","templated":true}]}}