{"id":898,"date":"2024-10-16T17:59:29","date_gmt":"2024-10-16T17:59:29","guid":{"rendered":"https:\/\/alles-ueber-riffe.de\/?page_id=898"},"modified":"2025-02-06T16:20:51","modified_gmt":"2025-02-06T16:20:51","slug":"weisspitzen-hochseehai","status":"publish","type":"page","link":"https:\/\/alles-ueber-riffe.de\/?page_id=898","title":{"rendered":"Wei\u00dfspitzen-Hochseehai"},"content":{"rendered":"\n<div class=\"wp-block-group is-vertical is-layout-flex wp-container-core-group-is-layout-8cf370e7 wp-block-group-is-layout-flex\">\n<p><strong>Wei\u00dfspitzen-Hochseehai<\/strong><\/p>\n\n\n\n<p>Oceanic whitetip shark&nbsp;<\/p>\n\n\n\n<p><em>(Carcharhinus longimanus&nbsp;<em style=\"font-size: revert;\">)<\/em><\/em><\/p>\n<\/div>\n\n\n\n<div style=\"height:50px\" aria-hidden=\"true\" class=\"wp-block-spacer\"><\/div>\n\n\n\n<figure class=\"wp-block-video\"><video height=\"576\" style=\"aspect-ratio: 1024 \/ 576;\" width=\"1024\" controls src=\"https:\/\/alles-ueber-riffe.de\/wp-content\/uploads\/2024\/10\/Weissspitzen-Hochseehai_1024x576.mp4\"><\/video><figcaption class=\"wp-element-caption\"><em>\u00a9 Heinz Krimmer<\/em><\/figcaption><\/figure>\n\n\n\n<div style=\"height:50px\" aria-hidden=\"true\" class=\"wp-block-spacer\"><\/div>\n\n\n\n<p><strong>Gr\u00f6\u00dfe: <\/strong> bis 3,90 m<\/p>\n\n\n\n<p><strong>Lebensraum:<\/strong> Jungtiere bis zu 2 m sind an abgelegenen Riffen anzutreffen. Adulte Tiere leben pelagisch.<\/p>\n\n\n\n<p><strong>Vorkommen:  <\/strong> in allen tropischen Regionen aller Ozeane<\/p>\n\n\n\n<p><strong>Erkennungsmerkmale: <\/strong> Die Enden der gro\u00dfen und breiten Brust- und&nbsp;der<em>&nbsp;<\/em>ersten R\u00fcckenflossen sind rund und haben einen gro\u00dfen wei\u00dfen Fleck.&nbsp;<\/p>\n\n\n\n<p><strong>Biologie &amp; Verhalten: <\/strong> ei\u00dfspitzen-Hochseehaie sind neugierig und haben keine Angst, weshalb sie sich Tauchern und Schnorchlern bis auf wenige Zentimeter n\u00e4hern. Sie suchen an der Meeresoberfl\u00e4che nach verletzten, kranken, aber auch toten Tieren.<\/p>\n\n\n\n<p>Wei\u00dfspitzen-Hochseehaie sind seit dem 16. Jahrhundert bekannt daf\u00fcr, dass sie Schiffen folgen. Seefahrer nannten sie \u201eSea dogs\u201c: Meereshunde. Offensichtlich haben die Haie gelernt, dass Schiffe potentielle Nahrungsquellen sind. Wenn sie nicht abstauben, was \u00fcber Bord geht, ern\u00e4hren sie sich von Makrelen, Thunfischen und anderen pelagisch lebenden Fischen. Wei\u00dfspitzen-Hochseehaie durchstreifen als Einzelg\u00e4nger die Ozeane.<\/p>\n\n\n\n<p>Die Hochseefischerei hat diesen wundersch\u00f6nen und fr\u00fcher h\u00e4ufigen Hai inzwischen so stark dezimiert, dass er leider nur noch selten anzutreffen ist. In manchen Regionen gilt er schon als ausgestorben.<\/p>\n\n\n\n<p><strong>Gefahr:<\/strong> Jaques Cousteau hielt den Wei\u00dfspitzen-Hochseehai f\u00fcr den gef\u00e4hrlichsten Hai. Daf\u00fcr gibt es durchaus Argumente. Dass sich diese Theorie nicht in der Haiunfallstatistik niederschl\u00e4gt, liegt daran, dass sich Menschen im Lebensraum dieses Haies gew\u00f6hnlich nicht aufhalten. Ist man Schiffbr\u00fcchiger hat man ein Problem, denn f\u00fcr diese ist er eindeutig der gef\u00e4hrlichste Hai. Das belegen zahlreiche Zeugenaussagen. Die \u00dcberlebenden des im Zweiten Weltkrieg im Pazifik versenkten Kriegschiffes \u201eUSS Indianapolis\u201c sind daf\u00fcr ein gutes Beispiel. Nach wie vor gilt dieses Ungl\u00fcck als die gr\u00f6\u00dfte bekannte Schiffskatastrophe, in der Haie f\u00fcr viele Todesopfer verantwortlich waren.<\/p>\n\n\n\n<p>Auch fast alle schweren Haiunf\u00e4lle in \u00c4gypten gehen auf diesen Hai zur\u00fcck. Der Hauptgrund f\u00fcr die Unf\u00e4lle dort ist das Anf\u00fcttern der Haie.<\/p>\n\n\n\n<p><strong>Bedrohungsstatus:<\/strong> Auf der Roten Liste der IUCN besitzt er den Status \u201ebedroht\u201c.<\/p>\n\n\n\n<p><strong>Video:<\/strong> \u00a9 Petra Mandel<\/p>\n\n\n\n<hr class=\"wp-block-separator has-alpha-channel-opacity is-style-wide\"\/>\n","protected":false},"excerpt":{"rendered":"<p>Wei\u00dfspitzen-Hochseehai Oceanic whitetip shark&nbsp; (Carcharhinus longimanus&nbsp;) Gr\u00f6\u00dfe: bis 3,90 m Lebensraum: Jungtiere bis zu 2 m sind an abgelegenen Riffen anzutreffen. Adulte Tiere leben pelagisch. Vorkommen: in allen tropischen Regionen aller Ozeane Erkennungsmerkmale: Die Enden der gro\u00dfen und breiten Brust- und&nbsp;der&nbsp;ersten R\u00fcckenflossen sind rund und haben einen gro\u00dfen wei\u00dfen Fleck.&nbsp; Biologie &amp; Verhalten: ei\u00dfspitzen-Hochseehaie sind &hellip; <\/p>\n<p class=\"link-more\"><a href=\"https:\/\/alles-ueber-riffe.de\/?page_id=898\" class=\"more-link\"><span class=\"screen-reader-text\">\u201eWei\u00dfspitzen-Hochseehai\u201c<\/span> weiterlesen<\/a><\/p>\n","protected":false},"author":1,"featured_media":0,"parent":0,"menu_order":0,"comment_status":"closed","ping_status":"closed","template":"","meta":{"footnotes":""},"class_list":["post-898","page","type-page","status-publish","hentry"],"_links":{"self":[{"href":"https:\/\/alles-ueber-riffe.de\/index.php?rest_route=\/wp\/v2\/pages\/898","targetHints":{"allow":["GET"]}}],"collection":[{"href":"https:\/\/alles-ueber-riffe.de\/index.php?rest_route=\/wp\/v2\/pages"}],"about":[{"href":"https:\/\/alles-ueber-riffe.de\/index.php?rest_route=\/wp\/v2\/types\/page"}],"author":[{"embeddable":true,"href":"https:\/\/alles-ueber-riffe.de\/index.php?rest_route=\/wp\/v2\/users\/1"}],"replies":[{"embeddable":true,"href":"https:\/\/alles-ueber-riffe.de\/index.php?rest_route=%2Fwp%2Fv2%2Fcomments&post=898"}],"version-history":[{"count":6,"href":"https:\/\/alles-ueber-riffe.de\/index.php?rest_route=\/wp\/v2\/pages\/898\/revisions"}],"predecessor-version":[{"id":9005,"href":"https:\/\/alles-ueber-riffe.de\/index.php?rest_route=\/wp\/v2\/pages\/898\/revisions\/9005"}],"wp:attachment":[{"href":"https:\/\/alles-ueber-riffe.de\/index.php?rest_route=%2Fwp%2Fv2%2Fmedia&parent=898"}],"curies":[{"name":"wp","href":"https:\/\/api.w.org\/{rel}","templated":true}]}}