{"id":896,"date":"2024-10-16T17:59:10","date_gmt":"2024-10-16T17:59:10","guid":{"rendered":"https:\/\/alles-ueber-riffe.de\/?page_id=896"},"modified":"2025-02-06T16:20:22","modified_gmt":"2025-02-06T16:20:22","slug":"weissgepunkteter-bambushai","status":"publish","type":"page","link":"https:\/\/alles-ueber-riffe.de\/?page_id=896","title":{"rendered":"Wei\u00dfgepunkteter Bambushai"},"content":{"rendered":"\n<div class=\"wp-block-group is-vertical is-layout-flex wp-container-core-group-is-layout-8cf370e7 wp-block-group-is-layout-flex\">\n<p><strong>Wei\u00dfgepunkteter Bambushai<\/strong><\/p>\n\n\n\n<p>Whitespotted bamboo shark<\/p>\n\n\n\n<p><em>(Chiloscyllium plagiosum<em style=\"font-size: revert;\">)<\/em><\/em><\/p>\n<\/div>\n\n\n\n<div style=\"height:50px\" aria-hidden=\"true\" class=\"wp-block-spacer\"><\/div>\n\n\n\n<figure class=\"wp-block-image size-full\"><img loading=\"lazy\" decoding=\"async\" width=\"1024\" height=\"768\" src=\"https:\/\/alles-ueber-riffe.de\/wp-content\/uploads\/2024\/10\/Weissgepunkteter-Bambushai_1024x768.jpg\" alt=\"\" class=\"wp-image-1042\" srcset=\"https:\/\/alles-ueber-riffe.de\/wp-content\/uploads\/2024\/10\/Weissgepunkteter-Bambushai_1024x768.jpg 1024w, https:\/\/alles-ueber-riffe.de\/wp-content\/uploads\/2024\/10\/Weissgepunkteter-Bambushai_1024x768-300x225.jpg 300w, https:\/\/alles-ueber-riffe.de\/wp-content\/uploads\/2024\/10\/Weissgepunkteter-Bambushai_1024x768-768x576.jpg 768w\" sizes=\"auto, (max-width: 767px) 89vw, (max-width: 1000px) 54vw, (max-width: 1071px) 543px, 580px\" \/><figcaption class=\"wp-element-caption\"><em>\u00a9 Heinz Krimmer<\/em><\/figcaption><\/figure>\n\n\n\n<div style=\"height:50px\" aria-hidden=\"true\" class=\"wp-block-spacer\"><\/div>\n\n\n\n<p><strong>Gr\u00f6\u00dfe: <\/strong> bis 0,90 m<\/p>\n\n\n\n<p><strong>Lebensraum:<\/strong> Korallenriffe<\/p>\n\n\n\n<p><strong>Vorkommen:  <\/strong>Indien, Thailand, Indonesien, Papua-Neuguinea, Philippinen, Vietnam, S\u00fcdjapan, Korea<\/p>\n\n\n\n<p><strong>Erkennungsmerkmale: <\/strong> dunkelbraune und helle breite Streifen mit kleinen wei\u00dfen Punkten<\/p>\n\n\n\n<p><strong>Biologie &amp; Verhalten: <\/strong> Jungfernzeugung ist auch beim Wei\u00dfgepunktetem Bambushai m\u00f6glich. Der Nachwuchs entsteht aus unbefruchteten Eizellen. M\u00e4nnchen werden nicht gebraucht. Des weiteren geh\u00f6ren sie zu den wenigen Haiarten, die Eier legen.<\/p>\n\n\n\n<p>Bambushaie geh\u00f6ren zu den Ammenhaiartigen und leben wie diese auf dem Boden der Korallenriffe. Wie alle bodenlebenden Haie, m\u00fcssen sie deshalb nicht schwimmen, um atmen zu k\u00f6nnen, sondern \u201epumpen\u201c das Meerwasser vom Maul durch die Kiemen. Der Wei\u00dfgepunktete Bambushai wurde schon erfolgreich in Gefangenschaft gez\u00fcchtet. Die Hauptnahrung besteht aus auf und im Boden lebenden Wirbellosen.<\/p>\n\n\n\n<p><strong>Gefahr:<\/strong> Bambushaie sind harmlos.<\/p>\n\n\n\n<p><strong>Bedrohungsstatus:<\/strong> Auf der Roten Liste der IUCN wird der&nbsp;Wei\u00dfgepunkteter Bambushai&nbsp;als \u201eGef\u00e4hrdung zunehmend\u201c gef\u00fchrt.<\/p>\n\n\n\n<p><strong>Foto:<\/strong> \u00a9 Heinz Krimmer<\/p>\n\n\n\n<hr class=\"wp-block-separator has-alpha-channel-opacity is-style-wide\"\/>\n","protected":false},"excerpt":{"rendered":"<p>Wei\u00dfgepunkteter Bambushai Whitespotted bamboo shark (Chiloscyllium plagiosum) Gr\u00f6\u00dfe: bis 0,90 m Lebensraum: Korallenriffe Vorkommen: Indien, Thailand, Indonesien, Papua-Neuguinea, Philippinen, Vietnam, S\u00fcdjapan, Korea Erkennungsmerkmale: dunkelbraune und helle breite Streifen mit kleinen wei\u00dfen Punkten Biologie &amp; Verhalten: Jungfernzeugung ist auch beim Wei\u00dfgepunktetem Bambushai m\u00f6glich. Der Nachwuchs entsteht aus unbefruchteten Eizellen. M\u00e4nnchen werden nicht gebraucht. Des weiteren geh\u00f6ren &hellip; <\/p>\n<p class=\"link-more\"><a href=\"https:\/\/alles-ueber-riffe.de\/?page_id=896\" class=\"more-link\"><span class=\"screen-reader-text\">\u201eWei\u00dfgepunkteter Bambushai\u201c<\/span> weiterlesen<\/a><\/p>\n","protected":false},"author":1,"featured_media":0,"parent":0,"menu_order":0,"comment_status":"closed","ping_status":"closed","template":"","meta":{"footnotes":""},"class_list":["post-896","page","type-page","status-publish","hentry"],"_links":{"self":[{"href":"https:\/\/alles-ueber-riffe.de\/index.php?rest_route=\/wp\/v2\/pages\/896","targetHints":{"allow":["GET"]}}],"collection":[{"href":"https:\/\/alles-ueber-riffe.de\/index.php?rest_route=\/wp\/v2\/pages"}],"about":[{"href":"https:\/\/alles-ueber-riffe.de\/index.php?rest_route=\/wp\/v2\/types\/page"}],"author":[{"embeddable":true,"href":"https:\/\/alles-ueber-riffe.de\/index.php?rest_route=\/wp\/v2\/users\/1"}],"replies":[{"embeddable":true,"href":"https:\/\/alles-ueber-riffe.de\/index.php?rest_route=%2Fwp%2Fv2%2Fcomments&post=896"}],"version-history":[{"count":7,"href":"https:\/\/alles-ueber-riffe.de\/index.php?rest_route=\/wp\/v2\/pages\/896\/revisions"}],"predecessor-version":[{"id":9004,"href":"https:\/\/alles-ueber-riffe.de\/index.php?rest_route=\/wp\/v2\/pages\/896\/revisions\/9004"}],"wp:attachment":[{"href":"https:\/\/alles-ueber-riffe.de\/index.php?rest_route=%2Fwp%2Fv2%2Fmedia&parent=896"}],"curies":[{"name":"wp","href":"https:\/\/api.w.org\/{rel}","templated":true}]}}