{"id":890,"date":"2024-10-16T17:58:15","date_gmt":"2024-10-16T17:58:15","guid":{"rendered":"https:\/\/alles-ueber-riffe.de\/?page_id=890"},"modified":"2025-02-06T16:18:36","modified_gmt":"2025-02-06T16:18:36","slug":"silberspitzenhai","status":"publish","type":"page","link":"https:\/\/alles-ueber-riffe.de\/?page_id=890","title":{"rendered":"Silberspitzenhai"},"content":{"rendered":"\n<div class=\"wp-block-group is-vertical is-layout-flex wp-container-core-group-is-layout-8cf370e7 wp-block-group-is-layout-flex\">\n<p><strong>Silberspitzenhai<\/strong><\/p>\n\n\n\n<p>Silvertip shark<\/p>\n\n\n\n<p><em>(Carcharhinus albimarginatus<em style=\"font-size: revert;\">)<\/em><\/em><\/p>\n<\/div>\n\n\n\n<div style=\"height:50px\" aria-hidden=\"true\" class=\"wp-block-spacer\"><\/div>\n\n\n\n<figure class=\"wp-block-image size-full\"><img loading=\"lazy\" decoding=\"async\" width=\"1024\" height=\"768\" src=\"https:\/\/alles-ueber-riffe.de\/wp-content\/uploads\/2024\/10\/Silberspitzenhai_1024x768.jpg\" alt=\"\" class=\"wp-image-1026\" srcset=\"https:\/\/alles-ueber-riffe.de\/wp-content\/uploads\/2024\/10\/Silberspitzenhai_1024x768.jpg 1024w, https:\/\/alles-ueber-riffe.de\/wp-content\/uploads\/2024\/10\/Silberspitzenhai_1024x768-300x225.jpg 300w, https:\/\/alles-ueber-riffe.de\/wp-content\/uploads\/2024\/10\/Silberspitzenhai_1024x768-768x576.jpg 768w\" sizes=\"auto, (max-width: 767px) 89vw, (max-width: 1000px) 54vw, (max-width: 1071px) 543px, 580px\" \/><figcaption class=\"wp-element-caption\"><em>\u00a9 Tomas Kotouc<\/em><\/figcaption><\/figure>\n\n\n\n<div style=\"height:50px\" aria-hidden=\"true\" class=\"wp-block-spacer\"><\/div>\n\n\n\n<p><strong>Gr\u00f6\u00dfe: <\/strong> bis 2,80 m<\/p>\n\n\n\n<p><strong>Lebensraum:<\/strong>  pelagisch; gelegentlich in Riffn\u00e4he<\/p>\n\n\n\n<p><strong>Vorkommen:  <\/strong> im tropischen Bereich aller Ozeane<\/p>\n\n\n\n<p><strong>Erkennungsmerkmale: <\/strong>alle Flossen mit wei\u00dfen R\u00e4ndern und Spitzen<\/p>\n\n\n\n<p><strong>Biologie &amp; Verhalten: <\/strong> Silberspitzenhaie sind dominante Haie. Wenn es um Reviere und Futter geht, zeigen sie nicht nur aggressives Verhalten gegen Artgenossen, sondern auch gegen andere Haie gleicher Gr\u00f6\u00dfe, wie z.B. Schwarzspitzen-Riffhaie oder Galapagoshaie. Sie ern\u00e4hren sich mit Vorliebe von Fischen.<\/p>\n\n\n\n<p><strong>Gefahr:<\/strong> Silberspitzenhaie sind harmlos.<\/p>\n\n\n\n<p><strong>Bedrohungsstatus:<\/strong> Auf der Roten Liste der IUCN besitzt er den Status \u201e gering gef\u00e4hrdet\u201c.<\/p>\n\n\n\n<p><strong>Foto:<\/strong> \u00a9 Tomas Kotouc<\/p>\n\n\n\n<hr class=\"wp-block-separator has-alpha-channel-opacity is-style-wide\"\/>\n","protected":false},"excerpt":{"rendered":"<p>Silberspitzenhai Silvertip shark (Carcharhinus albimarginatus) Gr\u00f6\u00dfe: bis 2,80 m Lebensraum: pelagisch; gelegentlich in Riffn\u00e4he Vorkommen: im tropischen Bereich aller Ozeane Erkennungsmerkmale: alle Flossen mit wei\u00dfen R\u00e4ndern und Spitzen Biologie &amp; Verhalten: Silberspitzenhaie sind dominante Haie. Wenn es um Reviere und Futter geht, zeigen sie nicht nur aggressives Verhalten gegen Artgenossen, sondern auch gegen andere Haie &hellip; <\/p>\n<p class=\"link-more\"><a href=\"https:\/\/alles-ueber-riffe.de\/?page_id=890\" class=\"more-link\"><span class=\"screen-reader-text\">\u201eSilberspitzenhai\u201c<\/span> weiterlesen<\/a><\/p>\n","protected":false},"author":1,"featured_media":0,"parent":0,"menu_order":0,"comment_status":"closed","ping_status":"closed","template":"","meta":{"footnotes":""},"class_list":["post-890","page","type-page","status-publish","hentry"],"_links":{"self":[{"href":"https:\/\/alles-ueber-riffe.de\/index.php?rest_route=\/wp\/v2\/pages\/890","targetHints":{"allow":["GET"]}}],"collection":[{"href":"https:\/\/alles-ueber-riffe.de\/index.php?rest_route=\/wp\/v2\/pages"}],"about":[{"href":"https:\/\/alles-ueber-riffe.de\/index.php?rest_route=\/wp\/v2\/types\/page"}],"author":[{"embeddable":true,"href":"https:\/\/alles-ueber-riffe.de\/index.php?rest_route=\/wp\/v2\/users\/1"}],"replies":[{"embeddable":true,"href":"https:\/\/alles-ueber-riffe.de\/index.php?rest_route=%2Fwp%2Fv2%2Fcomments&post=890"}],"version-history":[{"count":7,"href":"https:\/\/alles-ueber-riffe.de\/index.php?rest_route=\/wp\/v2\/pages\/890\/revisions"}],"predecessor-version":[{"id":9000,"href":"https:\/\/alles-ueber-riffe.de\/index.php?rest_route=\/wp\/v2\/pages\/890\/revisions\/9000"}],"wp:attachment":[{"href":"https:\/\/alles-ueber-riffe.de\/index.php?rest_route=%2Fwp%2Fv2%2Fmedia&parent=890"}],"curies":[{"name":"wp","href":"https:\/\/api.w.org\/{rel}","templated":true}]}}