{"id":888,"date":"2024-10-16T17:57:54","date_gmt":"2024-10-16T17:57:54","guid":{"rendered":"https:\/\/alles-ueber-riffe.de\/?page_id=888"},"modified":"2025-02-06T16:18:04","modified_gmt":"2025-02-06T16:18:04","slug":"seidenhai","status":"publish","type":"page","link":"https:\/\/alles-ueber-riffe.de\/?page_id=888","title":{"rendered":"Seidenhai"},"content":{"rendered":"\n<div class=\"wp-block-group is-vertical is-layout-flex wp-container-core-group-is-layout-8cf370e7 wp-block-group-is-layout-flex\">\n<p><strong>Seidenhai<\/strong><\/p>\n\n\n\n<p>Silky shark<\/p>\n\n\n\n<p><em>(Carcharhinus falciformis&nbsp;<em style=\"font-size: revert;\">)<\/em><\/em><\/p>\n<\/div>\n\n\n\n<div style=\"height:50px\" aria-hidden=\"true\" class=\"wp-block-spacer\"><\/div>\n\n\n\n<figure class=\"wp-block-image size-full\"><img loading=\"lazy\" decoding=\"async\" width=\"1024\" height=\"768\" src=\"https:\/\/alles-ueber-riffe.de\/wp-content\/uploads\/2024\/10\/Seidenhai_1024x768.jpg\" alt=\"\" class=\"wp-image-1022\" srcset=\"https:\/\/alles-ueber-riffe.de\/wp-content\/uploads\/2024\/10\/Seidenhai_1024x768.jpg 1024w, https:\/\/alles-ueber-riffe.de\/wp-content\/uploads\/2024\/10\/Seidenhai_1024x768-300x225.jpg 300w, https:\/\/alles-ueber-riffe.de\/wp-content\/uploads\/2024\/10\/Seidenhai_1024x768-768x576.jpg 768w\" sizes=\"auto, (max-width: 767px) 89vw, (max-width: 1000px) 54vw, (max-width: 1071px) 543px, 580px\" \/><figcaption class=\"wp-element-caption\"><em>\u00a9 Tomas Kotouc<\/em><\/figcaption><\/figure>\n\n\n\n<div style=\"height:50px\" aria-hidden=\"true\" class=\"wp-block-spacer\"><\/div>\n\n\n\n<p><strong>Gr\u00f6\u00dfe: <\/strong> bis 2,50 m<\/p>\n\n\n\n<p><strong>Lebensraum:<\/strong>  pelagisch; gelegentlich in Riffn\u00e4he<\/p>\n\n\n\n<p><strong>Vorkommen:  <\/strong> im subtropischen und tropischen Bereich aller Ozeane<\/p>\n\n\n\n<p><strong>Erkennungsmerkmale: <\/strong> spitze Schnauze; die Haut zeigt bei entsprechendem Licht einen seidenen Glanz<\/p>\n\n\n\n<p><strong>Biologie &amp; Verhalten: <\/strong> Der Seidenhai ist ein echter Kosmopolit. Obwohl er \u00fcberall vorkommt, ist eine Begegnung auf Grund seiner \u00fcberwiegend pelagischen Lebensweise selten. Und wenn, dann verl\u00e4uft die Begegnung friedlich. An einigen wenigen Orten wie z.B. Malpelo besteht eine sehr gro\u00dfe Chance, ihn zu sehen. Hier taucht er ab und zu in Schw\u00e4rmen von Hunderten von Tieren auf.<\/p>\n\n\n\n<p>Seidenhaie&nbsp;fressen vorwiegend Schwarmfische. Thunfische geh\u00f6ren zur bevorzugten Beute, weshalb sie oft in deren N\u00e4he anzutreffen sind.&nbsp;Sie&nbsp;wurden dabei beobachtet, wie sie Schwarmfische zu einem Baitball zusammentrieben.&nbsp;Diese Jagdstrategie&nbsp;ist f\u00fcr Haie ungew\u00f6hnlich.&nbsp;<\/p>\n\n\n\n<p>Seidenhaie wandern viel. Pro Tag legen sie bis zu 60 km zur\u00fcck. Wanderungen von bis zu 1400 km konnten bisher nachgewiesen werden. Ihr H\u00f6rverm\u00f6gen ist exzellent. Besonders niedrige Frequenzen k\u00f6nnen sie \u00fcber gro\u00dfe Entfernungen wahrnehmen. Solche Frequenzen erzeugen z.B. verletzte Tiere.<\/p>\n\n\n\n<p>Seidenhaie wurden von den deutschen Biologen Johannes M\u00fcller und Jakob Henle 1839 zum ersten Mal beschrieben.<\/p>\n\n\n\n<p><strong>Gefahr:<\/strong> Seidenhaie sind harmlos.<\/p>\n\n\n\n<p><strong>Bedrohungsstatus:<\/strong> Auf der Roten Liste der IUCN besitzt er den Status \u201e gering gef\u00e4hrdet\u201c.<\/p>\n\n\n\n<p><strong>Foto:<\/strong> \u00a9 Tomas Kotouc<\/p>\n\n\n\n<hr class=\"wp-block-separator has-alpha-channel-opacity is-style-wide\"\/>\n","protected":false},"excerpt":{"rendered":"<p>Seidenhai Silky shark (Carcharhinus falciformis&nbsp;) Gr\u00f6\u00dfe: bis 2,50 m Lebensraum: pelagisch; gelegentlich in Riffn\u00e4he Vorkommen: im subtropischen und tropischen Bereich aller Ozeane Erkennungsmerkmale: spitze Schnauze; die Haut zeigt bei entsprechendem Licht einen seidenen Glanz Biologie &amp; Verhalten: Der Seidenhai ist ein echter Kosmopolit. Obwohl er \u00fcberall vorkommt, ist eine Begegnung auf Grund seiner \u00fcberwiegend pelagischen &hellip; <\/p>\n<p class=\"link-more\"><a href=\"https:\/\/alles-ueber-riffe.de\/?page_id=888\" class=\"more-link\"><span class=\"screen-reader-text\">\u201eSeidenhai\u201c<\/span> weiterlesen<\/a><\/p>\n","protected":false},"author":1,"featured_media":0,"parent":0,"menu_order":0,"comment_status":"closed","ping_status":"closed","template":"","meta":{"footnotes":""},"class_list":["post-888","page","type-page","status-publish","hentry"],"_links":{"self":[{"href":"https:\/\/alles-ueber-riffe.de\/index.php?rest_route=\/wp\/v2\/pages\/888","targetHints":{"allow":["GET"]}}],"collection":[{"href":"https:\/\/alles-ueber-riffe.de\/index.php?rest_route=\/wp\/v2\/pages"}],"about":[{"href":"https:\/\/alles-ueber-riffe.de\/index.php?rest_route=\/wp\/v2\/types\/page"}],"author":[{"embeddable":true,"href":"https:\/\/alles-ueber-riffe.de\/index.php?rest_route=\/wp\/v2\/users\/1"}],"replies":[{"embeddable":true,"href":"https:\/\/alles-ueber-riffe.de\/index.php?rest_route=%2Fwp%2Fv2%2Fcomments&post=888"}],"version-history":[{"count":5,"href":"https:\/\/alles-ueber-riffe.de\/index.php?rest_route=\/wp\/v2\/pages\/888\/revisions"}],"predecessor-version":[{"id":8999,"href":"https:\/\/alles-ueber-riffe.de\/index.php?rest_route=\/wp\/v2\/pages\/888\/revisions\/8999"}],"wp:attachment":[{"href":"https:\/\/alles-ueber-riffe.de\/index.php?rest_route=%2Fwp%2Fv2%2Fmedia&parent=888"}],"curies":[{"name":"wp","href":"https:\/\/api.w.org\/{rel}","templated":true}]}}