{"id":883,"date":"2024-10-16T17:55:13","date_gmt":"2024-10-16T17:55:13","guid":{"rendered":"https:\/\/alles-ueber-riffe.de\/?page_id=883"},"modified":"2025-02-06T16:17:01","modified_gmt":"2025-02-06T16:17:01","slug":"schwarzspitzen-riffhai","status":"publish","type":"page","link":"https:\/\/alles-ueber-riffe.de\/?page_id=883","title":{"rendered":"Schwarzspitzen-Riffhai"},"content":{"rendered":"\n<div class=\"wp-block-group is-vertical is-layout-flex wp-container-core-group-is-layout-8cf370e7 wp-block-group-is-layout-flex\">\n<p><strong>Schwarzspitzen-Riffhai<\/strong><\/p>\n\n\n\n<p>Blacktip reef shark<\/p>\n\n\n\n<p><em>(Carcharhinus melanopterus&nbsp;<em style=\"font-size: revert;\">)<\/em><\/em><\/p>\n<\/div>\n\n\n\n<div style=\"height:50px\" aria-hidden=\"true\" class=\"wp-block-spacer\"><\/div>\n\n\n\n<figure class=\"wp-block-image size-full\"><img loading=\"lazy\" decoding=\"async\" width=\"1024\" height=\"768\" src=\"https:\/\/alles-ueber-riffe.de\/wp-content\/uploads\/2024\/10\/Schwarzspitzenriffhai_1024_768.jpg\" alt=\"\" class=\"wp-image-990\" srcset=\"https:\/\/alles-ueber-riffe.de\/wp-content\/uploads\/2024\/10\/Schwarzspitzenriffhai_1024_768.jpg 1024w, https:\/\/alles-ueber-riffe.de\/wp-content\/uploads\/2024\/10\/Schwarzspitzenriffhai_1024_768-300x225.jpg 300w, https:\/\/alles-ueber-riffe.de\/wp-content\/uploads\/2024\/10\/Schwarzspitzenriffhai_1024_768-768x576.jpg 768w\" sizes=\"auto, (max-width: 767px) 89vw, (max-width: 1000px) 54vw, (max-width: 1071px) 543px, 580px\" \/><figcaption class=\"wp-element-caption\"><em>\u00a9 Heinz Krimmer<\/em><\/figcaption><\/figure>\n\n\n\n<div style=\"height:50px\" aria-hidden=\"true\" class=\"wp-block-spacer\"><\/div>\n\n\n\n<p><strong>Gr\u00f6\u00dfe: <\/strong> bis 2,00 m<\/p>\n\n\n\n<p><strong>Lebensraum:<\/strong> Riffe und K\u00fcstengew\u00e4sser, bevorzugt im flachen Bereich<\/p>\n\n\n\n<p><strong>Vorkommen:  <\/strong>in allen subtropischen und tropischen&nbsp;Gebieten des Indopazifik aber nicht im Atlantik<\/p>\n\n\n\n<p><strong>Erkennungsmerkmale: <\/strong> die markante, schwarze Spitze der ersten R\u00fcckenflosse; Farbe grau bis graubraun, der Bauch hell<\/p>\n\n\n\n<p><strong>Biologie &amp; Verhalten: <\/strong> Weit verbreiteter und h\u00e4ufiger Riffhai. Auf den Malediven kommen juvenile Schwarzspitzenriffhaie abends oft in die Lagunen und sind vom Strand oder Steg aus zu beobachten. Adulte Tiere sind oft eher scheu. Bleibt man allerdings l\u00e4nger ruhig im Wasser, siegt oft die Neugierde, und eine Gruppe kommt bis auf wenige Meter heran, um mal kurz zu schauen was los ist.<\/p>\n\n\n\n<p><strong>Gefahr:<\/strong> harmlos.<\/p>\n\n\n\n<p><strong>Bedrohungsstatus:<\/strong> Auf der Roten Liste der IUCN besitzt er den Status \u201egef\u00e4hrdet\u201c.<\/p>\n\n\n\n<p><strong>Foto:<\/strong> \u00a9 Heinz Krimmer<\/p>\n\n\n\n<hr class=\"wp-block-separator has-alpha-channel-opacity is-style-wide\"\/>\n","protected":false},"excerpt":{"rendered":"<p>Schwarzspitzen-Riffhai Blacktip reef shark (Carcharhinus melanopterus&nbsp;) Gr\u00f6\u00dfe: bis 2,00 m Lebensraum: Riffe und K\u00fcstengew\u00e4sser, bevorzugt im flachen Bereich Vorkommen: in allen subtropischen und tropischen&nbsp;Gebieten des Indopazifik aber nicht im Atlantik Erkennungsmerkmale: die markante, schwarze Spitze der ersten R\u00fcckenflosse; Farbe grau bis graubraun, der Bauch hell Biologie &amp; Verhalten: Weit verbreiteter und h\u00e4ufiger Riffhai. Auf den &hellip; <\/p>\n<p class=\"link-more\"><a href=\"https:\/\/alles-ueber-riffe.de\/?page_id=883\" class=\"more-link\"><span class=\"screen-reader-text\">\u201eSchwarzspitzen-Riffhai\u201c<\/span> weiterlesen<\/a><\/p>\n","protected":false},"author":1,"featured_media":0,"parent":0,"menu_order":0,"comment_status":"closed","ping_status":"closed","template":"","meta":{"footnotes":""},"class_list":["post-883","page","type-page","status-publish","hentry"],"_links":{"self":[{"href":"https:\/\/alles-ueber-riffe.de\/index.php?rest_route=\/wp\/v2\/pages\/883","targetHints":{"allow":["GET"]}}],"collection":[{"href":"https:\/\/alles-ueber-riffe.de\/index.php?rest_route=\/wp\/v2\/pages"}],"about":[{"href":"https:\/\/alles-ueber-riffe.de\/index.php?rest_route=\/wp\/v2\/types\/page"}],"author":[{"embeddable":true,"href":"https:\/\/alles-ueber-riffe.de\/index.php?rest_route=\/wp\/v2\/users\/1"}],"replies":[{"embeddable":true,"href":"https:\/\/alles-ueber-riffe.de\/index.php?rest_route=%2Fwp%2Fv2%2Fcomments&post=883"}],"version-history":[{"count":4,"href":"https:\/\/alles-ueber-riffe.de\/index.php?rest_route=\/wp\/v2\/pages\/883\/revisions"}],"predecessor-version":[{"id":8996,"href":"https:\/\/alles-ueber-riffe.de\/index.php?rest_route=\/wp\/v2\/pages\/883\/revisions\/8996"}],"wp:attachment":[{"href":"https:\/\/alles-ueber-riffe.de\/index.php?rest_route=%2Fwp%2Fv2%2Fmedia&parent=883"}],"curies":[{"name":"wp","href":"https:\/\/api.w.org\/{rel}","templated":true}]}}