{"id":881,"date":"2024-10-16T17:54:47","date_gmt":"2024-10-16T17:54:47","guid":{"rendered":"https:\/\/alles-ueber-riffe.de\/?page_id=881"},"modified":"2025-02-06T16:16:38","modified_gmt":"2025-02-06T16:16:38","slug":"schildzahnhai","status":"publish","type":"page","link":"https:\/\/alles-ueber-riffe.de\/?page_id=881","title":{"rendered":"Schildzahnhai"},"content":{"rendered":"\n<div class=\"wp-block-group is-vertical is-layout-flex wp-container-core-group-is-layout-8cf370e7 wp-block-group-is-layout-flex\">\n<p><strong>Schildzahnhai<\/strong><\/p>\n\n\n\n<p><strong>Smalltooth sand tiger<\/strong><\/p>\n\n\n\n<p><em>(Odontaspis ferox<em style=\"font-size: revert;\">)<\/em><\/em><\/p>\n<\/div>\n\n\n\n<div style=\"height:50px\" aria-hidden=\"true\" class=\"wp-block-spacer\"><\/div>\n\n\n\n<figure class=\"wp-block-image size-full\"><img loading=\"lazy\" decoding=\"async\" width=\"1024\" height=\"768\" src=\"https:\/\/alles-ueber-riffe.de\/wp-content\/uploads\/2024\/10\/Schildzahnhai_1024x768.jpg\" alt=\"\" class=\"wp-image-985\" srcset=\"https:\/\/alles-ueber-riffe.de\/wp-content\/uploads\/2024\/10\/Schildzahnhai_1024x768.jpg 1024w, https:\/\/alles-ueber-riffe.de\/wp-content\/uploads\/2024\/10\/Schildzahnhai_1024x768-300x225.jpg 300w, https:\/\/alles-ueber-riffe.de\/wp-content\/uploads\/2024\/10\/Schildzahnhai_1024x768-768x576.jpg 768w\" sizes=\"auto, (max-width: 767px) 89vw, (max-width: 1000px) 54vw, (max-width: 1071px) 543px, 580px\" \/><figcaption class=\"wp-element-caption\"><em>\u00a9 Tomas Kotouc<\/em><\/figcaption><\/figure>\n\n\n\n<div style=\"height:50px\" aria-hidden=\"true\" class=\"wp-block-spacer\"><\/div>\n\n\n\n<p><strong>Gr\u00f6\u00dfe: <\/strong> bis 4,10 m<\/p>\n\n\n\n<p><strong>Lebensraum:<\/strong> Riffe, aber meistens in einer Tiefe unter 60m bis zu 1000 m<\/p>\n\n\n\n<p><strong>Vorkommen:  <\/strong>vermutlich alle tropischen und subtropischen Bereiche aller Ozeane<\/p>\n\n\n\n<p><strong>Erkennungsmerkmale: <\/strong> massiger K\u00f6rper, F\u00e4rbung grau<\/p>\n\n\n\n<p><strong>Biologie &amp; Verhalten: <\/strong> Der gro\u00dfe Schildzahnhai sieht gef\u00e4hrlich aus, ist aber f\u00fcr den Menschen v\u00f6llig harmlos. Kein einziger Fall eines Angriffes wurde bisher dokumentiert.<\/p>\n\n\n\n<p>\u00dcber Schildzahnhaie wissen wir wenig. Die meisten Informationen stammen von gefangenen Exemplaren. In ihren M\u00e4gen fand man diverse Fische, Tintenfische und Garnelen. Sie halten sich vorwiegend in tieferen Bereichen auf. Der tiefste gesehene Hai befand sich in 1495 m. Einmal im Jahr tauchen sie aus bisher ungekl\u00e4rten Gr\u00fcnden an verschiedenen Pl\u00e4tzen der Welt immer wieder in flacherem Wasser auf. Vorzugsweise an den Spitzen von Tiefseebergen, wie z.B. in Malpelo. Hier kann es dann zu Begegnungen mit diesen seltenen Tieren in einer Tiefe von 30 bis 60 m kommen. DNA-Untersuchungen ergaben, dass der Schildzahnhai mit den Fuchshaien n\u00e4her verwandt ist.<\/p>\n\n\n\n<p><strong>Gefahr:<\/strong> harmlos.<\/p>\n\n\n\n<p><strong>Bedrohungsstatus:<\/strong> Die Art wird seit 2008 auf der Roten Liste der IUCN als \u201ebedroht\u201c eingestuft. Genaue Daten \u00fcber ihren Bestand fehlen aber weitgehend.<\/p>\n\n\n\n<p><strong>Foto:<\/strong> \u00a9 Tomas Kotouc<\/p>\n\n\n\n<hr class=\"wp-block-separator has-alpha-channel-opacity is-style-wide\"\/>\n\n\n\n<p class=\"has-vivid-cyan-blue-color has-text-color has-link-color wp-elements-05632029db11419b895fe2527d27a9af\"><\/p>\n","protected":false},"excerpt":{"rendered":"<p>Schildzahnhai Smalltooth sand tiger (Odontaspis ferox) Gr\u00f6\u00dfe: bis 4,10 m Lebensraum: Riffe, aber meistens in einer Tiefe unter 60m bis zu 1000 m Vorkommen: vermutlich alle tropischen und subtropischen Bereiche aller Ozeane Erkennungsmerkmale: massiger K\u00f6rper, F\u00e4rbung grau Biologie &amp; Verhalten: Der gro\u00dfe Schildzahnhai sieht gef\u00e4hrlich aus, ist aber f\u00fcr den Menschen v\u00f6llig harmlos. Kein einziger &hellip; <\/p>\n<p class=\"link-more\"><a href=\"https:\/\/alles-ueber-riffe.de\/?page_id=881\" class=\"more-link\"><span class=\"screen-reader-text\">\u201eSchildzahnhai\u201c<\/span> weiterlesen<\/a><\/p>\n","protected":false},"author":1,"featured_media":0,"parent":0,"menu_order":0,"comment_status":"closed","ping_status":"closed","template":"","meta":{"footnotes":""},"class_list":["post-881","page","type-page","status-publish","hentry"],"_links":{"self":[{"href":"https:\/\/alles-ueber-riffe.de\/index.php?rest_route=\/wp\/v2\/pages\/881","targetHints":{"allow":["GET"]}}],"collection":[{"href":"https:\/\/alles-ueber-riffe.de\/index.php?rest_route=\/wp\/v2\/pages"}],"about":[{"href":"https:\/\/alles-ueber-riffe.de\/index.php?rest_route=\/wp\/v2\/types\/page"}],"author":[{"embeddable":true,"href":"https:\/\/alles-ueber-riffe.de\/index.php?rest_route=\/wp\/v2\/users\/1"}],"replies":[{"embeddable":true,"href":"https:\/\/alles-ueber-riffe.de\/index.php?rest_route=%2Fwp%2Fv2%2Fcomments&post=881"}],"version-history":[{"count":4,"href":"https:\/\/alles-ueber-riffe.de\/index.php?rest_route=\/wp\/v2\/pages\/881\/revisions"}],"predecessor-version":[{"id":8995,"href":"https:\/\/alles-ueber-riffe.de\/index.php?rest_route=\/wp\/v2\/pages\/881\/revisions\/8995"}],"wp:attachment":[{"href":"https:\/\/alles-ueber-riffe.de\/index.php?rest_route=%2Fwp%2Fv2%2Fmedia&parent=881"}],"curies":[{"name":"wp","href":"https:\/\/api.w.org\/{rel}","templated":true}]}}