{"id":879,"date":"2024-10-16T17:54:21","date_gmt":"2024-10-16T17:54:21","guid":{"rendered":"https:\/\/alles-ueber-riffe.de\/?page_id=879"},"modified":"2025-02-06T16:16:10","modified_gmt":"2025-02-06T16:16:10","slug":"sandtigerhai","status":"publish","type":"page","link":"https:\/\/alles-ueber-riffe.de\/?page_id=879","title":{"rendered":"Sandtigerhai"},"content":{"rendered":"\n<div class=\"wp-block-group is-vertical is-layout-flex wp-container-core-group-is-layout-8cf370e7 wp-block-group-is-layout-flex\">\n<p><strong>Sandtigerhai<\/strong><\/p>\n\n\n\n<p>Sand tiger shark<\/p>\n\n\n\n<p><em>(Carcharias taurus<em style=\"font-size: revert;\">)<\/em><\/em><\/p>\n<\/div>\n\n\n\n<div style=\"height:50px\" aria-hidden=\"true\" class=\"wp-block-spacer\"><\/div>\n\n\n\n<figure class=\"wp-block-image size-full\"><img loading=\"lazy\" decoding=\"async\" width=\"1024\" height=\"768\" src=\"https:\/\/alles-ueber-riffe.de\/wp-content\/uploads\/2024\/10\/Sandtigerhai_1024_768.jpg\" alt=\"\" class=\"wp-image-981\" srcset=\"https:\/\/alles-ueber-riffe.de\/wp-content\/uploads\/2024\/10\/Sandtigerhai_1024_768.jpg 1024w, https:\/\/alles-ueber-riffe.de\/wp-content\/uploads\/2024\/10\/Sandtigerhai_1024_768-300x225.jpg 300w, https:\/\/alles-ueber-riffe.de\/wp-content\/uploads\/2024\/10\/Sandtigerhai_1024_768-768x576.jpg 768w\" sizes=\"auto, (max-width: 767px) 89vw, (max-width: 1000px) 54vw, (max-width: 1071px) 543px, 580px\" \/><figcaption class=\"wp-element-caption\"><em>\u00a9 Heinz Krimmer<\/em><\/figcaption><\/figure>\n\n\n\n<div style=\"height:50px\" aria-hidden=\"true\" class=\"wp-block-spacer\"><\/div>\n\n\n\n<p><strong>Gr\u00f6\u00dfe: <\/strong> bis 3,20 m<\/p>\n\n\n\n<p><strong>Lebensraum:<\/strong> Korallen- und Felsenriffe<\/p>\n\n\n\n<p><strong>Vorkommen:  <\/strong>in allen gem\u00e4\u00dfigten, subtropischen und tropischen Gebieten aller Ozeane mit Ausnahme von Mittelamerika, Ostafrika, Indien, Indonesien und den Philippinen<\/p>\n\n\n\n<p><strong>Erkennungsmerkmale: <\/strong> hoher R\u00fccken mit eher kleinen R\u00fcckenflossen, die auch gleich gro\u00df sind; Farbe graubraun; Bauch hell; massiger K\u00f6rper<\/p>\n\n\n\n<p><strong>Biologie &amp; Verhalten: <\/strong> Der immer offene Mund mit den eindrucksvollen Zahnreihen und die kleinen Augen lassen den Sandtigerhai wahrlich wie einen h\u00e4sslicher Fiesling aussehen. Dabei geh\u00f6rt er f\u00fcr den Menschen zu den eher harmlosen Haien. Auch mit dem gef\u00e4hrlichen Tigerhai hat er nichts gemein. Aber was sich im Inneren&nbsp;eines schwangeren Weibchens abspielt, das hat Elemente eines Horrorfilms. Aus den bis zu 50 Eiern, die auf zwei Uteri verteilt sind, schl\u00fcpfen bald die ersten Jungtiere. Sie leben zun\u00e4chst vom Dottersack und danach fressen sie sich gegenseitig. Pro Uterus \u00fcberlebt nur der St\u00e4rkste, so dass nach ca. 10 Monaten nur zwei Junge geboren werden. Dieser vorgeburtliche Kannibalismus ist nicht die einzige Besonderheit dieses au\u00dfergew\u00f6hnlichen Hais. Er kann auch an der Wasseroberfl\u00e4che Luft schlucken. Damit gleicht er das<em>&nbsp;<\/em>Fehlen&nbsp;einer Schwimmblase aus und kann gut austariert in einer H\u00f6hle schweben und schlafen.<\/p>\n\n\n\n<p><strong>Gefahr:<\/strong> harmlos.<\/p>\n\n\n\n<p><strong>Bedrohungsstatus:<\/strong> Auf der Roten Liste der IUCN besitzt er den Status \u201egef\u00e4hrdet\u201c.<\/p>\n\n\n\n<p><strong>Foto:<\/strong> \u00a9 Heinz Krimmer<\/p>\n\n\n\n<hr class=\"wp-block-separator has-alpha-channel-opacity is-style-wide\"\/>\n","protected":false},"excerpt":{"rendered":"<p>Sandtigerhai Sand tiger shark (Carcharias taurus) Gr\u00f6\u00dfe: bis 3,20 m Lebensraum: Korallen- und Felsenriffe Vorkommen: in allen gem\u00e4\u00dfigten, subtropischen und tropischen Gebieten aller Ozeane mit Ausnahme von Mittelamerika, Ostafrika, Indien, Indonesien und den Philippinen Erkennungsmerkmale: hoher R\u00fccken mit eher kleinen R\u00fcckenflossen, die auch gleich gro\u00df sind; Farbe graubraun; Bauch hell; massiger K\u00f6rper Biologie &amp; Verhalten: &hellip; <\/p>\n<p class=\"link-more\"><a href=\"https:\/\/alles-ueber-riffe.de\/?page_id=879\" class=\"more-link\"><span class=\"screen-reader-text\">\u201eSandtigerhai\u201c<\/span> weiterlesen<\/a><\/p>\n","protected":false},"author":1,"featured_media":0,"parent":0,"menu_order":0,"comment_status":"closed","ping_status":"closed","template":"","meta":{"footnotes":""},"class_list":["post-879","page","type-page","status-publish","hentry"],"_links":{"self":[{"href":"https:\/\/alles-ueber-riffe.de\/index.php?rest_route=\/wp\/v2\/pages\/879","targetHints":{"allow":["GET"]}}],"collection":[{"href":"https:\/\/alles-ueber-riffe.de\/index.php?rest_route=\/wp\/v2\/pages"}],"about":[{"href":"https:\/\/alles-ueber-riffe.de\/index.php?rest_route=\/wp\/v2\/types\/page"}],"author":[{"embeddable":true,"href":"https:\/\/alles-ueber-riffe.de\/index.php?rest_route=\/wp\/v2\/users\/1"}],"replies":[{"embeddable":true,"href":"https:\/\/alles-ueber-riffe.de\/index.php?rest_route=%2Fwp%2Fv2%2Fcomments&post=879"}],"version-history":[{"count":5,"href":"https:\/\/alles-ueber-riffe.de\/index.php?rest_route=\/wp\/v2\/pages\/879\/revisions"}],"predecessor-version":[{"id":8994,"href":"https:\/\/alles-ueber-riffe.de\/index.php?rest_route=\/wp\/v2\/pages\/879\/revisions\/8994"}],"wp:attachment":[{"href":"https:\/\/alles-ueber-riffe.de\/index.php?rest_route=%2Fwp%2Fv2%2Fmedia&parent=879"}],"curies":[{"name":"wp","href":"https:\/\/api.w.org\/{rel}","templated":true}]}}