{"id":877,"date":"2024-10-16T17:54:01","date_gmt":"2024-10-16T17:54:01","guid":{"rendered":"https:\/\/alles-ueber-riffe.de\/?page_id=877"},"modified":"2025-02-06T16:14:40","modified_gmt":"2025-02-06T16:14:40","slug":"ornament-teppichhai","status":"publish","type":"page","link":"https:\/\/alles-ueber-riffe.de\/?page_id=877","title":{"rendered":"Ornament-Teppichhai"},"content":{"rendered":"\n<div class=\"wp-block-group is-vertical is-layout-flex wp-container-core-group-is-layout-8cf370e7 wp-block-group-is-layout-flex\">\n<p><strong>Ornament-Teppichhai<\/strong><\/p>\n\n\n\n<p>Ornate wobbegong<\/p>\n\n\n\n<p><em>(Orectolobus ornatus<em style=\"font-size: revert;\">)<\/em><\/em><\/p>\n<\/div>\n\n\n\n<div style=\"height:50px\" aria-hidden=\"true\" class=\"wp-block-spacer\"><\/div>\n\n\n\n<figure class=\"wp-block-image size-large\"><img loading=\"lazy\" decoding=\"async\" width=\"1024\" height=\"768\" src=\"https:\/\/alles-ueber-riffe.de\/wp-content\/uploads\/2024\/10\/Ornament_Teppichhaie_1024x768-1024x768.jpg\" alt=\"\" class=\"wp-image-976\" srcset=\"https:\/\/alles-ueber-riffe.de\/wp-content\/uploads\/2024\/10\/Ornament_Teppichhaie_1024x768-1024x768.jpg 1024w, https:\/\/alles-ueber-riffe.de\/wp-content\/uploads\/2024\/10\/Ornament_Teppichhaie_1024x768-300x225.jpg 300w, https:\/\/alles-ueber-riffe.de\/wp-content\/uploads\/2024\/10\/Ornament_Teppichhaie_1024x768-768x576.jpg 768w, https:\/\/alles-ueber-riffe.de\/wp-content\/uploads\/2024\/10\/Ornament_Teppichhaie_1024x768-1536x1152.jpg 1536w, https:\/\/alles-ueber-riffe.de\/wp-content\/uploads\/2024\/10\/Ornament_Teppichhaie_1024x768-2048x1536.jpg 2048w\" sizes=\"auto, (max-width: 767px) 89vw, (max-width: 1000px) 54vw, (max-width: 1071px) 543px, 580px\" \/><figcaption class=\"wp-element-caption\"><em>\u00a9 Heinz Krimmer<\/em><\/figcaption><\/figure>\n\n\n\n<div style=\"height:50px\" aria-hidden=\"true\" class=\"wp-block-spacer\"><\/div>\n\n\n\n<p><strong>Gr\u00f6\u00dfe: <\/strong> bis 2,90 m<\/p>\n\n\n\n<p><strong>Lebensraum:<\/strong> Sandfl\u00e4chen bei Korallenriffen<\/p>\n\n\n\n<p><strong>Vorkommen:  <\/strong> Ostindonesien, Papua-Neuguinea, Nord- und Ostaustralien<\/p>\n\n\n\n<p><strong>Erkennungsmerkmale: <\/strong> braun gemustert; wenige Fransen um das Maul; massiger flacher K\u00f6rper<\/p>\n\n\n\n<p><strong>Biologie &amp; Verhalten: <\/strong> \u00dcber diesen Hai ist wenig bekannt. Nachtaktiv.<\/p>\n\n\n\n<p><strong>Gefahr:<\/strong> harmlos.<\/p>\n\n\n\n<p><strong>Bedrohungsstatus:<\/strong> Auf der Roten Liste der IUCN ist der Ornament-Teppichai  als \u201enicht gef\u00e4hrdet\u201c eingestuft.<\/p>\n\n\n\n<p><strong>Foto:<\/strong> \u00a9 Heinz Krimmer<\/p>\n\n\n\n<hr class=\"wp-block-separator has-alpha-channel-opacity is-style-wide\"\/>\n","protected":false},"excerpt":{"rendered":"<p>Ornament-Teppichhai Ornate wobbegong (Orectolobus ornatus) Gr\u00f6\u00dfe: bis 2,90 m Lebensraum: Sandfl\u00e4chen bei Korallenriffen Vorkommen: Ostindonesien, Papua-Neuguinea, Nord- und Ostaustralien Erkennungsmerkmale: braun gemustert; wenige Fransen um das Maul; massiger flacher K\u00f6rper Biologie &amp; Verhalten: \u00dcber diesen Hai ist wenig bekannt. Nachtaktiv. Gefahr: harmlos. Bedrohungsstatus: Auf der Roten Liste der IUCN ist der Ornament-Teppichai als \u201enicht gef\u00e4hrdet\u201c &hellip; <\/p>\n<p class=\"link-more\"><a href=\"https:\/\/alles-ueber-riffe.de\/?page_id=877\" class=\"more-link\"><span class=\"screen-reader-text\">\u201eOrnament-Teppichhai\u201c<\/span> weiterlesen<\/a><\/p>\n","protected":false},"author":1,"featured_media":0,"parent":0,"menu_order":0,"comment_status":"closed","ping_status":"closed","template":"","meta":{"footnotes":""},"class_list":["post-877","page","type-page","status-publish","hentry"],"_links":{"self":[{"href":"https:\/\/alles-ueber-riffe.de\/index.php?rest_route=\/wp\/v2\/pages\/877","targetHints":{"allow":["GET"]}}],"collection":[{"href":"https:\/\/alles-ueber-riffe.de\/index.php?rest_route=\/wp\/v2\/pages"}],"about":[{"href":"https:\/\/alles-ueber-riffe.de\/index.php?rest_route=\/wp\/v2\/types\/page"}],"author":[{"embeddable":true,"href":"https:\/\/alles-ueber-riffe.de\/index.php?rest_route=\/wp\/v2\/users\/1"}],"replies":[{"embeddable":true,"href":"https:\/\/alles-ueber-riffe.de\/index.php?rest_route=%2Fwp%2Fv2%2Fcomments&post=877"}],"version-history":[{"count":7,"href":"https:\/\/alles-ueber-riffe.de\/index.php?rest_route=\/wp\/v2\/pages\/877\/revisions"}],"predecessor-version":[{"id":8991,"href":"https:\/\/alles-ueber-riffe.de\/index.php?rest_route=\/wp\/v2\/pages\/877\/revisions\/8991"}],"wp:attachment":[{"href":"https:\/\/alles-ueber-riffe.de\/index.php?rest_route=%2Fwp%2Fv2%2Fmedia&parent=877"}],"curies":[{"name":"wp","href":"https:\/\/api.w.org\/{rel}","templated":true}]}}