{"id":875,"date":"2024-10-16T17:53:35","date_gmt":"2024-10-16T17:53:35","guid":{"rendered":"https:\/\/alles-ueber-riffe.de\/?page_id=875"},"modified":"2025-02-06T16:14:15","modified_gmt":"2025-02-06T16:14:15","slug":"kurzflossenmakohai","status":"publish","type":"page","link":"https:\/\/alles-ueber-riffe.de\/?page_id=875","title":{"rendered":"Kurzflossen Mako"},"content":{"rendered":"\n<div class=\"wp-block-group is-vertical is-layout-flex wp-container-core-group-is-layout-8cf370e7 wp-block-group-is-layout-flex\">\n<p><strong>Kurzflossen Mako<\/strong><\/p>\n\n\n\n<p>Shortfin mako shark&nbsp;<\/p>\n\n\n\n<p><em>(Isurus oxyrinchus<em style=\"font-size: revert;\">)<\/em><\/em><\/p>\n\n\n\n<div style=\"height:50px\" aria-hidden=\"true\" class=\"wp-block-spacer wp-container-content-b30579f5\"><\/div>\n\n\n\n<figure class=\"wp-block-video\"><video height=\"576\" style=\"aspect-ratio: 1024 \/ 576;\" width=\"1024\" controls src=\"https:\/\/alles-ueber-riffe.de\/wp-content\/uploads\/2024\/10\/Kurzflossen_Mako_1024x576.mp4\"><\/video><figcaption class=\"wp-element-caption\"><em>\u00a9 Michael Stadermann<\/em><\/figcaption><\/figure>\n<\/div>\n\n\n\n<div style=\"height:50px\" aria-hidden=\"true\" class=\"wp-block-spacer\"><\/div>\n\n\n\n<p><strong>Gr\u00f6\u00dfe: <\/strong> bis 4,00 m<\/p>\n\n\n\n<p><strong>Lebensraum:<\/strong> Bevorzugt die N\u00e4he der K\u00fcste oder Inseln und h\u00e4lt sich in der N\u00e4he der Oberfl\u00e4che auf.<\/p>\n\n\n\n<p><strong>Vorkommen:  <\/strong>in allen subtropischen und tropischen Gebieten aller Ozeane<\/p>\n\n\n\n<p><strong>Erkennungsmerkmale: <\/strong> kurze Brustflossen und spitzer Kopf; R\u00fccken und Seiten metallisch graublau; Bauch wei\u00df<\/p>\n\n\n\n<p><strong>Biologie &amp; Verhalten: <\/strong> Mit maximal 80 km\/Stunde ist der Kurzflossen-Mako einer der schnellsten Haie. Dementsprechend z\u00e4hlen zu seiner Beute Thunfische und Schwertfische, die selbst schnelle Schwimmer sind. Des weiteren springen sie bis zu neun Metern aus dem Wasser.<\/p>\n\n\n\n<p>Wegen der guten Str\u00f6mungseigenschaften erforschen Wissenschaftler die Hautstruktur der Makohaie f\u00fcr industrielle Anwendungen.<\/p>\n\n\n\n<p>Die Weibchen geb\u00e4ren bis zu 16 lebende Jungfische. Kannibalismus im Mutterleib ist bei dieser Art \u00fcblich. Der Name Mako stammt aus der Sprache der Maoris und bedeutet gleichzeitig Hai und Haizahn.<\/p>\n\n\n\n<p><strong>Gefahr:<\/strong> Fuchshaie sind harmlos.<\/p>\n\n\n\n<p><strong>Bedrohungsstatus:<\/strong> \u00dcber 40 Angriffe sind registriert, darunter auch einige in \u00c4gypten.&nbsp;<\/p>\n\n\n\n<p><strong>Video:<\/strong> \u00a9 Michael Stadermann<\/p>\n\n\n\n<hr class=\"wp-block-separator has-alpha-channel-opacity is-style-wide\"\/>\n","protected":false},"excerpt":{"rendered":"<p>Kurzflossen Mako Shortfin mako shark&nbsp; (Isurus oxyrinchus) Gr\u00f6\u00dfe: bis 4,00 m Lebensraum: Bevorzugt die N\u00e4he der K\u00fcste oder Inseln und h\u00e4lt sich in der N\u00e4he der Oberfl\u00e4che auf. Vorkommen: in allen subtropischen und tropischen Gebieten aller Ozeane Erkennungsmerkmale: kurze Brustflossen und spitzer Kopf; R\u00fccken und Seiten metallisch graublau; Bauch wei\u00df Biologie &amp; Verhalten: Mit maximal &hellip; <\/p>\n<p class=\"link-more\"><a href=\"https:\/\/alles-ueber-riffe.de\/?page_id=875\" class=\"more-link\"><span class=\"screen-reader-text\">\u201eKurzflossen Mako\u201c<\/span> weiterlesen<\/a><\/p>\n","protected":false},"author":1,"featured_media":0,"parent":0,"menu_order":0,"comment_status":"closed","ping_status":"closed","template":"","meta":{"footnotes":""},"class_list":["post-875","page","type-page","status-publish","hentry"],"_links":{"self":[{"href":"https:\/\/alles-ueber-riffe.de\/index.php?rest_route=\/wp\/v2\/pages\/875","targetHints":{"allow":["GET"]}}],"collection":[{"href":"https:\/\/alles-ueber-riffe.de\/index.php?rest_route=\/wp\/v2\/pages"}],"about":[{"href":"https:\/\/alles-ueber-riffe.de\/index.php?rest_route=\/wp\/v2\/types\/page"}],"author":[{"embeddable":true,"href":"https:\/\/alles-ueber-riffe.de\/index.php?rest_route=\/wp\/v2\/users\/1"}],"replies":[{"embeddable":true,"href":"https:\/\/alles-ueber-riffe.de\/index.php?rest_route=%2Fwp%2Fv2%2Fcomments&post=875"}],"version-history":[{"count":3,"href":"https:\/\/alles-ueber-riffe.de\/index.php?rest_route=\/wp\/v2\/pages\/875\/revisions"}],"predecessor-version":[{"id":8989,"href":"https:\/\/alles-ueber-riffe.de\/index.php?rest_route=\/wp\/v2\/pages\/875\/revisions\/8989"}],"wp:attachment":[{"href":"https:\/\/alles-ueber-riffe.de\/index.php?rest_route=%2Fwp%2Fv2%2Fmedia&parent=875"}],"curies":[{"name":"wp","href":"https:\/\/api.w.org\/{rel}","templated":true}]}}