{"id":873,"date":"2024-10-16T17:53:10","date_gmt":"2024-10-16T17:53:10","guid":{"rendered":"https:\/\/alles-ueber-riffe.de\/?page_id=873"},"modified":"2025-02-06T16:12:34","modified_gmt":"2025-02-06T16:12:34","slug":"korallen-katenhai","status":"publish","type":"page","link":"https:\/\/alles-ueber-riffe.de\/?page_id=873","title":{"rendered":"Korallen-Katzenhai"},"content":{"rendered":"\n<div class=\"wp-block-group is-vertical is-layout-flex wp-container-core-group-is-layout-8cf370e7 wp-block-group-is-layout-flex\">\n<p><strong>Korallen-Katzenhai<\/strong><\/p>\n\n\n\n<p>Coral cat shark<\/p>\n\n\n\n<p><em>(Atelommycterus marmoratus<em style=\"font-size: revert;\">)<\/em><\/em><\/p>\n<\/div>\n\n\n\n<div style=\"height:50px\" aria-hidden=\"true\" class=\"wp-block-spacer\"><\/div>\n\n\n\n<figure class=\"wp-block-image size-full\"><img loading=\"lazy\" decoding=\"async\" width=\"1024\" height=\"768\" src=\"https:\/\/alles-ueber-riffe.de\/wp-content\/uploads\/2024\/10\/Korallen-Katzenhai_1024x768.jpg\" alt=\"\" class=\"wp-image-968\" srcset=\"https:\/\/alles-ueber-riffe.de\/wp-content\/uploads\/2024\/10\/Korallen-Katzenhai_1024x768.jpg 1024w, https:\/\/alles-ueber-riffe.de\/wp-content\/uploads\/2024\/10\/Korallen-Katzenhai_1024x768-300x225.jpg 300w, https:\/\/alles-ueber-riffe.de\/wp-content\/uploads\/2024\/10\/Korallen-Katzenhai_1024x768-768x576.jpg 768w\" sizes=\"auto, (max-width: 767px) 89vw, (max-width: 1000px) 54vw, (max-width: 1071px) 543px, 580px\" \/><figcaption class=\"wp-element-caption\"><em>\u00a9 Joris Rombouts<\/em><\/figcaption><\/figure>\n\n\n\n<div style=\"height:50px\" aria-hidden=\"true\" class=\"wp-block-spacer\"><\/div>\n\n\n\n<p><strong>Gr\u00f6\u00dfe: <\/strong> bis 0,60 m<\/p>\n\n\n\n<p><strong>Lebensraum:<\/strong> Korallenriffe<\/p>\n\n\n\n<p><strong>Vorkommen:  <\/strong> Malediven, Indien, S\u00fcdjapan, ganz S\u00fcdostasien, Nordaustralien, Papua Neu Guinea<\/p>\n\n\n\n<p><strong>Erkennungsmerkmale: <\/strong> dunkle, graubraune F\u00e4rbung mit gro\u00dfen, schwarzen und wei\u00dfen Punkten<\/p>\n\n\n\n<p><strong>Biologie &amp; Verhalten: <\/strong> Wer einen Korallen-Katzenhai sehen m\u00f6chte, muss einen Nachttauchgang machen. Im Dunkeln sucht er nach Beute. Tags\u00fcber versteckt er sich im Riff. Selten.<\/p>\n\n\n\n<p><strong>Gefahr:<\/strong> harmlos.<\/p>\n\n\n\n<p><strong>Bedrohungsstatus:<\/strong> Auf der Roten Liste der IUCN besitzt er den Status \u201egering bedroht\u201c.<\/p>\n\n\n\n<p><strong>Foto:<\/strong> \u00a9 Joris Rombouts<\/p>\n\n\n\n<hr class=\"wp-block-separator has-alpha-channel-opacity is-style-wide\"\/>\n","protected":false},"excerpt":{"rendered":"<p>Korallen-Katzenhai Coral cat shark (Atelommycterus marmoratus) Gr\u00f6\u00dfe: bis 0,60 m Lebensraum: Korallenriffe Vorkommen: Malediven, Indien, S\u00fcdjapan, ganz S\u00fcdostasien, Nordaustralien, Papua Neu Guinea Erkennungsmerkmale: dunkle, graubraune F\u00e4rbung mit gro\u00dfen, schwarzen und wei\u00dfen Punkten Biologie &amp; Verhalten: Wer einen Korallen-Katzenhai sehen m\u00f6chte, muss einen Nachttauchgang machen. Im Dunkeln sucht er nach Beute. Tags\u00fcber versteckt er sich im &hellip; <\/p>\n<p class=\"link-more\"><a href=\"https:\/\/alles-ueber-riffe.de\/?page_id=873\" class=\"more-link\"><span class=\"screen-reader-text\">\u201eKorallen-Katzenhai\u201c<\/span> weiterlesen<\/a><\/p>\n","protected":false},"author":1,"featured_media":0,"parent":0,"menu_order":0,"comment_status":"closed","ping_status":"closed","template":"","meta":{"footnotes":""},"class_list":["post-873","page","type-page","status-publish","hentry"],"_links":{"self":[{"href":"https:\/\/alles-ueber-riffe.de\/index.php?rest_route=\/wp\/v2\/pages\/873","targetHints":{"allow":["GET"]}}],"collection":[{"href":"https:\/\/alles-ueber-riffe.de\/index.php?rest_route=\/wp\/v2\/pages"}],"about":[{"href":"https:\/\/alles-ueber-riffe.de\/index.php?rest_route=\/wp\/v2\/types\/page"}],"author":[{"embeddable":true,"href":"https:\/\/alles-ueber-riffe.de\/index.php?rest_route=\/wp\/v2\/users\/1"}],"replies":[{"embeddable":true,"href":"https:\/\/alles-ueber-riffe.de\/index.php?rest_route=%2Fwp%2Fv2%2Fcomments&post=873"}],"version-history":[{"count":4,"href":"https:\/\/alles-ueber-riffe.de\/index.php?rest_route=\/wp\/v2\/pages\/873\/revisions"}],"predecessor-version":[{"id":8988,"href":"https:\/\/alles-ueber-riffe.de\/index.php?rest_route=\/wp\/v2\/pages\/873\/revisions\/8988"}],"wp:attachment":[{"href":"https:\/\/alles-ueber-riffe.de\/index.php?rest_route=%2Fwp%2Fv2%2Fmedia&parent=873"}],"curies":[{"name":"wp","href":"https:\/\/api.w.org\/{rel}","templated":true}]}}