{"id":871,"date":"2024-10-16T17:52:54","date_gmt":"2024-10-16T17:52:54","guid":{"rendered":"https:\/\/alles-ueber-riffe.de\/?page_id=871"},"modified":"2025-02-06T16:12:06","modified_gmt":"2025-02-06T16:12:06","slug":"indopazifischer-ammenhai","status":"publish","type":"page","link":"https:\/\/alles-ueber-riffe.de\/?page_id=871","title":{"rendered":"Indopazifischer Ammenhai"},"content":{"rendered":"\n<div class=\"wp-block-group is-vertical is-layout-flex wp-container-core-group-is-layout-8cf370e7 wp-block-group-is-layout-flex\">\n<p><strong>Indopazifischer Ammenhai<\/strong><\/p>\n\n\n\n<p>Tawny nurse shark<\/p>\n\n\n\n<p><em>(Nebrius ferrugineus<em style=\"font-size: revert;\">)<\/em><\/em><\/p>\n<\/div>\n\n\n\n<div style=\"height:50px\" aria-hidden=\"true\" class=\"wp-block-spacer\"><\/div>\n\n\n\n<figure class=\"wp-block-image size-full\"><img loading=\"lazy\" decoding=\"async\" width=\"1024\" height=\"768\" src=\"https:\/\/alles-ueber-riffe.de\/wp-content\/uploads\/2024\/10\/Indopazifischer_Ammenhai_1024x768.jpg\" alt=\"\" class=\"wp-image-964\" srcset=\"https:\/\/alles-ueber-riffe.de\/wp-content\/uploads\/2024\/10\/Indopazifischer_Ammenhai_1024x768.jpg 1024w, https:\/\/alles-ueber-riffe.de\/wp-content\/uploads\/2024\/10\/Indopazifischer_Ammenhai_1024x768-300x225.jpg 300w, https:\/\/alles-ueber-riffe.de\/wp-content\/uploads\/2024\/10\/Indopazifischer_Ammenhai_1024x768-768x576.jpg 768w\" sizes=\"auto, (max-width: 767px) 89vw, (max-width: 1000px) 54vw, (max-width: 1071px) 543px, 580px\" \/><figcaption class=\"wp-element-caption\"><em>\u00a9 Heinz Krimmer<\/em><\/figcaption><\/figure>\n\n\n\n<div style=\"height:50px\" aria-hidden=\"true\" class=\"wp-block-spacer\"><\/div>\n\n\n\n<p><strong>Gr\u00f6\u00dfe: <\/strong> bis 3,20 m<\/p>\n\n\n\n<p><strong>Lebensraum:<\/strong> Korallenriffe, Sandb\u00f6den<\/p>\n\n\n\n<p><strong>Vorkommen:  <\/strong>Ostafrika, Rotes Meer, S\u00fcdjapan, ganz S\u00fcdostasien, Nordaustralien, Papua-Neuguinea, Ozeanien bis zu den Tuamoto Inseln<\/p>\n\n\n\n<p><strong>Erkennungsmerkmale: <\/strong> zwei Nasenbarteln; kleines Maul; dunkle, graubraune F\u00e4rbung<\/p>\n\n\n\n<p><strong>Biologie &amp; Verhalten: <\/strong> Meistens sieht man den Ammenhai einzeln oder in Gruppen in H\u00f6hlen oder Spalten herumliegen. Erst nachts erwacht er zum Leben und jagt seine bevorzugte Beute: Kraken. Auch der eine oder andere Fisch oder Wirbellose wird nicht verschm\u00e4ht. Anders als die meisten Haie, wird die Beute nicht in St\u00fccke zerrissen, sondern als Ganzes eingesaugt. Zur Freude von uns Tauchern ist er standorttreu und l\u00e4sst sich somit am n\u00e4chsten Tag in der H\u00f6hle wieder finden.<\/p>\n\n\n\n<p>Ammenhaie bringen bis zu 8 ca. 40 cm gro\u00dfe Junge lebend zur Welt.<\/p>\n\n\n\n<p><strong>Gefahr:<\/strong> Ammenhaie sind eher harmlose Gesellen. Es kam aber schon zu Unf\u00e4llen, bei Ber\u00fchrungen durch Taucher. Man sollte sie einfach in Ruhe lassen.<\/p>\n\n\n\n<p><strong>Bedrohungsstatus:<\/strong> Auf der Roten Liste der IUCN besitzt er den Status \u201ebedroht\u201c.<\/p>\n\n\n\n<p><strong>Foto:<\/strong> \u00a9 Heinz Krimmer<\/p>\n\n\n\n<hr class=\"wp-block-separator has-alpha-channel-opacity is-style-wide\"\/>\n","protected":false},"excerpt":{"rendered":"<p>Indopazifischer Ammenhai Tawny nurse shark (Nebrius ferrugineus) Gr\u00f6\u00dfe: bis 3,20 m Lebensraum: Korallenriffe, Sandb\u00f6den Vorkommen: Ostafrika, Rotes Meer, S\u00fcdjapan, ganz S\u00fcdostasien, Nordaustralien, Papua-Neuguinea, Ozeanien bis zu den Tuamoto Inseln Erkennungsmerkmale: zwei Nasenbarteln; kleines Maul; dunkle, graubraune F\u00e4rbung Biologie &amp; Verhalten: Meistens sieht man den Ammenhai einzeln oder in Gruppen in H\u00f6hlen oder Spalten herumliegen. Erst &hellip; <\/p>\n<p class=\"link-more\"><a href=\"https:\/\/alles-ueber-riffe.de\/?page_id=871\" class=\"more-link\"><span class=\"screen-reader-text\">\u201eIndopazifischer Ammenhai\u201c<\/span> weiterlesen<\/a><\/p>\n","protected":false},"author":1,"featured_media":0,"parent":0,"menu_order":0,"comment_status":"closed","ping_status":"closed","template":"","meta":{"footnotes":""},"class_list":["post-871","page","type-page","status-publish","hentry"],"_links":{"self":[{"href":"https:\/\/alles-ueber-riffe.de\/index.php?rest_route=\/wp\/v2\/pages\/871","targetHints":{"allow":["GET"]}}],"collection":[{"href":"https:\/\/alles-ueber-riffe.de\/index.php?rest_route=\/wp\/v2\/pages"}],"about":[{"href":"https:\/\/alles-ueber-riffe.de\/index.php?rest_route=\/wp\/v2\/types\/page"}],"author":[{"embeddable":true,"href":"https:\/\/alles-ueber-riffe.de\/index.php?rest_route=\/wp\/v2\/users\/1"}],"replies":[{"embeddable":true,"href":"https:\/\/alles-ueber-riffe.de\/index.php?rest_route=%2Fwp%2Fv2%2Fcomments&post=871"}],"version-history":[{"count":4,"href":"https:\/\/alles-ueber-riffe.de\/index.php?rest_route=\/wp\/v2\/pages\/871\/revisions"}],"predecessor-version":[{"id":8987,"href":"https:\/\/alles-ueber-riffe.de\/index.php?rest_route=\/wp\/v2\/pages\/871\/revisions\/8987"}],"wp:attachment":[{"href":"https:\/\/alles-ueber-riffe.de\/index.php?rest_route=%2Fwp%2Fv2%2Fmedia&parent=871"}],"curies":[{"name":"wp","href":"https:\/\/api.w.org\/{rel}","templated":true}]}}