{"id":8697,"date":"2025-02-02T22:28:14","date_gmt":"2025-02-02T22:28:14","guid":{"rendered":"https:\/\/alles-ueber-riffe.de\/?page_id=8697"},"modified":"2025-02-04T22:15:24","modified_gmt":"2025-02-04T22:15:24","slug":"gruenwangen-papageifisch","status":"publish","type":"page","link":"https:\/\/alles-ueber-riffe.de\/?page_id=8697","title":{"rendered":"Gr\u00fcnwangen-Papageifisch"},"content":{"rendered":"\n<div class=\"wp-block-group is-vertical is-layout-flex wp-container-core-group-is-layout-8cf370e7 wp-block-group-is-layout-flex\">\n<p><strong>Gr\u00fcnwangen-Papageifisch<\/strong><\/p>\n\n\n\n<p>Singapore parrotfish<\/p>\n\n\n\n<p><em>Scarus prasiognathos<\/em><\/p>\n<\/div>\n\n\n\n<div style=\"height:30px\" aria-hidden=\"true\" class=\"wp-block-spacer\"><\/div>\n\n\n\n<figure class=\"wp-block-image size-full\"><img loading=\"lazy\" decoding=\"async\" width=\"1024\" height=\"668\" src=\"https:\/\/alles-ueber-riffe.de\/wp-content\/uploads\/2025\/02\/Gruenwangen-Papageifisch_1024x768.jpg\" alt=\"\" class=\"wp-image-8801\" srcset=\"https:\/\/alles-ueber-riffe.de\/wp-content\/uploads\/2025\/02\/Gruenwangen-Papageifisch_1024x768.jpg 1024w, https:\/\/alles-ueber-riffe.de\/wp-content\/uploads\/2025\/02\/Gruenwangen-Papageifisch_1024x768-300x196.jpg 300w, https:\/\/alles-ueber-riffe.de\/wp-content\/uploads\/2025\/02\/Gruenwangen-Papageifisch_1024x768-768x501.jpg 768w\" sizes=\"auto, (max-width: 767px) 89vw, (max-width: 1000px) 54vw, (max-width: 1071px) 543px, 580px\" \/><figcaption class=\"wp-element-caption\">\u00a9 Joris Rombouts<\/figcaption><\/figure>\n\n\n\n<hr class=\"wp-block-separator has-alpha-channel-opacity is-style-default\"\/>\n\n\n\n<p><strong>Gr\u00f6\u00dfe: <\/strong> bis 70 cm<\/p>\n\n\n\n<p><strong>Lebensraum:<\/strong> Korallen- und Felsenriffe<\/p>\n\n\n\n<p><strong>Vorkommen:  <\/strong>Malediven, S\u00fcdjapan, ganz S\u00fcdostasien, Papua-Neuguinea, Nordaustralien, Ozeanien bis Palau<\/p>\n\n\n\n<p><strong>Erkennungsmerkmale:<\/strong> Grundfarbe blau; sch\u00f6ne gelbe Fl\u00e4che von den Augen bis zur Stirn<\/p>\n\n\n\n<p><strong>Biologie &amp; Verhalten: <\/strong>Dieser Papageifisch ist manchmal in gro\u00dfen Gruppen im Riff unterwegs. Frisst Algen vom Substrat. Speisefisch.<\/p>\n\n\n\n<p><strong>Bedrohungsstatus:<\/strong> Die Art wird auf der Roten Liste der IUCN als <mark style=\"background-color:rgba(0, 0, 0, 0)\" class=\"has-inline-color has-vivid-green-cyan-color\">\u201enicht gef\u00e4hrdet\u201c<\/mark> gef\u00fchrt.<\/p>\n\n\n\n<hr class=\"wp-block-separator has-alpha-channel-opacity is-style-default\"\/>\n\n\n\n<p><\/p>\n","protected":false},"excerpt":{"rendered":"<p>Gr\u00fcnwangen-Papageifisch Singapore parrotfish Scarus prasiognathos Gr\u00f6\u00dfe: bis 70 cm Lebensraum: Korallen- und Felsenriffe Vorkommen: Malediven, S\u00fcdjapan, ganz S\u00fcdostasien, Papua-Neuguinea, Nordaustralien, Ozeanien bis Palau Erkennungsmerkmale: Grundfarbe blau; sch\u00f6ne gelbe Fl\u00e4che von den Augen bis zur Stirn Biologie &amp; Verhalten: Dieser Papageifisch ist manchmal in gro\u00dfen Gruppen im Riff unterwegs. Frisst Algen vom Substrat. Speisefisch. Bedrohungsstatus: Die &hellip; <\/p>\n<p class=\"link-more\"><a href=\"https:\/\/alles-ueber-riffe.de\/?page_id=8697\" class=\"more-link\"><span class=\"screen-reader-text\">\u201eGr\u00fcnwangen-Papageifisch\u201c<\/span> weiterlesen<\/a><\/p>\n","protected":false},"author":1,"featured_media":0,"parent":0,"menu_order":0,"comment_status":"closed","ping_status":"closed","template":"","meta":{"footnotes":""},"class_list":["post-8697","page","type-page","status-publish","hentry"],"_links":{"self":[{"href":"https:\/\/alles-ueber-riffe.de\/index.php?rest_route=\/wp\/v2\/pages\/8697","targetHints":{"allow":["GET"]}}],"collection":[{"href":"https:\/\/alles-ueber-riffe.de\/index.php?rest_route=\/wp\/v2\/pages"}],"about":[{"href":"https:\/\/alles-ueber-riffe.de\/index.php?rest_route=\/wp\/v2\/types\/page"}],"author":[{"embeddable":true,"href":"https:\/\/alles-ueber-riffe.de\/index.php?rest_route=\/wp\/v2\/users\/1"}],"replies":[{"embeddable":true,"href":"https:\/\/alles-ueber-riffe.de\/index.php?rest_route=%2Fwp%2Fv2%2Fcomments&post=8697"}],"version-history":[{"count":4,"href":"https:\/\/alles-ueber-riffe.de\/index.php?rest_route=\/wp\/v2\/pages\/8697\/revisions"}],"predecessor-version":[{"id":8804,"href":"https:\/\/alles-ueber-riffe.de\/index.php?rest_route=\/wp\/v2\/pages\/8697\/revisions\/8804"}],"wp:attachment":[{"href":"https:\/\/alles-ueber-riffe.de\/index.php?rest_route=%2Fwp%2Fv2%2Fmedia&parent=8697"}],"curies":[{"name":"wp","href":"https:\/\/api.w.org\/{rel}","templated":true}]}}