{"id":8695,"date":"2025-02-02T22:27:57","date_gmt":"2025-02-02T22:27:57","guid":{"rendered":"https:\/\/alles-ueber-riffe.de\/?page_id=8695"},"modified":"2025-02-04T22:11:17","modified_gmt":"2025-02-04T22:11:17","slug":"gelband-papageifisch","status":"publish","type":"page","link":"https:\/\/alles-ueber-riffe.de\/?page_id=8695","title":{"rendered":"Gelband-Papageifisch"},"content":{"rendered":"\n<div class=\"wp-block-group is-vertical is-layout-flex wp-container-core-group-is-layout-8cf370e7 wp-block-group-is-layout-flex\">\n<p><strong>Gelbband-Papageifisch<\/strong><\/p>\n\n\n\n<p>Yelloband parrotfish<\/p>\n\n\n\n<p><em>Scarus schlegeli<\/em><\/p>\n<\/div>\n\n\n\n<div style=\"height:30px\" aria-hidden=\"true\" class=\"wp-block-spacer\"><\/div>\n\n\n\n<figure class=\"wp-block-image size-full\"><img loading=\"lazy\" decoding=\"async\" width=\"1024\" height=\"768\" src=\"https:\/\/alles-ueber-riffe.de\/wp-content\/uploads\/2025\/02\/Gelbband-Papageifisch_1024x768.jpg\" alt=\"\" class=\"wp-image-8796\" srcset=\"https:\/\/alles-ueber-riffe.de\/wp-content\/uploads\/2025\/02\/Gelbband-Papageifisch_1024x768.jpg 1024w, https:\/\/alles-ueber-riffe.de\/wp-content\/uploads\/2025\/02\/Gelbband-Papageifisch_1024x768-300x225.jpg 300w, https:\/\/alles-ueber-riffe.de\/wp-content\/uploads\/2025\/02\/Gelbband-Papageifisch_1024x768-768x576.jpg 768w\" sizes=\"auto, (max-width: 767px) 89vw, (max-width: 1000px) 54vw, (max-width: 1071px) 543px, 580px\" \/><figcaption class=\"wp-element-caption\">\u00a9 Joris Rombouts<\/figcaption><\/figure>\n\n\n\n<hr class=\"wp-block-separator has-alpha-channel-opacity is-style-default\"\/>\n\n\n\n<p><strong>Gr\u00f6\u00dfe: <\/strong> bis 40 cm<\/p>\n\n\n\n<p><strong>Lebensraum:<\/strong> Korallen- und Felsenriffe<\/p>\n\n\n\n<p><strong>Vorkommen:  <\/strong>von Ostindonesien, Philippinen, S\u00fcdjapan, Papua-Neuguinea, Nordaustralien, Ozeanien bis Franz\u00f6sisch-Polynesien<\/p>\n\n\n\n<p><strong>Erkennungsmerkmale:<\/strong> Grundfarbe braun; bis zu f\u00fcnf mehr oder weniger stark ausgepr\u00e4gten, gelbe Querstreifen; manchmal auch nur ein Querstreifen<\/p>\n\n\n\n<p><strong>Biologie &amp; Verhalten: <\/strong>M\u00e4nnchen Einzelg\u00e4nger und territorial. Juvenile und Weibchen auch in Gruppen. Oft auch zusammen mit anderen Arten. Fressen Algen vom Substrat.<\/p>\n\n\n\n<p><strong>Bedrohungsstatus:<\/strong> Die Art wird auf der Roten Liste der IUCN als <mark style=\"background-color:rgba(0, 0, 0, 0)\" class=\"has-inline-color has-vivid-green-cyan-color\">\u201enicht gef\u00e4hrdet\u201c<\/mark> gef\u00fchrt.<\/p>\n\n\n\n<hr class=\"wp-block-separator has-alpha-channel-opacity is-style-default\"\/>\n\n\n\n<p><\/p>\n","protected":false},"excerpt":{"rendered":"<p>Gelbband-Papageifisch Yelloband parrotfish Scarus schlegeli Gr\u00f6\u00dfe: bis 40 cm Lebensraum: Korallen- und Felsenriffe Vorkommen: von Ostindonesien, Philippinen, S\u00fcdjapan, Papua-Neuguinea, Nordaustralien, Ozeanien bis Franz\u00f6sisch-Polynesien Erkennungsmerkmale: Grundfarbe braun; bis zu f\u00fcnf mehr oder weniger stark ausgepr\u00e4gten, gelbe Querstreifen; manchmal auch nur ein Querstreifen Biologie &amp; Verhalten: M\u00e4nnchen Einzelg\u00e4nger und territorial. Juvenile und Weibchen auch in Gruppen. Oft &hellip; <\/p>\n<p class=\"link-more\"><a href=\"https:\/\/alles-ueber-riffe.de\/?page_id=8695\" class=\"more-link\"><span class=\"screen-reader-text\">\u201eGelband-Papageifisch\u201c<\/span> weiterlesen<\/a><\/p>\n","protected":false},"author":1,"featured_media":0,"parent":0,"menu_order":0,"comment_status":"closed","ping_status":"closed","template":"","meta":{"footnotes":""},"class_list":["post-8695","page","type-page","status-publish","hentry"],"_links":{"self":[{"href":"https:\/\/alles-ueber-riffe.de\/index.php?rest_route=\/wp\/v2\/pages\/8695","targetHints":{"allow":["GET"]}}],"collection":[{"href":"https:\/\/alles-ueber-riffe.de\/index.php?rest_route=\/wp\/v2\/pages"}],"about":[{"href":"https:\/\/alles-ueber-riffe.de\/index.php?rest_route=\/wp\/v2\/types\/page"}],"author":[{"embeddable":true,"href":"https:\/\/alles-ueber-riffe.de\/index.php?rest_route=\/wp\/v2\/users\/1"}],"replies":[{"embeddable":true,"href":"https:\/\/alles-ueber-riffe.de\/index.php?rest_route=%2Fwp%2Fv2%2Fcomments&post=8695"}],"version-history":[{"count":4,"href":"https:\/\/alles-ueber-riffe.de\/index.php?rest_route=\/wp\/v2\/pages\/8695\/revisions"}],"predecessor-version":[{"id":8799,"href":"https:\/\/alles-ueber-riffe.de\/index.php?rest_route=\/wp\/v2\/pages\/8695\/revisions\/8799"}],"wp:attachment":[{"href":"https:\/\/alles-ueber-riffe.de\/index.php?rest_route=%2Fwp%2Fv2%2Fmedia&parent=8695"}],"curies":[{"name":"wp","href":"https:\/\/api.w.org\/{rel}","templated":true}]}}