{"id":8693,"date":"2025-02-02T22:27:30","date_gmt":"2025-02-02T22:27:30","guid":{"rendered":"https:\/\/alles-ueber-riffe.de\/?page_id=8693"},"modified":"2025-02-04T22:06:06","modified_gmt":"2025-02-04T22:06:06","slug":"dreifarben-papageifisch","status":"publish","type":"page","link":"https:\/\/alles-ueber-riffe.de\/?page_id=8693","title":{"rendered":"Dreifarben Papageifisch"},"content":{"rendered":"\n<div class=\"wp-block-group is-vertical is-layout-flex wp-container-core-group-is-layout-8cf370e7 wp-block-group-is-layout-flex\">\n<p><strong>Dreifarben Papageifisch<\/strong><\/p>\n\n\n\n<p>Tricolor parrotfish<\/p>\n\n\n\n<p><em>Scarus tricolor<\/em><\/p>\n<\/div>\n\n\n\n<div style=\"height:30px\" aria-hidden=\"true\" class=\"wp-block-spacer\"><\/div>\n\n\n\n<figure class=\"wp-block-image size-full\"><img loading=\"lazy\" decoding=\"async\" width=\"1024\" height=\"768\" src=\"https:\/\/alles-ueber-riffe.de\/wp-content\/uploads\/2025\/02\/Dreifarben-Papageifisch_1024x768.jpg\" alt=\"\" class=\"wp-image-8791\" srcset=\"https:\/\/alles-ueber-riffe.de\/wp-content\/uploads\/2025\/02\/Dreifarben-Papageifisch_1024x768.jpg 1024w, https:\/\/alles-ueber-riffe.de\/wp-content\/uploads\/2025\/02\/Dreifarben-Papageifisch_1024x768-300x225.jpg 300w, https:\/\/alles-ueber-riffe.de\/wp-content\/uploads\/2025\/02\/Dreifarben-Papageifisch_1024x768-768x576.jpg 768w\" sizes=\"auto, (max-width: 767px) 89vw, (max-width: 1000px) 54vw, (max-width: 1071px) 543px, 580px\" \/><figcaption class=\"wp-element-caption\">\u00a9 Joris Rombouts<\/figcaption><\/figure>\n\n\n\n<hr class=\"wp-block-separator has-alpha-channel-opacity is-style-default\"\/>\n\n\n\n<p><strong>Gr\u00f6\u00dfe: <\/strong> bis 27 cm<\/p>\n\n\n\n<p><strong>Lebensraum:<\/strong> Korallen- und Felsenriffe<\/p>\n\n\n\n<p><strong>Vorkommen:  <\/strong>von Ostafrika, Rotes Meer, Malediven, ganz S\u00fcdostasien, Papua-Neuguinea, Nordaustralien, Ozeanien bis Tonga<\/p>\n\n\n\n<p><strong>Erkennungsmerkmale:<\/strong> Grundfarbe dunkelblau bis schwarz; rote After- und Schwanzflosse; wei\u00dfes Maul<\/p>\n\n\n\n<p><strong>Biologie &amp; Verhalten: <\/strong>Dieser Papageifisch ist einzeln, seltener in kleinen Gruppen im Riff unterwegs. Fri\u00dft Algen vom Substrat.<\/p>\n\n\n\n<p><strong>Bedrohungsstatus:<\/strong> Die Art wird auf der Roten Liste der IUCN als <mark style=\"background-color:rgba(0, 0, 0, 0)\" class=\"has-inline-color has-vivid-green-cyan-color\">\u201enicht gef\u00e4hrdet\u201c<\/mark> gef\u00fchrt.<\/p>\n\n\n\n<hr class=\"wp-block-separator has-alpha-channel-opacity is-style-default\"\/>\n\n\n\n<p><\/p>\n","protected":false},"excerpt":{"rendered":"<p>Dreifarben Papageifisch Tricolor parrotfish Scarus tricolor Gr\u00f6\u00dfe: bis 27 cm Lebensraum: Korallen- und Felsenriffe Vorkommen: von Ostafrika, Rotes Meer, Malediven, ganz S\u00fcdostasien, Papua-Neuguinea, Nordaustralien, Ozeanien bis Tonga Erkennungsmerkmale: Grundfarbe dunkelblau bis schwarz; rote After- und Schwanzflosse; wei\u00dfes Maul Biologie &amp; Verhalten: Dieser Papageifisch ist einzeln, seltener in kleinen Gruppen im Riff unterwegs. Fri\u00dft Algen vom &hellip; <\/p>\n<p class=\"link-more\"><a href=\"https:\/\/alles-ueber-riffe.de\/?page_id=8693\" class=\"more-link\"><span class=\"screen-reader-text\">\u201eDreifarben Papageifisch\u201c<\/span> weiterlesen<\/a><\/p>\n","protected":false},"author":1,"featured_media":0,"parent":0,"menu_order":0,"comment_status":"closed","ping_status":"closed","template":"","meta":{"footnotes":""},"class_list":["post-8693","page","type-page","status-publish","hentry"],"_links":{"self":[{"href":"https:\/\/alles-ueber-riffe.de\/index.php?rest_route=\/wp\/v2\/pages\/8693","targetHints":{"allow":["GET"]}}],"collection":[{"href":"https:\/\/alles-ueber-riffe.de\/index.php?rest_route=\/wp\/v2\/pages"}],"about":[{"href":"https:\/\/alles-ueber-riffe.de\/index.php?rest_route=\/wp\/v2\/types\/page"}],"author":[{"embeddable":true,"href":"https:\/\/alles-ueber-riffe.de\/index.php?rest_route=\/wp\/v2\/users\/1"}],"replies":[{"embeddable":true,"href":"https:\/\/alles-ueber-riffe.de\/index.php?rest_route=%2Fwp%2Fv2%2Fcomments&post=8693"}],"version-history":[{"count":4,"href":"https:\/\/alles-ueber-riffe.de\/index.php?rest_route=\/wp\/v2\/pages\/8693\/revisions"}],"predecessor-version":[{"id":8794,"href":"https:\/\/alles-ueber-riffe.de\/index.php?rest_route=\/wp\/v2\/pages\/8693\/revisions\/8794"}],"wp:attachment":[{"href":"https:\/\/alles-ueber-riffe.de\/index.php?rest_route=%2Fwp%2Fv2%2Fmedia&parent=8693"}],"curies":[{"name":"wp","href":"https:\/\/api.w.org\/{rel}","templated":true}]}}