{"id":869,"date":"2024-10-16T17:52:30","date_gmt":"2024-10-16T17:52:30","guid":{"rendered":"https:\/\/alles-ueber-riffe.de\/?page_id=869"},"modified":"2025-02-06T16:11:39","modified_gmt":"2025-02-06T16:11:39","slug":"grosser-hammerhai","status":"publish","type":"page","link":"https:\/\/alles-ueber-riffe.de\/?page_id=869","title":{"rendered":"Gro\u00dfer Hammerhai"},"content":{"rendered":"\n<div class=\"wp-block-group is-vertical is-layout-flex wp-container-core-group-is-layout-8cf370e7 wp-block-group-is-layout-flex\">\n<p><strong>Gro\u00dfer Hammerhai<\/strong><\/p>\n\n\n\n<p>Great Hammerhead<\/p>\n\n\n\n<p><em>(Sphyrna mokarran<\/em>)<\/p>\n<\/div>\n\n\n\n<div style=\"height:49px\" aria-hidden=\"true\" class=\"wp-block-spacer\"><\/div>\n\n\n\n<figure class=\"wp-block-image size-full\"><img loading=\"lazy\" decoding=\"async\" width=\"1024\" height=\"768\" src=\"https:\/\/alles-ueber-riffe.de\/wp-content\/uploads\/2024\/10\/Grosser_Hammerhai_1024x768.jpg\" alt=\"\" class=\"wp-image-959\" srcset=\"https:\/\/alles-ueber-riffe.de\/wp-content\/uploads\/2024\/10\/Grosser_Hammerhai_1024x768.jpg 1024w, https:\/\/alles-ueber-riffe.de\/wp-content\/uploads\/2024\/10\/Grosser_Hammerhai_1024x768-300x225.jpg 300w, https:\/\/alles-ueber-riffe.de\/wp-content\/uploads\/2024\/10\/Grosser_Hammerhai_1024x768-768x576.jpg 768w\" sizes=\"auto, (max-width: 767px) 89vw, (max-width: 1000px) 54vw, (max-width: 1071px) 543px, 580px\" \/><figcaption class=\"wp-element-caption\"><em>\u00a9 Heinz Krimmer<\/em><\/figcaption><\/figure>\n\n\n\n<div style=\"height:50px\" aria-hidden=\"true\" class=\"wp-block-spacer\"><\/div>\n\n\n\n<p><strong>Gr\u00f6\u00dfe: <\/strong> bis 6,00 m<\/p>\n\n\n\n<p><strong>Lebensraum:<\/strong> Freiwasser in K\u00fcsten-, Riff- oder Inseln\u00e4he<\/p>\n\n\n\n<p><strong>Vorkommen:  <\/strong> im gesamten tropischen Indopazifik und Atlantik<\/p>\n\n\n\n<p><strong>Erkennungsmerkmale: <\/strong> ausgepr\u00e4gte Hammerkopfform und gro\u00dfe sichelf\u00f6rmige R\u00fcckenflosse. Mit Abstand gr\u00f6\u00dfter Hammerhai.<\/p>\n\n\n\n<p><strong>Biologie &amp; Verhalten: <\/strong> Die Leibspeise der Gro\u00dfen Hammerhaie sind Stechrochen. Zuerst bei\u00dfen sie ihnen die Flossen ab, damit sie nicht mehr fl\u00fcchten k\u00f6nnen, um sie danach in Ruhe zu vertilgen. Gegen das Gift im Stachel ihrer Beute sind sie immun. \u00c4ltere Exemplare haben oft zahlreiche&nbsp;Stacheln&nbsp;in ihrem K\u00f6rper stecken.&nbsp;<\/p>\n\n\n\n<p>Der Gro\u00dfe Hammerhai lebt bis auf die Paarungszeit als Einzelg\u00e4nger. Ein Weibchen kann nach einer 11 Monaten Tragzeit bis zu 50 Junge geb\u00e4ren. Diese sind sofort selbstst\u00e4ndig. Wegen der gro\u00dfen \u00c4hnlichkeit ist eine Verwechslung mit dem Bogenstirn-Hammerhai leicht m\u00f6glich.&nbsp;<\/p>\n\n\n\n<p><strong>Gefahr:<\/strong> Auch dieser Hammerhai ist eher scheu und an Menschen nicht interessiert. Trotzdem gilt er als der aggressivste Hammerhai. Wirklich bewiesen ist das nicht, dann bei den \u00fcber 30 registrierten Haiunf\u00e4llen mit Hammerhaien konnte selten die genaue Art bestimmt werden.<\/p>\n\n\n\n<p><strong>Bedrohungsstatus:<\/strong> Er wird auf der Roten Liste der IUCN als \u201estark gef\u00e4hrdet\u201c eingestuft.<\/p>\n\n\n\n<p><strong>Video:<\/strong>  \u00a9 Heinz Krimmer<\/p>\n\n\n\n<hr class=\"wp-block-separator has-alpha-channel-opacity is-style-wide\"\/>\n","protected":false},"excerpt":{"rendered":"<p>Gro\u00dfer Hammerhai Great Hammerhead (Sphyrna mokarran) Gr\u00f6\u00dfe: bis 6,00 m Lebensraum: Freiwasser in K\u00fcsten-, Riff- oder Inseln\u00e4he Vorkommen: im gesamten tropischen Indopazifik und Atlantik Erkennungsmerkmale: ausgepr\u00e4gte Hammerkopfform und gro\u00dfe sichelf\u00f6rmige R\u00fcckenflosse. Mit Abstand gr\u00f6\u00dfter Hammerhai. Biologie &amp; Verhalten: Die Leibspeise der Gro\u00dfen Hammerhaie sind Stechrochen. Zuerst bei\u00dfen sie ihnen die Flossen ab, damit sie nicht &hellip; <\/p>\n<p class=\"link-more\"><a href=\"https:\/\/alles-ueber-riffe.de\/?page_id=869\" class=\"more-link\"><span class=\"screen-reader-text\">\u201eGro\u00dfer Hammerhai\u201c<\/span> weiterlesen<\/a><\/p>\n","protected":false},"author":1,"featured_media":0,"parent":0,"menu_order":0,"comment_status":"closed","ping_status":"closed","template":"","meta":{"footnotes":""},"class_list":["post-869","page","type-page","status-publish","hentry"],"_links":{"self":[{"href":"https:\/\/alles-ueber-riffe.de\/index.php?rest_route=\/wp\/v2\/pages\/869","targetHints":{"allow":["GET"]}}],"collection":[{"href":"https:\/\/alles-ueber-riffe.de\/index.php?rest_route=\/wp\/v2\/pages"}],"about":[{"href":"https:\/\/alles-ueber-riffe.de\/index.php?rest_route=\/wp\/v2\/types\/page"}],"author":[{"embeddable":true,"href":"https:\/\/alles-ueber-riffe.de\/index.php?rest_route=\/wp\/v2\/users\/1"}],"replies":[{"embeddable":true,"href":"https:\/\/alles-ueber-riffe.de\/index.php?rest_route=%2Fwp%2Fv2%2Fcomments&post=869"}],"version-history":[{"count":5,"href":"https:\/\/alles-ueber-riffe.de\/index.php?rest_route=\/wp\/v2\/pages\/869\/revisions"}],"predecessor-version":[{"id":8986,"href":"https:\/\/alles-ueber-riffe.de\/index.php?rest_route=\/wp\/v2\/pages\/869\/revisions\/8986"}],"wp:attachment":[{"href":"https:\/\/alles-ueber-riffe.de\/index.php?rest_route=%2Fwp%2Fv2%2Fmedia&parent=869"}],"curies":[{"name":"wp","href":"https:\/\/api.w.org\/{rel}","templated":true}]}}