{"id":867,"date":"2024-10-16T17:52:11","date_gmt":"2024-10-16T17:52:11","guid":{"rendered":"https:\/\/alles-ueber-riffe.de\/?page_id=867"},"modified":"2025-02-06T16:11:11","modified_gmt":"2025-02-06T16:11:11","slug":"grauer-riffhai","status":"publish","type":"page","link":"https:\/\/alles-ueber-riffe.de\/?page_id=867","title":{"rendered":"Grauer Riffhai"},"content":{"rendered":"\n<div class=\"wp-block-group is-vertical is-layout-flex wp-container-core-group-is-layout-8cf370e7 wp-block-group-is-layout-flex\">\n<p><strong>Grauer Riffhai<\/strong><\/p>\n\n\n\n<p>Grey reef shark<\/p>\n\n\n\n<p><em>(Carcharhinus amblyrhynchos&nbsp;<em style=\"font-size: revert;\">)<\/em><\/em><\/p>\n<\/div>\n\n\n\n<div style=\"height:50px\" aria-hidden=\"true\" class=\"wp-block-spacer\"><\/div>\n\n\n\n<figure class=\"wp-block-image size-full\"><img loading=\"lazy\" decoding=\"async\" width=\"1024\" height=\"768\" src=\"https:\/\/alles-ueber-riffe.de\/wp-content\/uploads\/2024\/10\/Grauer_Riffhai_1024x768.jpg\" alt=\"\" class=\"wp-image-1078\" srcset=\"https:\/\/alles-ueber-riffe.de\/wp-content\/uploads\/2024\/10\/Grauer_Riffhai_1024x768.jpg 1024w, https:\/\/alles-ueber-riffe.de\/wp-content\/uploads\/2024\/10\/Grauer_Riffhai_1024x768-300x225.jpg 300w, https:\/\/alles-ueber-riffe.de\/wp-content\/uploads\/2024\/10\/Grauer_Riffhai_1024x768-768x576.jpg 768w\" sizes=\"auto, (max-width: 767px) 89vw, (max-width: 1000px) 54vw, (max-width: 1071px) 543px, 580px\" \/><figcaption class=\"wp-element-caption\"><em>\u00a9 Tomas Kotouc<\/em><\/figcaption><\/figure>\n\n\n\n<div style=\"height:50px\" aria-hidden=\"true\" class=\"wp-block-spacer\"><\/div>\n\n\n\n<p><strong>Gr\u00f6\u00dfe: <\/strong> bis 2,50 m<\/p>\n\n\n\n<p><strong>Lebensraum:<\/strong> Korallenriffe, vor allem an den Riffabh\u00e4ngen<\/p>\n\n\n\n<p><strong>Vorkommen:  <\/strong> in allen tropischen Gebieten des Indopazifik au\u00dfer der K\u00fcste Mittelamerikas<\/p>\n\n\n\n<p><strong>Erkennungsmerkmale: <\/strong> graue bis graubraune F\u00e4rbung am R\u00fccken und auf der Seite; Bauch hell; von \u00e4hnlichen Requiemhaien, wie z.B. dem Galapagoshai unterscheidet er sich durch seine deutlich bulligere Form.<\/p>\n\n\n\n<p><strong>Biologie &amp; Verhalten: <\/strong> Neben dem Wei\u00dfspitzen- und dem Schwarzspitzenriffhai sind die Grauen Riffhaie die h\u00e4ufigsten Riffhaie.&nbsp;&nbsp;Mit Letzteren teilen sie sich in der Regel den Lebensraum auf. Die Schwarzspitzenriffhaie besiedeln den flacheren, die Grauen Riffhaie die tieferen Teile des Riffes. Gibt es keine Schwarzspitzenriffhaie, so besiedeln die Grauen Riffhaie beide Bereiche. Biologen nennen dieses Ph\u00e4nomen Mikrohabitat-Trennung.<\/p>\n\n\n\n<p>Die Weibchen sind kleiner und nicht so kr\u00e4ftig. Nach dem Erreichen der Geschlechtsreife mit ca. sieben Jahren geb\u00e4ren die Weibchen&nbsp;bis zu maximal&nbsp;<em>s<\/em>ieben Junge, die ca. 50 cm gro\u00df sind. Graue Riffhaie k\u00f6nnen 25 Jahre alt werden.<\/p>\n\n\n\n<p>Die nachtaktiven R\u00e4uber jagen fast alle mittelgro\u00dfen Fischarten, die im Riff vorkommen.<\/p>\n\n\n\n<p>Adulte Graue Riffhaie sind territorial und verteidigen ihr Revier gegen Artgenossen. Das Drohverhalten, das als \u201ebuckeln\u201c bekannt ist, beherrschen sie am Besten.<\/p>\n\n\n\n<p><strong>Gefahr:<\/strong> Vereinzelt kam es zu aggressivem Verhalten gegen\u00fcber Menschen.&nbsp;<\/p>\n\n\n\n<p><strong>Bedrohungsstatus:<\/strong> Auf der Roten Liste der IUCN ist der Pazifische Fuchshai als \u201enicht gef\u00e4hrdet\u201c eingestuft.<\/p>\n\n\n\n<p><strong>Foto:<\/strong> \u00a9 Tomas Kotouc<\/p>\n\n\n\n<hr class=\"wp-block-separator has-alpha-channel-opacity is-style-wide\"\/>\n","protected":false},"excerpt":{"rendered":"<p>Grauer Riffhai Grey reef shark (Carcharhinus amblyrhynchos&nbsp;) Gr\u00f6\u00dfe: bis 2,50 m Lebensraum: Korallenriffe, vor allem an den Riffabh\u00e4ngen Vorkommen: in allen tropischen Gebieten des Indopazifik au\u00dfer der K\u00fcste Mittelamerikas Erkennungsmerkmale: graue bis graubraune F\u00e4rbung am R\u00fccken und auf der Seite; Bauch hell; von \u00e4hnlichen Requiemhaien, wie z.B. dem Galapagoshai unterscheidet er sich durch seine deutlich &hellip; <\/p>\n<p class=\"link-more\"><a href=\"https:\/\/alles-ueber-riffe.de\/?page_id=867\" class=\"more-link\"><span class=\"screen-reader-text\">\u201eGrauer Riffhai\u201c<\/span> weiterlesen<\/a><\/p>\n","protected":false},"author":1,"featured_media":0,"parent":0,"menu_order":0,"comment_status":"closed","ping_status":"closed","template":"","meta":{"footnotes":""},"class_list":["post-867","page","type-page","status-publish","hentry"],"_links":{"self":[{"href":"https:\/\/alles-ueber-riffe.de\/index.php?rest_route=\/wp\/v2\/pages\/867","targetHints":{"allow":["GET"]}}],"collection":[{"href":"https:\/\/alles-ueber-riffe.de\/index.php?rest_route=\/wp\/v2\/pages"}],"about":[{"href":"https:\/\/alles-ueber-riffe.de\/index.php?rest_route=\/wp\/v2\/types\/page"}],"author":[{"embeddable":true,"href":"https:\/\/alles-ueber-riffe.de\/index.php?rest_route=\/wp\/v2\/users\/1"}],"replies":[{"embeddable":true,"href":"https:\/\/alles-ueber-riffe.de\/index.php?rest_route=%2Fwp%2Fv2%2Fcomments&post=867"}],"version-history":[{"count":6,"href":"https:\/\/alles-ueber-riffe.de\/index.php?rest_route=\/wp\/v2\/pages\/867\/revisions"}],"predecessor-version":[{"id":8985,"href":"https:\/\/alles-ueber-riffe.de\/index.php?rest_route=\/wp\/v2\/pages\/867\/revisions\/8985"}],"wp:attachment":[{"href":"https:\/\/alles-ueber-riffe.de\/index.php?rest_route=%2Fwp%2Fv2%2Fmedia&parent=867"}],"curies":[{"name":"wp","href":"https:\/\/api.w.org\/{rel}","templated":true}]}}