{"id":865,"date":"2024-10-16T17:51:56","date_gmt":"2024-10-16T17:51:56","guid":{"rendered":"https:\/\/alles-ueber-riffe.de\/?page_id=865"},"modified":"2025-02-06T16:10:32","modified_gmt":"2025-02-06T16:10:32","slug":"galapagoshai","status":"publish","type":"page","link":"https:\/\/alles-ueber-riffe.de\/?page_id=865","title":{"rendered":"Galapagoshai"},"content":{"rendered":"\n<div class=\"wp-block-group is-vertical is-layout-flex wp-container-core-group-is-layout-8cf370e7 wp-block-group-is-layout-flex\">\n<p><strong>Galapagoshai <\/strong><\/p>\n\n\n\n<p>Galapagos shark<\/p>\n\n\n\n<p><em>(Carcharhinus galapagensis<em style=\"font-size: revert;\">)<\/em><\/em><\/p>\n\n\n\n<div style=\"height:50px\" aria-hidden=\"true\" class=\"wp-block-spacer wp-container-content-b30579f5\"><\/div>\n\n\n\n<figure class=\"wp-block-video\"><video height=\"576\" style=\"aspect-ratio: 1024 \/ 576;\" width=\"1024\" controls src=\"https:\/\/alles-ueber-riffe.de\/wp-content\/uploads\/2024\/10\/Galapagoshai_1024x576.mp4\"><\/video><figcaption class=\"wp-element-caption\"><em>\u00a9 Heinz Krimmer<\/em><\/figcaption><\/figure>\n<\/div>\n\n\n\n<div style=\"height:50px\" aria-hidden=\"true\" class=\"wp-block-spacer\"><\/div>\n\n\n\n<p><strong>Gr\u00f6\u00dfe: <\/strong> bis 3,70 m<\/p>\n\n\n\n<p><strong>Lebensraum:<\/strong> an Riffen ozeanischer Inseln<\/p>\n\n\n\n<p><strong>Vorkommen:  <\/strong>in allen tropischen Meeren<\/p>\n\n\n\n<p><strong>Erkennungsmerkmale: <\/strong> schlanker Hai; Farbe graubraun; Bauch wei\u00df<\/p>\n\n\n\n<p><strong>Biologie &amp; Verhalten: <\/strong> Der Galapagoshai lebt keinesfalls, wie der Name vermuten l\u00e4sst, nur im Galapagosarchipel. Er hei\u00dft so, weil er dort 1905 zum ersten Mal wissenschaftlich beschrieben wurde. Stattdessen ist er weltweit anzutreffen, wobei er ausschliesslich abgelegene Inseln in tropischen Gew\u00e4ssern bevorzugt. Man findet ihn z.B.&nbsp;bei Madagaskar, den Marshall Inseln, Hawaii, und nat\u00fcrlich den Galapagos Inseln. Damit leben Galapagoshaie in isolierten Gebieten, die oft Tausende von Kilometern auseinander liegen.<\/p>\n\n\n\n<p>Fuchshaie geb\u00e4ren nach 10 Monaten nur wenige Jungtiere. Sie sind als pelagisch lebende Haie nur selten zu sehen. Gelegentlich suchen sie Putzerstationen an Korallenriffen auf.<\/p>\n\n\n\n<p><strong>Gefahr:<\/strong> Galapagoshaie sind sehr neugierig und n\u00e4hern sich Tauchern vorsichtig und am liebsten von hinten. Vereinzelt kam es zu&nbsp;aggressivem Verhalten&nbsp;gegen\u00fcber Menschen.<\/p>\n\n\n\n<p><strong>Bedrohungsstatus:<\/strong>  Auf der Liste der IUCN wird der Galapagoshai auf der Vorwarnliste f\u00fcr gef\u00e4hrdete Arten gef\u00fchrt.<\/p>\n\n\n\n<p><strong>Video:<\/strong>  \u00a9 Heinz Krimmer<\/p>\n\n\n\n<hr class=\"wp-block-separator has-alpha-channel-opacity is-style-wide\"\/>\n","protected":false},"excerpt":{"rendered":"<p>Galapagoshai Galapagos shark (Carcharhinus galapagensis) Gr\u00f6\u00dfe: bis 3,70 m Lebensraum: an Riffen ozeanischer Inseln Vorkommen: in allen tropischen Meeren Erkennungsmerkmale: schlanker Hai; Farbe graubraun; Bauch wei\u00df Biologie &amp; Verhalten: Der Galapagoshai lebt keinesfalls, wie der Name vermuten l\u00e4sst, nur im Galapagosarchipel. Er hei\u00dft so, weil er dort 1905 zum ersten Mal wissenschaftlich beschrieben wurde. Stattdessen &hellip; <\/p>\n<p class=\"link-more\"><a href=\"https:\/\/alles-ueber-riffe.de\/?page_id=865\" class=\"more-link\"><span class=\"screen-reader-text\">\u201eGalapagoshai\u201c<\/span> weiterlesen<\/a><\/p>\n","protected":false},"author":1,"featured_media":0,"parent":0,"menu_order":0,"comment_status":"closed","ping_status":"closed","template":"","meta":{"footnotes":""},"class_list":["post-865","page","type-page","status-publish","hentry"],"_links":{"self":[{"href":"https:\/\/alles-ueber-riffe.de\/index.php?rest_route=\/wp\/v2\/pages\/865","targetHints":{"allow":["GET"]}}],"collection":[{"href":"https:\/\/alles-ueber-riffe.de\/index.php?rest_route=\/wp\/v2\/pages"}],"about":[{"href":"https:\/\/alles-ueber-riffe.de\/index.php?rest_route=\/wp\/v2\/types\/page"}],"author":[{"embeddable":true,"href":"https:\/\/alles-ueber-riffe.de\/index.php?rest_route=\/wp\/v2\/users\/1"}],"replies":[{"embeddable":true,"href":"https:\/\/alles-ueber-riffe.de\/index.php?rest_route=%2Fwp%2Fv2%2Fcomments&post=865"}],"version-history":[{"count":5,"href":"https:\/\/alles-ueber-riffe.de\/index.php?rest_route=\/wp\/v2\/pages\/865\/revisions"}],"predecessor-version":[{"id":8983,"href":"https:\/\/alles-ueber-riffe.de\/index.php?rest_route=\/wp\/v2\/pages\/865\/revisions\/8983"}],"wp:attachment":[{"href":"https:\/\/alles-ueber-riffe.de\/index.php?rest_route=%2Fwp%2Fv2%2Fmedia&parent=865"}],"curies":[{"name":"wp","href":"https:\/\/api.w.org\/{rel}","templated":true}]}}