{"id":863,"date":"2024-10-16T17:51:30","date_gmt":"2024-10-16T17:51:30","guid":{"rendered":"https:\/\/alles-ueber-riffe.de\/?page_id=863"},"modified":"2025-02-06T16:09:36","modified_gmt":"2025-02-06T16:09:36","slug":"fransenteppichhai","status":"publish","type":"page","link":"https:\/\/alles-ueber-riffe.de\/?page_id=863","title":{"rendered":"Fransenteppichhai"},"content":{"rendered":"\n<div class=\"wp-block-group is-vertical is-layout-flex wp-container-core-group-is-layout-8cf370e7 wp-block-group-is-layout-flex\">\n<p><strong>Fransenteppichhai<\/strong><\/p>\n\n\n\n<p>Tasselled wobbegong<\/p>\n\n\n\n<p><em>(Eucrossorinus dasypogon<em style=\"font-size: revert;\">)<\/em><\/em><\/p>\n<\/div>\n\n\n\n<div style=\"height:50px\" aria-hidden=\"true\" class=\"wp-block-spacer\"><\/div>\n\n\n\n<figure class=\"wp-block-image size-full\"><img loading=\"lazy\" decoding=\"async\" width=\"1024\" height=\"768\" src=\"https:\/\/alles-ueber-riffe.de\/wp-content\/uploads\/2024\/10\/Fransenteppichhai_1024x768.jpg\" alt=\"\" class=\"wp-image-926\" srcset=\"https:\/\/alles-ueber-riffe.de\/wp-content\/uploads\/2024\/10\/Fransenteppichhai_1024x768.jpg 1024w, https:\/\/alles-ueber-riffe.de\/wp-content\/uploads\/2024\/10\/Fransenteppichhai_1024x768-300x225.jpg 300w, https:\/\/alles-ueber-riffe.de\/wp-content\/uploads\/2024\/10\/Fransenteppichhai_1024x768-768x576.jpg 768w\" sizes=\"auto, (max-width: 767px) 89vw, (max-width: 1000px) 54vw, (max-width: 1071px) 543px, 580px\" \/><figcaption class=\"wp-element-caption\"><em>\u00a9 Heinz Krimmer<\/em><\/figcaption><\/figure>\n\n\n\n<div style=\"height:50px\" aria-hidden=\"true\" class=\"wp-block-spacer\"><\/div>\n\n\n\n<p><strong>Gr\u00f6\u00dfe: <\/strong> bis 1,80 m<\/p>\n\n\n\n<p><strong>Lebensraum:<\/strong> Flachwasserbereiche der Korallenriffe<\/p>\n\n\n\n<p><strong>Vorkommen:  <\/strong> Indonesien, Papua-Neuguinea und Nord-Australien<\/p>\n\n\n\n<p><strong>Erkennungsmerkmale: <\/strong> flacher, bodenlebender Hai mit Fransen am breiten Kopf; Farbe variabel von beige bis rotbraun, je nach Untergrund.<\/p>\n\n\n\n<p><strong>Biologie &amp; Verhalten: <\/strong> Der Fransenteppichhai ist \u2013 ganz untypisch f\u00fcr Haie \u2013 ein Lauerj\u00e4ger. Er liegt gut getarnt am Meeresboden und wartet auf vorbeikommende Beute. Damit verh\u00e4lt er eher wie ein Krokodils-, Angler- oder Skorpionsfisch. Sein Maul kann er gigantisch weit \u00f6ffnen und Beute verschlingen, die fast seine Gr\u00f6\u00dfe hat. Er wird nachts aktiv.<\/p>\n\n\n\n<p>\u00dcber seine Biologie und weitere Lebensweise ist wenig bekannt. Insgesamt sind 11 Arten von Teppichhaien oder Wobbegongs beschrieben.<\/p>\n\n\n\n<p><strong>Gefahr:<\/strong> Fuchshaie sind harmlos.<\/p>\n\n\n\n<p><strong>Bedrohungsstatus:<\/strong> Auf der Roten Liste der IUCN ist der Pazifische Fuchshai als \u201epotenziell gef\u00e4hrdet\u201ceingestuft.<\/p>\n\n\n\n<p><strong>Foto:<\/strong> \u00a9 Michael Stadermann<\/p>\n\n\n\n<hr class=\"wp-block-separator has-alpha-channel-opacity is-style-wide\"\/>\n","protected":false},"excerpt":{"rendered":"<p>Fransenteppichhai Tasselled wobbegong (Eucrossorinus dasypogon) Gr\u00f6\u00dfe: bis 1,80 m Lebensraum: Flachwasserbereiche der Korallenriffe Vorkommen: Indonesien, Papua-Neuguinea und Nord-Australien Erkennungsmerkmale: flacher, bodenlebender Hai mit Fransen am breiten Kopf; Farbe variabel von beige bis rotbraun, je nach Untergrund. Biologie &amp; Verhalten: Der Fransenteppichhai ist \u2013 ganz untypisch f\u00fcr Haie \u2013 ein Lauerj\u00e4ger. Er liegt gut getarnt am &hellip; <\/p>\n<p class=\"link-more\"><a href=\"https:\/\/alles-ueber-riffe.de\/?page_id=863\" class=\"more-link\"><span class=\"screen-reader-text\">\u201eFransenteppichhai\u201c<\/span> weiterlesen<\/a><\/p>\n","protected":false},"author":1,"featured_media":0,"parent":0,"menu_order":0,"comment_status":"closed","ping_status":"closed","template":"","meta":{"footnotes":""},"class_list":["post-863","page","type-page","status-publish","hentry"],"_links":{"self":[{"href":"https:\/\/alles-ueber-riffe.de\/index.php?rest_route=\/wp\/v2\/pages\/863","targetHints":{"allow":["GET"]}}],"collection":[{"href":"https:\/\/alles-ueber-riffe.de\/index.php?rest_route=\/wp\/v2\/pages"}],"about":[{"href":"https:\/\/alles-ueber-riffe.de\/index.php?rest_route=\/wp\/v2\/types\/page"}],"author":[{"embeddable":true,"href":"https:\/\/alles-ueber-riffe.de\/index.php?rest_route=\/wp\/v2\/users\/1"}],"replies":[{"embeddable":true,"href":"https:\/\/alles-ueber-riffe.de\/index.php?rest_route=%2Fwp%2Fv2%2Fcomments&post=863"}],"version-history":[{"count":5,"href":"https:\/\/alles-ueber-riffe.de\/index.php?rest_route=\/wp\/v2\/pages\/863\/revisions"}],"predecessor-version":[{"id":8982,"href":"https:\/\/alles-ueber-riffe.de\/index.php?rest_route=\/wp\/v2\/pages\/863\/revisions\/8982"}],"wp:attachment":[{"href":"https:\/\/alles-ueber-riffe.de\/index.php?rest_route=%2Fwp%2Fv2%2Fmedia&parent=863"}],"curies":[{"name":"wp","href":"https:\/\/api.w.org\/{rel}","templated":true}]}}