{"id":861,"date":"2024-10-16T17:51:02","date_gmt":"2024-10-16T17:51:02","guid":{"rendered":"https:\/\/alles-ueber-riffe.de\/?page_id=861"},"modified":"2025-03-02T22:07:22","modified_gmt":"2025-03-02T22:07:22","slug":"epaulettenhai","status":"publish","type":"page","link":"https:\/\/alles-ueber-riffe.de\/?page_id=861","title":{"rendered":"Epaulettenhai"},"content":{"rendered":"\n<div class=\"wp-block-group is-vertical is-layout-flex wp-container-core-group-is-layout-8cf370e7 wp-block-group-is-layout-flex\">\n<p><strong>Epaulettenhai<\/strong><\/p>\n\n\n\n<p>Epaulette shark<\/p>\n\n\n\n<p><em>Hemiscyllium ocellatum<\/em><\/p>\n<\/div>\n\n\n\n<div style=\"height:50px\" aria-hidden=\"true\" class=\"wp-block-spacer\"><\/div>\n\n\n\n<figure class=\"wp-block-image size-full\"><img loading=\"lazy\" decoding=\"async\" width=\"1024\" height=\"768\" src=\"https:\/\/alles-ueber-riffe.de\/wp-content\/uploads\/2024\/10\/Epaulettenhai_1024x768.jpg\" alt=\"\" class=\"wp-image-922\" srcset=\"https:\/\/alles-ueber-riffe.de\/wp-content\/uploads\/2024\/10\/Epaulettenhai_1024x768.jpg 1024w, https:\/\/alles-ueber-riffe.de\/wp-content\/uploads\/2024\/10\/Epaulettenhai_1024x768-300x225.jpg 300w, https:\/\/alles-ueber-riffe.de\/wp-content\/uploads\/2024\/10\/Epaulettenhai_1024x768-768x576.jpg 768w\" sizes=\"auto, (max-width: 767px) 89vw, (max-width: 1000px) 54vw, (max-width: 1071px) 543px, 580px\" \/><figcaption class=\"wp-element-caption\"><em>\u00a9 Heinz Krimmer<\/em><\/figcaption><\/figure>\n\n\n\n<div style=\"height:50px\" aria-hidden=\"true\" class=\"wp-block-spacer\"><\/div>\n\n\n\n<p><strong>Gr\u00f6\u00dfe: <\/strong> bis 1,00 m<\/p>\n\n\n\n<p><strong>Lebensraum:<\/strong> Korallenriffe<\/p>\n\n\n\n<p><strong>Vorkommen:  <\/strong> Indonesien, Papua-Neuguinea, Nordaustralien, Solomon Inseln<\/p>\n\n\n\n<p><strong>Erkennungsmerkmale: <\/strong> gro\u00dfer schwarzer Punkt mit wei\u00dfem Rand \u00fcber den Brustflossen<\/p>\n\n\n\n<p><strong>Biologie &amp; Verhalten: <\/strong> Die gute Nachricht: Der Epaulettenhai geh\u00f6rt zu den wenigen Haiarten, die nicht vom Aussterben bedroht sind. Der Epaulettenhai legt Eier. Viele bodenlebende Haie pflanzen sich so fort, darunter auch die in kalten Gew\u00e4ssern lebenden Katzenhaie.<\/p>\n\n\n\n<p>Epaulettenhaie geh\u00f6ren zu den Ammenhaiartigen und leben wie diese auf dem Boden der Korallenriffe. Wie alle bodenlebenden Haie, m\u00fcssen sie deshalb nicht schwimmen, um atmen zu k\u00f6nnen, sondern \u201epumpen\u201c das Meerwasser vom Maul durch die Kiemen. Die Hauptnahrung besteht aus Wirbellosen, die auf oder im Boden leben.<\/p>\n\n\n\n<p><strong>Gefahr:<\/strong> Epaulettenhaie sind harmlos.<\/p>\n\n\n\n<p><strong>Bedrohungsstatus:<\/strong> Auf der Roten Liste der IUCN ist der Epaulettenhai als <mark style=\"background-color:rgba(0, 0, 0, 0)\" class=\"has-inline-color has-vivid-green-cyan-color\">\u201enicht gef\u00e4hrdet\u201c<\/mark> eingestuft.<\/p>\n\n\n\n<hr class=\"wp-block-separator has-alpha-channel-opacity is-style-wide\"\/>\n","protected":false},"excerpt":{"rendered":"<p>Epaulettenhai Epaulette shark Hemiscyllium ocellatum Gr\u00f6\u00dfe: bis 1,00 m Lebensraum: Korallenriffe Vorkommen: Indonesien, Papua-Neuguinea, Nordaustralien, Solomon Inseln Erkennungsmerkmale: gro\u00dfer schwarzer Punkt mit wei\u00dfem Rand \u00fcber den Brustflossen Biologie &amp; Verhalten: Die gute Nachricht: Der Epaulettenhai geh\u00f6rt zu den wenigen Haiarten, die nicht vom Aussterben bedroht sind. Der Epaulettenhai legt Eier. Viele bodenlebende Haie pflanzen sich &hellip; <\/p>\n<p class=\"link-more\"><a href=\"https:\/\/alles-ueber-riffe.de\/?page_id=861\" class=\"more-link\"><span class=\"screen-reader-text\">\u201eEpaulettenhai\u201c<\/span> weiterlesen<\/a><\/p>\n","protected":false},"author":1,"featured_media":0,"parent":0,"menu_order":0,"comment_status":"closed","ping_status":"closed","template":"","meta":{"footnotes":""},"class_list":["post-861","page","type-page","status-publish","hentry"],"_links":{"self":[{"href":"https:\/\/alles-ueber-riffe.de\/index.php?rest_route=\/wp\/v2\/pages\/861","targetHints":{"allow":["GET"]}}],"collection":[{"href":"https:\/\/alles-ueber-riffe.de\/index.php?rest_route=\/wp\/v2\/pages"}],"about":[{"href":"https:\/\/alles-ueber-riffe.de\/index.php?rest_route=\/wp\/v2\/types\/page"}],"author":[{"embeddable":true,"href":"https:\/\/alles-ueber-riffe.de\/index.php?rest_route=\/wp\/v2\/users\/1"}],"replies":[{"embeddable":true,"href":"https:\/\/alles-ueber-riffe.de\/index.php?rest_route=%2Fwp%2Fv2%2Fcomments&post=861"}],"version-history":[{"count":8,"href":"https:\/\/alles-ueber-riffe.de\/index.php?rest_route=\/wp\/v2\/pages\/861\/revisions"}],"predecessor-version":[{"id":10411,"href":"https:\/\/alles-ueber-riffe.de\/index.php?rest_route=\/wp\/v2\/pages\/861\/revisions\/10411"}],"wp:attachment":[{"href":"https:\/\/alles-ueber-riffe.de\/index.php?rest_route=%2Fwp%2Fv2%2Fmedia&parent=861"}],"curies":[{"name":"wp","href":"https:\/\/api.w.org\/{rel}","templated":true}]}}