{"id":857,"date":"2024-10-16T17:50:24","date_gmt":"2024-10-16T17:50:24","guid":{"rendered":"https:\/\/alles-ueber-riffe.de\/?page_id=857"},"modified":"2024-12-17T14:37:15","modified_gmt":"2024-12-17T14:37:15","slug":"bogenstirn-hammerhai","status":"publish","type":"page","link":"https:\/\/alles-ueber-riffe.de\/?page_id=857","title":{"rendered":"Bogenstirn-Hammerhai"},"content":{"rendered":"\n<div class=\"wp-block-group is-vertical is-layout-flex wp-container-core-group-is-layout-8cf370e7 wp-block-group-is-layout-flex\">\n<p><strong>Bogenstirn-Hammerhai <\/strong><\/p>\n\n\n\n<p>Scalloped hammerhead<\/p>\n\n\n\n<p><em>(Sphyrna lewini&nbsp;<em style=\"font-size: revert;\">)<\/em><\/em><\/p>\n\n\n\n<div class=\"wp-block-columns is-layout-flex wp-container-core-columns-is-layout-9d6595d7 wp-block-columns-is-layout-flex\">\n<div class=\"wp-block-column is-layout-flow wp-block-column-is-layout-flow\" style=\"flex-basis:100%\">\n<figure class=\"wp-block-video\"><video height=\"576\" style=\"aspect-ratio: 1024 \/ 576;\" width=\"1024\" controls src=\"https:\/\/alles-ueber-riffe.de\/wp-content\/uploads\/2024\/10\/Bogenstirnhammerhai_1024x576.mp4\"><\/video><figcaption class=\"wp-element-caption\">\u00a9 Heinz Krimmer<\/figcaption><\/figure>\n<\/div>\n<\/div>\n<\/div>\n\n\n\n<div style=\"height:50px\" aria-hidden=\"true\" class=\"wp-block-spacer\"><\/div>\n\n\n\n<p><strong>Gr\u00f6\u00dfe: <\/strong> bis 4,30 m<\/p>\n\n\n\n<p><strong>Lebensraum:<\/strong> Freiwasser in K\u00fcsten- oder Inseln\u00e4he als auch pelagisch<\/p>\n\n\n\n<p><strong>Vorkommen:  <\/strong> in allen subtropischen und tropischen Bereichen aller Ozeane<\/p>\n\n\n\n<p><strong>Erkennungsmerkmale: <\/strong> ausgepr\u00e4gte Hammerkopfform; Vorderkante bogenf\u00f6rmig<\/p>\n\n\n\n<p><strong>Biologie &amp; Verhalten: <\/strong> An wenigen Orten wie z.B. Cocos, Malpelo oder Galapagos treten diese Haie in gro\u00dfen Schulen mit Hunderten von Tieren auf. Wenn man einmal eine gro\u00dfe Gruppe \u00fcber sich gesehen hat, wird man diesen Anblick nie vergessen. Bogenstirn-Hammerhaie lieben eher k\u00fchles Wasser, so dass sie sich eher im tieferen Bereich ab ca. 30 m aufhalten. Da sie sehr scheu sind, sieht man sie leider meistens nur von weitem.<\/p>\n\n\n\n<p>Bogenstirn-Hammerhaie sind auf Grund ihrer gro\u00dfen Vorkommen die am h\u00e4ufigsten gesichteten Hammerhaie. Ein Weibchen kann nach einer 9 monatigen Tragzeit bis zu 40 Junge geb\u00e4ren. Diese sind sofort selbstst\u00e4ndig. Sie k\u00f6nnen bis zu 30 Jahre alt werden. Sie ern\u00e4hren sich von verschiedenen Fischen, Kalmaren und Rochen.&nbsp;<\/p>\n\n\n\n<p>Wegen der gro\u00dfen \u00c4hnlichkeit ist eine Verwechslung mit dem Gro\u00dfen Hammerhai leicht m\u00f6glich.<\/p>\n\n\n\n<p><strong>Gefahr:<\/strong> Bogenstirn-Hammerhaie sind in der Regel eher scheu und nicht aggressiv. Trotzdem sind 21 Unf\u00e4lle mit dem Bogenstirn-Hammerhai dokumentiert, von denen zwei t\u00f6dlich verliefen.<\/p>\n\n\n\n<p><strong>Bedrohungsstatus:<\/strong> Auf Grund der starken Befischung wird er auf der Roten Liste der IUCN als \u201ebedroht\u201c eingestuft.<\/p>\n\n\n\n<p><strong>Video:<\/strong>  \u00a9 Heinz Krimmer<\/p>\n\n\n\n<p><a href=\"https:\/\/edustock.org\/Bildarchiv\/searchFiles.jsf?searchString=Bogenstirn%20Hammerhai&amp;first=0&amp;pageSize=48&amp;sortBy=dateCreated&amp;sortOrder=&amp;faces-redirect=true\"><mark style=\"background-color:rgba(0, 0, 0, 0)\" class=\"has-inline-color has-vivid-cyan-blue-color\">Fotos von Bogenstirn-Hammerhaien bei unserem Partner Edustock.org. Hier k\u00f6nnen auch Bilder f\u00fcr private oder kommerzielle Zwecke erworben werden.<\/mark><\/a><\/p>\n\n\n\n<hr class=\"wp-block-separator has-alpha-channel-opacity is-style-wide\"\/>\n\n\n\n<p class=\"has-vivid-cyan-blue-color has-text-color has-link-color has-medium-font-size wp-elements-0a74a932be04760c2bc5290eb909734f\"><strong>Mit Hammerhaien tauchen?<\/strong><\/p>\n\n\n\n<p class=\"has-vivid-cyan-blue-color has-text-color has-link-color wp-elements-05632029db11419b895fe2527d27a9af\"><\/p>\n","protected":false},"excerpt":{"rendered":"<p>Bogenstirn-Hammerhai Scalloped hammerhead (Sphyrna lewini&nbsp;) Gr\u00f6\u00dfe: bis 4,30 m Lebensraum: Freiwasser in K\u00fcsten- oder Inseln\u00e4he als auch pelagisch Vorkommen: in allen subtropischen und tropischen Bereichen aller Ozeane Erkennungsmerkmale: ausgepr\u00e4gte Hammerkopfform; Vorderkante bogenf\u00f6rmig Biologie &amp; Verhalten: An wenigen Orten wie z.B. Cocos, Malpelo oder Galapagos treten diese Haie in gro\u00dfen Schulen mit Hunderten von Tieren auf. &hellip; <\/p>\n<p class=\"link-more\"><a href=\"https:\/\/alles-ueber-riffe.de\/?page_id=857\" class=\"more-link\"><span class=\"screen-reader-text\">\u201eBogenstirn-Hammerhai\u201c<\/span> weiterlesen<\/a><\/p>\n","protected":false},"author":1,"featured_media":0,"parent":0,"menu_order":0,"comment_status":"closed","ping_status":"closed","template":"","meta":{"footnotes":""},"class_list":["post-857","page","type-page","status-publish","hentry"],"_links":{"self":[{"href":"https:\/\/alles-ueber-riffe.de\/index.php?rest_route=\/wp\/v2\/pages\/857","targetHints":{"allow":["GET"]}}],"collection":[{"href":"https:\/\/alles-ueber-riffe.de\/index.php?rest_route=\/wp\/v2\/pages"}],"about":[{"href":"https:\/\/alles-ueber-riffe.de\/index.php?rest_route=\/wp\/v2\/types\/page"}],"author":[{"embeddable":true,"href":"https:\/\/alles-ueber-riffe.de\/index.php?rest_route=\/wp\/v2\/users\/1"}],"replies":[{"embeddable":true,"href":"https:\/\/alles-ueber-riffe.de\/index.php?rest_route=%2Fwp%2Fv2%2Fcomments&post=857"}],"version-history":[{"count":7,"href":"https:\/\/alles-ueber-riffe.de\/index.php?rest_route=\/wp\/v2\/pages\/857\/revisions"}],"predecessor-version":[{"id":4192,"href":"https:\/\/alles-ueber-riffe.de\/index.php?rest_route=\/wp\/v2\/pages\/857\/revisions\/4192"}],"wp:attachment":[{"href":"https:\/\/alles-ueber-riffe.de\/index.php?rest_route=%2Fwp%2Fv2%2Fmedia&parent=857"}],"curies":[{"name":"wp","href":"https:\/\/api.w.org\/{rel}","templated":true}]}}