{"id":855,"date":"2024-10-16T17:49:15","date_gmt":"2024-10-16T17:49:15","guid":{"rendered":"https:\/\/alles-ueber-riffe.de\/?page_id=855"},"modified":"2024-12-13T15:24:21","modified_gmt":"2024-12-13T15:24:21","slug":"blauhai","status":"publish","type":"page","link":"https:\/\/alles-ueber-riffe.de\/?page_id=855","title":{"rendered":"Blauhai"},"content":{"rendered":"\n<div class=\"wp-block-group is-vertical is-layout-flex wp-container-core-group-is-layout-8cf370e7 wp-block-group-is-layout-flex\">\n<p><strong>Blauhai<\/strong><\/p>\n\n\n\n<p>Blue shark<\/p>\n\n\n\n<p><em>(Prionace glauca<em style=\"font-size: revert;\">)<\/em><\/em><\/p>\n<\/div>\n\n\n\n<div style=\"height:30px\" aria-hidden=\"true\" class=\"wp-block-spacer\"><\/div>\n\n\n\n<figure class=\"wp-block-image size-full\"><img loading=\"lazy\" decoding=\"async\" width=\"1024\" height=\"768\" src=\"https:\/\/alles-ueber-riffe.de\/wp-content\/uploads\/2024\/10\/Blauhai_1024x5762.jpg\" alt=\"\" class=\"wp-image-906\" srcset=\"https:\/\/alles-ueber-riffe.de\/wp-content\/uploads\/2024\/10\/Blauhai_1024x5762.jpg 1024w, https:\/\/alles-ueber-riffe.de\/wp-content\/uploads\/2024\/10\/Blauhai_1024x5762-300x225.jpg 300w, https:\/\/alles-ueber-riffe.de\/wp-content\/uploads\/2024\/10\/Blauhai_1024x5762-768x576.jpg 768w\" sizes=\"auto, (max-width: 767px) 89vw, (max-width: 1000px) 54vw, (max-width: 1071px) 543px, 580px\" \/><figcaption class=\"wp-element-caption\">\u00a9 Patrik Janda<\/figcaption><\/figure>\n\n\n\n<hr class=\"wp-block-separator has-alpha-channel-opacity is-style-default\"\/>\n\n\n\n<p><strong>Gr\u00f6\u00dfe: <\/strong> bis 3,80 m;  M\u00e4nnchen gew\u00f6hnlich kleiner<\/p>\n\n\n\n<p><strong>Lebensraum:<\/strong>  pelagisch; gelegentlich in Riffn\u00e4he<\/p>\n\n\n\n<p><strong>Vorkommen:  <\/strong>alle tropischen, subtropischen und gem\u00e4\u00dfigten Bereiche aller Ozeane<\/p>\n\n\n\n<p><strong>Erkennungsmerkmale: <\/strong> eleganter, schlanker Hai mit langer Schnauze; R\u00fccken blau<\/p>\n\n\n\n<p><strong>Biologie &amp; Verhalten: <\/strong> Blauhaie haben einen Spitznamen: \u201eDie W\u00f6lfe des Meeres\u201c. Der Name beschreibt das Jagdverhalten, bei dem sie in Gruppen Kalmare oder Fische jagen.&nbsp;<\/p>\n\n\n\n<p>Blauhaie haben im Vergleich zu vielen anderen Haien eine hohe Reproduktionsrate von bis zu 130 Junge pro Wurf. Trotzdem werden sie immer seltener, denn sch\u00e4tzungsweise werden jedes Jahr ca. 15 Millionen von ihnen Opfer der Fischerei, meistens als Beifang.<\/p>\n\n\n\n<p><strong>Gefahr:<\/strong> Angriffe von Blauhaien auf Menschen sind dokumentiert, aber sehr selten. Er geh\u00f6rt eher zu den harmlosen Haien.<\/p>\n\n\n\n<p><strong>Bedrohungsstatus:<\/strong> Trotzdem der hohen Fangmengen wird die Art auf der Roten Liste der IUCN als \u201e gering bedroht\u201c gef\u00fchrt.<\/p>\n\n\n\n<hr class=\"wp-block-separator has-alpha-channel-opacity is-style-default\"\/>\n","protected":false},"excerpt":{"rendered":"<p>Blauhai Blue shark (Prionace glauca) Gr\u00f6\u00dfe: bis 3,80 m; M\u00e4nnchen gew\u00f6hnlich kleiner Lebensraum: pelagisch; gelegentlich in Riffn\u00e4he Vorkommen: alle tropischen, subtropischen und gem\u00e4\u00dfigten Bereiche aller Ozeane Erkennungsmerkmale: eleganter, schlanker Hai mit langer Schnauze; R\u00fccken blau Biologie &amp; Verhalten: Blauhaie haben einen Spitznamen: \u201eDie W\u00f6lfe des Meeres\u201c. Der Name beschreibt das Jagdverhalten, bei dem sie in &hellip; <\/p>\n<p class=\"link-more\"><a href=\"https:\/\/alles-ueber-riffe.de\/?page_id=855\" class=\"more-link\"><span class=\"screen-reader-text\">\u201eBlauhai\u201c<\/span> weiterlesen<\/a><\/p>\n","protected":false},"author":1,"featured_media":0,"parent":0,"menu_order":0,"comment_status":"closed","ping_status":"closed","template":"","meta":{"footnotes":""},"class_list":["post-855","page","type-page","status-publish","hentry"],"_links":{"self":[{"href":"https:\/\/alles-ueber-riffe.de\/index.php?rest_route=\/wp\/v2\/pages\/855","targetHints":{"allow":["GET"]}}],"collection":[{"href":"https:\/\/alles-ueber-riffe.de\/index.php?rest_route=\/wp\/v2\/pages"}],"about":[{"href":"https:\/\/alles-ueber-riffe.de\/index.php?rest_route=\/wp\/v2\/types\/page"}],"author":[{"embeddable":true,"href":"https:\/\/alles-ueber-riffe.de\/index.php?rest_route=\/wp\/v2\/users\/1"}],"replies":[{"embeddable":true,"href":"https:\/\/alles-ueber-riffe.de\/index.php?rest_route=%2Fwp%2Fv2%2Fcomments&post=855"}],"version-history":[{"count":13,"href":"https:\/\/alles-ueber-riffe.de\/index.php?rest_route=\/wp\/v2\/pages\/855\/revisions"}],"predecessor-version":[{"id":4068,"href":"https:\/\/alles-ueber-riffe.de\/index.php?rest_route=\/wp\/v2\/pages\/855\/revisions\/4068"}],"wp:attachment":[{"href":"https:\/\/alles-ueber-riffe.de\/index.php?rest_route=%2Fwp%2Fv2%2Fmedia&parent=855"}],"curies":[{"name":"wp","href":"https:\/\/api.w.org\/{rel}","templated":true}]}}