{"id":8,"date":"2024-09-30T15:49:53","date_gmt":"2024-09-30T15:49:53","guid":{"rendered":"https:\/\/alles-ueber-riffe.de\/?page_id=8"},"modified":"2024-10-16T09:53:13","modified_gmt":"2024-10-16T09:53:13","slug":"startseite","status":"publish","type":"page","link":"https:\/\/alles-ueber-riffe.de\/","title":{"rendered":"Artenvielfalt im Korallenriff"},"content":{"rendered":"\n<p>Korallenriffe bedecken nur etwa 0,2 % der gesamten Fl\u00e4che der Ozeane, beherbergen jedoch etwa 30% aller Fischarten der Ozeane. Bei Wirbellosen d\u00fcrfte der Prozentsatz \u00e4hnlich sein. Auch entstehen in Korallenriffen die meisten Arten. Sie sind die Artenschmieden der Ozeane und mit gro\u00dfem Abstand das artenreichste \u00d6kosystem.<\/p>\n\n\n\n<p>Doch wie hei\u00dfen all die Fische, Krebse, Korallen &amp; Co.?<\/p>\n\n\n\n<p class=\"has-vivid-cyan-blue-color has-text-color has-link-color wp-elements-1803159f3f82cd76a2a8ee952c6682d9\">Wir stellen in der ersten Version die h\u00e4ufigsten 1500 Arten vor. Auf mehrere tausend Arten soll \u201eAlles \u00fcber Riffe\u201c so schnell als m\u00f6glich wachsen. Zu jeder Art und Artengruppe stellen wir auch &#8211; soweit bekannt &#8211; biologische Informationen zur Verf\u00fcgung. Ein Mammutprojekt!<\/p>\n\n\n\n<p>Aber schon jetzt ist \u201eAlles \u00fcber Riffe\u201c das umfangreichste Bestimmungs- und Informationwerk \u00fcber das \u00d6kosystem der Korallenriffe.<\/p>\n","protected":false},"excerpt":{"rendered":"<p>Korallenriffe bedecken nur etwa 0,2 % der gesamten Fl\u00e4che der Ozeane, beherbergen jedoch etwa 30% aller Fischarten der Ozeane. Bei Wirbellosen d\u00fcrfte der Prozentsatz \u00e4hnlich sein. Auch entstehen in Korallenriffen die meisten Arten. Sie sind die Artenschmieden der Ozeane und mit gro\u00dfem Abstand das artenreichste \u00d6kosystem. Doch wie hei\u00dfen all die Fische, Krebse, Korallen &amp; &hellip; <\/p>\n<p class=\"link-more\"><a href=\"https:\/\/alles-ueber-riffe.de\/\" class=\"more-link\"><span class=\"screen-reader-text\">\u201eArtenvielfalt im Korallenriff\u201c<\/span> weiterlesen<\/a><\/p>\n","protected":false},"author":1,"featured_media":431,"parent":0,"menu_order":0,"comment_status":"closed","ping_status":"closed","template":"","meta":{"footnotes":""},"class_list":["post-8","page","type-page","status-publish","has-post-thumbnail","hentry"],"_links":{"self":[{"href":"https:\/\/alles-ueber-riffe.de\/index.php?rest_route=\/wp\/v2\/pages\/8","targetHints":{"allow":["GET"]}}],"collection":[{"href":"https:\/\/alles-ueber-riffe.de\/index.php?rest_route=\/wp\/v2\/pages"}],"about":[{"href":"https:\/\/alles-ueber-riffe.de\/index.php?rest_route=\/wp\/v2\/types\/page"}],"author":[{"embeddable":true,"href":"https:\/\/alles-ueber-riffe.de\/index.php?rest_route=\/wp\/v2\/users\/1"}],"replies":[{"embeddable":true,"href":"https:\/\/alles-ueber-riffe.de\/index.php?rest_route=%2Fwp%2Fv2%2Fcomments&post=8"}],"version-history":[{"count":13,"href":"https:\/\/alles-ueber-riffe.de\/index.php?rest_route=\/wp\/v2\/pages\/8\/revisions"}],"predecessor-version":[{"id":818,"href":"https:\/\/alles-ueber-riffe.de\/index.php?rest_route=\/wp\/v2\/pages\/8\/revisions\/818"}],"wp:featuredmedia":[{"embeddable":true,"href":"https:\/\/alles-ueber-riffe.de\/index.php?rest_route=\/wp\/v2\/media\/431"}],"wp:attachment":[{"href":"https:\/\/alles-ueber-riffe.de\/index.php?rest_route=%2Fwp%2Fv2%2Fmedia&parent=8"}],"curies":[{"name":"wp","href":"https:\/\/api.w.org\/{rel}","templated":true}]}}