{"id":697,"date":"2024-10-15T17:44:21","date_gmt":"2024-10-15T17:44:21","guid":{"rendered":"https:\/\/alles-ueber-riffe.de\/?page_id=697"},"modified":"2025-02-06T16:29:39","modified_gmt":"2025-02-06T16:29:39","slug":"thurstons-teufelsrochen","status":"publish","type":"page","link":"https:\/\/alles-ueber-riffe.de\/?page_id=697","title":{"rendered":"Thurstons Teufelsrochen"},"content":{"rendered":"\n<div class=\"wp-block-group is-vertical is-layout-flex wp-container-core-group-is-layout-8cf370e7 wp-block-group-is-layout-flex\">\n<p><strong>Thurstons Teufelsrochen<\/strong><\/p>\n\n\n\n<p>Thurton&#8217;s devil ray&nbsp;<\/p>\n\n\n\n<p><em>(Mobula thurstoni<em style=\"font-size: revert;\">)<\/em><\/em><\/p>\n\n\n\n<div style=\"height:50px\" aria-hidden=\"true\" class=\"wp-block-spacer wp-container-content-b30579f5\"><\/div>\n\n\n\n<figure class=\"wp-block-video\"><video height=\"576\" style=\"aspect-ratio: 1024 \/ 576;\" width=\"1024\" controls src=\"https:\/\/alles-ueber-riffe.de\/wp-content\/uploads\/2024\/10\/Thurstons-Teufelsrochen_1024_576.mp4\"><\/video><figcaption class=\"wp-element-caption\"><em>\u00a9 Heinz Krimmer<\/em><\/figcaption><\/figure>\n<\/div>\n\n\n\n<div style=\"height:50px\" aria-hidden=\"true\" class=\"wp-block-spacer\"><\/div>\n\n\n\n<p><strong>Gr\u00f6\u00dfe: <\/strong> bis 2,20 m Spannweite<\/p>\n\n\n\n<p><strong>Lebensraum:<\/strong>  pelagisch; gelegentlich in Riffn\u00e4he<\/p>\n\n\n\n<p><strong>Vorkommen:  <\/strong> alle tropischen und subtropischen Bereiche aller Ozeane<\/p>\n\n\n\n<p><strong>Erkennungsmerkmale: <\/strong> ange, steife Kopfflappen; sehr d\u00fcnner Schwanz<\/p>\n\n\n\n<p><strong>Biologie &amp; Verhalten: <\/strong> Der Thurstons Teufelsrochen wird h\u00e4ufig mit dem Riesenmanta oder dem Riffmanta verwechselt. Das sicherste Unterscheidungsmerkmal sind die steifen Kopflappen. Diese stehen immer gerade nach vorne und sind nicht wie bei den Mantas beweglich. Das zweite Kriterium ist die Gr\u00f6\u00dfe. Ein ausgewachsener Thurstons Teufelsrochen ist nur etwas gr\u00f6\u00dfer als ein neugeborener Riesenmanta.<\/p>\n\n\n\n<p>Auch der Thurstons Teufelsrochen ern\u00e4hrt sich von Plankton. Genau wie Adlerrochen springen sie gerne aus dem Wasser.<\/p>\n\n\n\n<p><strong>Gefahr:<\/strong> Vorsicht vor schlagen mit dem Schwanz<\/p>\n\n\n\n<p><strong>Bedrohungsstatus:<\/strong> Auf der Roten Liste der IUCN wird der Thurstons Teufelsrochen&nbsp;als<br>&nbsp;\u201egering gef\u00e4hrdet\u201c gef\u00fchrt.<\/p>\n\n\n\n<p><strong>Video:<\/strong>  \u00a9 Heinz Krimmer<\/p>\n\n\n\n<hr class=\"wp-block-separator has-alpha-channel-opacity is-style-wide\"\/>\n","protected":false},"excerpt":{"rendered":"<p>Thurstons Teufelsrochen Thurton&#8217;s devil ray&nbsp; (Mobula thurstoni) Gr\u00f6\u00dfe: bis 2,20 m Spannweite Lebensraum: pelagisch; gelegentlich in Riffn\u00e4he Vorkommen: alle tropischen und subtropischen Bereiche aller Ozeane Erkennungsmerkmale: ange, steife Kopfflappen; sehr d\u00fcnner Schwanz Biologie &amp; Verhalten: Der Thurstons Teufelsrochen wird h\u00e4ufig mit dem Riesenmanta oder dem Riffmanta verwechselt. Das sicherste Unterscheidungsmerkmal sind die steifen Kopflappen. Diese &hellip; <\/p>\n<p class=\"link-more\"><a href=\"https:\/\/alles-ueber-riffe.de\/?page_id=697\" class=\"more-link\"><span class=\"screen-reader-text\">\u201eThurstons Teufelsrochen\u201c<\/span> weiterlesen<\/a><\/p>\n","protected":false},"author":1,"featured_media":0,"parent":0,"menu_order":0,"comment_status":"closed","ping_status":"closed","template":"","meta":{"footnotes":""},"class_list":["post-697","page","type-page","status-publish","hentry"],"_links":{"self":[{"href":"https:\/\/alles-ueber-riffe.de\/index.php?rest_route=\/wp\/v2\/pages\/697","targetHints":{"allow":["GET"]}}],"collection":[{"href":"https:\/\/alles-ueber-riffe.de\/index.php?rest_route=\/wp\/v2\/pages"}],"about":[{"href":"https:\/\/alles-ueber-riffe.de\/index.php?rest_route=\/wp\/v2\/types\/page"}],"author":[{"embeddable":true,"href":"https:\/\/alles-ueber-riffe.de\/index.php?rest_route=\/wp\/v2\/users\/1"}],"replies":[{"embeddable":true,"href":"https:\/\/alles-ueber-riffe.de\/index.php?rest_route=%2Fwp%2Fv2%2Fcomments&post=697"}],"version-history":[{"count":5,"href":"https:\/\/alles-ueber-riffe.de\/index.php?rest_route=\/wp\/v2\/pages\/697\/revisions"}],"predecessor-version":[{"id":9026,"href":"https:\/\/alles-ueber-riffe.de\/index.php?rest_route=\/wp\/v2\/pages\/697\/revisions\/9026"}],"wp:attachment":[{"href":"https:\/\/alles-ueber-riffe.de\/index.php?rest_route=%2Fwp%2Fv2%2Fmedia&parent=697"}],"curies":[{"name":"wp","href":"https:\/\/api.w.org\/{rel}","templated":true}]}}