{"id":695,"date":"2024-10-15T17:44:00","date_gmt":"2024-10-15T17:44:00","guid":{"rendered":"https:\/\/alles-ueber-riffe.de\/?page_id=695"},"modified":"2025-02-06T16:29:13","modified_gmt":"2025-02-06T16:29:13","slug":"schwarzpunkt-stechrochen","status":"publish","type":"page","link":"https:\/\/alles-ueber-riffe.de\/?page_id=695","title":{"rendered":"Schwarzpunkt-Stechrochen"},"content":{"rendered":"\n<div class=\"wp-block-group is-vertical is-layout-flex wp-container-core-group-is-layout-8cf370e7 wp-block-group-is-layout-flex\">\n<p><strong>Schwarzpunkt-Stechrochen<\/strong><\/p>\n\n\n\n<p>Round ribbontail ray<\/p>\n\n\n\n<p><em>(Taeniura meyeni<em style=\"font-size: revert;\">)<\/em><\/em><\/p>\n<\/div>\n\n\n\n<div style=\"height:50px\" aria-hidden=\"true\" class=\"wp-block-spacer\"><\/div>\n\n\n\n<figure class=\"wp-block-image size-full\"><img loading=\"lazy\" decoding=\"async\" width=\"1024\" height=\"768\" src=\"https:\/\/alles-ueber-riffe.de\/wp-content\/uploads\/2024\/10\/Schwarzpunkt-Stechrochen_1024x768.jpg\" alt=\"\" class=\"wp-image-656\" srcset=\"https:\/\/alles-ueber-riffe.de\/wp-content\/uploads\/2024\/10\/Schwarzpunkt-Stechrochen_1024x768.jpg 1024w, https:\/\/alles-ueber-riffe.de\/wp-content\/uploads\/2024\/10\/Schwarzpunkt-Stechrochen_1024x768-300x225.jpg 300w, https:\/\/alles-ueber-riffe.de\/wp-content\/uploads\/2024\/10\/Schwarzpunkt-Stechrochen_1024x768-768x576.jpg 768w\" sizes=\"auto, (max-width: 767px) 89vw, (max-width: 1000px) 54vw, (max-width: 1071px) 543px, 580px\" \/><figcaption class=\"wp-element-caption\"><em>\u00a9 Tomas Kotouc<\/em><\/figcaption><\/figure>\n\n\n\n<div style=\"height:50px\" aria-hidden=\"true\" class=\"wp-block-spacer\"><\/div>\n\n\n\n<p><strong>Gr\u00f6\u00dfe: <\/strong> bis 1,80 m<\/p>\n\n\n\n<p><strong>Lebensraum:<\/strong> Sandboden bei Korallenriffen<\/p>\n\n\n\n<p><strong>Vorkommen:  <\/strong> Ostafrika, Rotes Meer, Malediven, S\u00fcdjapan, ganz S\u00fcdostasien, Nordaustralien, Ozeanien bis Mikronesien, K\u00fcste Mittelamerikas einschlie\u00dflich Galapagos und Cocos<\/p>\n\n\n\n<p><strong>Erkennungsmerkmale: <\/strong> grau mit unregelm\u00e4\u00dfigen schwarzen Flecken; kurzer, dicker Schwanz&nbsp;<\/p>\n\n\n\n<p><strong>Biologie &amp; Verhalten: <\/strong> en&nbsp;<br>Schwarzpunkt-Stechrochen findet man eher etwas tiefer ab ca. 20 m. Manche Tiere zeigen sich wenig scheu und sind neugierig gegen\u00fcber Tauchern. Ein eindrucksvoller gro\u00dfer Rochen, besonders, wenn er wie in Cocos in Gruppen auftritt. Frisst Wirbellose und Fische.<\/p>\n\n\n\n<p><strong>Gefahr:<\/strong> Giftiger Stachel, der bei Bel\u00e4stigung auch eingesetzt wird. Ein t\u00f6dlicher Unfall mit einem Taucher ist registriert.<\/p>\n\n\n\n<p><strong>Bedrohungsstatus:<\/strong> Auf der Roten Liste der IUCN wird der Schwarzpunkt-Stechrochen&nbsp;als<br>&nbsp;\u201egef\u00e4hrdet\u201c gef\u00fchrt.<\/p>\n\n\n\n<p><strong>Foto:<\/strong> \u00a9 Thomas Kotouc<\/p>\n\n\n\n<hr class=\"wp-block-separator has-alpha-channel-opacity is-style-wide\"\/>\n\n\n\n<p><\/p>\n","protected":false},"excerpt":{"rendered":"<p>Schwarzpunkt-Stechrochen Round ribbontail ray (Taeniura meyeni) Gr\u00f6\u00dfe: bis 1,80 m Lebensraum: Sandboden bei Korallenriffen Vorkommen: Ostafrika, Rotes Meer, Malediven, S\u00fcdjapan, ganz S\u00fcdostasien, Nordaustralien, Ozeanien bis Mikronesien, K\u00fcste Mittelamerikas einschlie\u00dflich Galapagos und Cocos Erkennungsmerkmale: grau mit unregelm\u00e4\u00dfigen schwarzen Flecken; kurzer, dicker Schwanz&nbsp; Biologie &amp; Verhalten: en&nbsp;Schwarzpunkt-Stechrochen findet man eher etwas tiefer ab ca. 20 m. Manche &hellip; <\/p>\n<p class=\"link-more\"><a href=\"https:\/\/alles-ueber-riffe.de\/?page_id=695\" class=\"more-link\"><span class=\"screen-reader-text\">\u201eSchwarzpunkt-Stechrochen\u201c<\/span> weiterlesen<\/a><\/p>\n","protected":false},"author":1,"featured_media":0,"parent":0,"menu_order":0,"comment_status":"closed","ping_status":"closed","template":"","meta":{"footnotes":""},"class_list":["post-695","page","type-page","status-publish","hentry"],"_links":{"self":[{"href":"https:\/\/alles-ueber-riffe.de\/index.php?rest_route=\/wp\/v2\/pages\/695","targetHints":{"allow":["GET"]}}],"collection":[{"href":"https:\/\/alles-ueber-riffe.de\/index.php?rest_route=\/wp\/v2\/pages"}],"about":[{"href":"https:\/\/alles-ueber-riffe.de\/index.php?rest_route=\/wp\/v2\/types\/page"}],"author":[{"embeddable":true,"href":"https:\/\/alles-ueber-riffe.de\/index.php?rest_route=\/wp\/v2\/users\/1"}],"replies":[{"embeddable":true,"href":"https:\/\/alles-ueber-riffe.de\/index.php?rest_route=%2Fwp%2Fv2%2Fcomments&post=695"}],"version-history":[{"count":4,"href":"https:\/\/alles-ueber-riffe.de\/index.php?rest_route=\/wp\/v2\/pages\/695\/revisions"}],"predecessor-version":[{"id":9025,"href":"https:\/\/alles-ueber-riffe.de\/index.php?rest_route=\/wp\/v2\/pages\/695\/revisions\/9025"}],"wp:attachment":[{"href":"https:\/\/alles-ueber-riffe.de\/index.php?rest_route=%2Fwp%2Fv2%2Fmedia&parent=695"}],"curies":[{"name":"wp","href":"https:\/\/api.w.org\/{rel}","templated":true}]}}