{"id":693,"date":"2024-10-15T17:43:44","date_gmt":"2024-10-15T17:43:44","guid":{"rendered":"https:\/\/alles-ueber-riffe.de\/?page_id=693"},"modified":"2025-02-06T16:28:45","modified_gmt":"2025-02-06T16:28:45","slug":"rundkopf-geigenrochen","status":"publish","type":"page","link":"https:\/\/alles-ueber-riffe.de\/?page_id=693","title":{"rendered":"Rundkopf-Geigenrochen"},"content":{"rendered":"\n<div class=\"wp-block-group is-vertical is-layout-flex wp-container-core-group-is-layout-8cf370e7 wp-block-group-is-layout-flex\">\n<p><strong>Rundkopf-Geigenrochen <\/strong><\/p>\n\n\n\n<p>Bowmouth guitarfish&nbsp;<\/p>\n\n\n\n<p><em>(Rhina ancylostoma<em style=\"font-size: revert;\">)<\/em><\/em><\/p>\n<\/div>\n\n\n\n<div style=\"height:50px\" aria-hidden=\"true\" class=\"wp-block-spacer\"><\/div>\n\n\n\n<figure class=\"wp-block-image size-full\"><img loading=\"lazy\" decoding=\"async\" width=\"1024\" height=\"768\" src=\"https:\/\/alles-ueber-riffe.de\/wp-content\/uploads\/2024\/10\/Rundkopf-Geigenrochen_1024x768.jpg\" alt=\"\" class=\"wp-image-654\" srcset=\"https:\/\/alles-ueber-riffe.de\/wp-content\/uploads\/2024\/10\/Rundkopf-Geigenrochen_1024x768.jpg 1024w, https:\/\/alles-ueber-riffe.de\/wp-content\/uploads\/2024\/10\/Rundkopf-Geigenrochen_1024x768-300x225.jpg 300w, https:\/\/alles-ueber-riffe.de\/wp-content\/uploads\/2024\/10\/Rundkopf-Geigenrochen_1024x768-768x576.jpg 768w\" sizes=\"auto, (max-width: 767px) 89vw, (max-width: 1000px) 54vw, (max-width: 1071px) 543px, 580px\" \/><figcaption class=\"wp-element-caption\"><em>\u00a9 Tomas Kotouc<\/em><\/figcaption><\/figure>\n\n\n\n<div style=\"height:50px\" aria-hidden=\"true\" class=\"wp-block-spacer\"><\/div>\n\n\n\n<p><strong>Gr\u00f6\u00dfe: <\/strong> bis 2,70 m<\/p>\n\n\n\n<p><strong>Lebensraum:<\/strong> Sandb\u00f6den in der N\u00e4he von Korallenriffen<\/p>\n\n\n\n<p><strong>Vorkommen:  <\/strong> Ostafrika, Rotes Meer, persischer Golf, Oman, Malediven, S\u00fcdjapan, ganz S\u00fcdostasien, Nordwestaustralien<\/p>\n\n\n\n<p><strong>Erkennungsmerkmale: <\/strong> zwei gro\u00dfe R\u00fcckenflossen, eine gro\u00dfe Schwanzflosse und f\u00fcr einen Rochen einen hohen K\u00f6rper<\/p>\n\n\n\n<p><strong>Biologie &amp; Verhalten: <\/strong> Rochen und Haie sind sehr nahe verwandt und besonders bei Geigenrochen kann man es sehr gut sehen. Sie wirken wie eine Mischung aus beiden: Die Flossen vom Hai, der K\u00f6rper vom Rochen.<\/p>\n\n\n\n<p>Der Rundkopf-Geigenrochen h\u00e4lt sich wie die meisten Rochen ausschlie\u00dflich am Boden auf und ern\u00e4hrt sich von im Sand lebenden Wirbellosen.<\/p>\n\n\n\n<p><strong>Gefahr:<\/strong> Rundkopf-Geigenrochen sind harmlos.<\/p>\n\n\n\n<p><strong>Bedrohungsstatus:<\/strong> Auf der Roten Liste der IUCN ist er als \u201egef\u00e4hrdet\u201c eingestuft.<\/p>\n\n\n\n<p><strong>Fotos:<\/strong> \u00a9 Thomas Kotouc<\/p>\n\n\n\n<hr class=\"wp-block-separator has-alpha-channel-opacity is-style-wide\"\/>\n","protected":false},"excerpt":{"rendered":"<p>Rundkopf-Geigenrochen Bowmouth guitarfish&nbsp; (Rhina ancylostoma) Gr\u00f6\u00dfe: bis 2,70 m Lebensraum: Sandb\u00f6den in der N\u00e4he von Korallenriffen Vorkommen: Ostafrika, Rotes Meer, persischer Golf, Oman, Malediven, S\u00fcdjapan, ganz S\u00fcdostasien, Nordwestaustralien Erkennungsmerkmale: zwei gro\u00dfe R\u00fcckenflossen, eine gro\u00dfe Schwanzflosse und f\u00fcr einen Rochen einen hohen K\u00f6rper Biologie &amp; Verhalten: Rochen und Haie sind sehr nahe verwandt und besonders bei &hellip; <\/p>\n<p class=\"link-more\"><a href=\"https:\/\/alles-ueber-riffe.de\/?page_id=693\" class=\"more-link\"><span class=\"screen-reader-text\">\u201eRundkopf-Geigenrochen\u201c<\/span> weiterlesen<\/a><\/p>\n","protected":false},"author":1,"featured_media":0,"parent":0,"menu_order":0,"comment_status":"closed","ping_status":"closed","template":"","meta":{"footnotes":""},"class_list":["post-693","page","type-page","status-publish","hentry"],"_links":{"self":[{"href":"https:\/\/alles-ueber-riffe.de\/index.php?rest_route=\/wp\/v2\/pages\/693","targetHints":{"allow":["GET"]}}],"collection":[{"href":"https:\/\/alles-ueber-riffe.de\/index.php?rest_route=\/wp\/v2\/pages"}],"about":[{"href":"https:\/\/alles-ueber-riffe.de\/index.php?rest_route=\/wp\/v2\/types\/page"}],"author":[{"embeddable":true,"href":"https:\/\/alles-ueber-riffe.de\/index.php?rest_route=\/wp\/v2\/users\/1"}],"replies":[{"embeddable":true,"href":"https:\/\/alles-ueber-riffe.de\/index.php?rest_route=%2Fwp%2Fv2%2Fcomments&post=693"}],"version-history":[{"count":4,"href":"https:\/\/alles-ueber-riffe.de\/index.php?rest_route=\/wp\/v2\/pages\/693\/revisions"}],"predecessor-version":[{"id":9024,"href":"https:\/\/alles-ueber-riffe.de\/index.php?rest_route=\/wp\/v2\/pages\/693\/revisions\/9024"}],"wp:attachment":[{"href":"https:\/\/alles-ueber-riffe.de\/index.php?rest_route=%2Fwp%2Fv2%2Fmedia&parent=693"}],"curies":[{"name":"wp","href":"https:\/\/api.w.org\/{rel}","templated":true}]}}