{"id":691,"date":"2024-10-15T17:43:22","date_gmt":"2024-10-15T17:43:22","guid":{"rendered":"https:\/\/alles-ueber-riffe.de\/?page_id=691"},"modified":"2025-02-06T16:28:15","modified_gmt":"2025-02-06T16:28:15","slug":"riffmanta","status":"publish","type":"page","link":"https:\/\/alles-ueber-riffe.de\/?page_id=691","title":{"rendered":"Riffmanta"},"content":{"rendered":"\n<div class=\"wp-block-group is-vertical is-layout-flex wp-container-core-group-is-layout-8cf370e7 wp-block-group-is-layout-flex\">\n<p><strong>Riffmanta<\/strong><\/p>\n\n\n\n<p>Reef manta ray<\/p>\n\n\n\n<p><em>(Manta alfredi<em style=\"font-size: revert;\">)<\/em><\/em><\/p>\n<\/div>\n\n\n\n<div style=\"height:50px\" aria-hidden=\"true\" class=\"wp-block-spacer\"><\/div>\n\n\n\n<figure class=\"wp-block-image size-full\"><img loading=\"lazy\" decoding=\"async\" width=\"1024\" height=\"768\" src=\"https:\/\/alles-ueber-riffe.de\/wp-content\/uploads\/2024\/10\/Riffmanta_1024x768.jpg\" alt=\"\" class=\"wp-image-652\" srcset=\"https:\/\/alles-ueber-riffe.de\/wp-content\/uploads\/2024\/10\/Riffmanta_1024x768.jpg 1024w, https:\/\/alles-ueber-riffe.de\/wp-content\/uploads\/2024\/10\/Riffmanta_1024x768-300x225.jpg 300w, https:\/\/alles-ueber-riffe.de\/wp-content\/uploads\/2024\/10\/Riffmanta_1024x768-768x576.jpg 768w\" sizes=\"auto, (max-width: 767px) 89vw, (max-width: 1000px) 54vw, (max-width: 1071px) 543px, 580px\" \/><figcaption class=\"wp-element-caption\"><em>\u00a9 Tomas Kotouc<\/em><\/figcaption><\/figure>\n\n\n\n<div style=\"height:50px\" aria-hidden=\"true\" class=\"wp-block-spacer\"><\/div>\n\n\n\n<p><strong>Gr\u00f6\u00dfe: <\/strong> bis 5,50 m Spannweite<\/p>\n\n\n\n<p><strong>Lebensraum:<\/strong> H\u00e4lt sich \u00fcberwiegend im Freiwasser in der N\u00e4he der K\u00fcste auf.<\/p>\n\n\n\n<p><strong>Vorkommen:  <\/strong> Ostafrika, Rotes Meer, Malediven, S\u00fcdjapan, ganz S\u00fcdostasien, Nordaustralien, Papua-Neuguinea, Ozeanien bis Hawaii<\/p>\n\n\n\n<p><strong>Erkennungsmerkmale: <\/strong> lange bewegliche Kopfflappen und breites Maul; sehr d\u00fcnner Schwanz<\/p>\n\n\n\n<p><strong>Biologie &amp; Verhalten: <\/strong> Der Riffmanta ist der \u201ekleine Bruder\u201c des Riesenmantas. Er schwimmt mit \u201enur 5,50 m\u201c Spannweite \u00fcber einen hinweg und verdunkelt die Sonne. Auch er frisst Plankton und zeigt sich total friedlich. Auch sie scheinen erstaunliche F\u00e4higkeiten zu besitzen. Bill Acker, der auf Yap schon seit Jahrzehnten mit diesen Rochen taucht, berichtet, dass manche Rochen wie das Weibchen \u201eBellerina\u201c, ihn als Individuum erkennen. Diese F\u00e4higkeit kannte man bisher nur von Delfinen. Auf Yap paaren sich die Mantas \u00fcbrigens vom Februar bis April. Die Paarungszeit startet mit dem ersten Vollmond im Februar. Bill Acker konnte beobachten, dass bei den Mantas Damenwahl herrscht. Und noch etwas konnte er feststellen: Auf Grund der Ortstreue der Tiere und der lagen Beobachtungszeit sch\u00e4tzt man das Alter von Mantas jetzt auf ca. 50 Jahre.<\/p>\n\n\n\n<p>Auch der Riffmanta kam in den letzten Jahren mehr und mehr ins Visier der Fischer. Sie werden gefinnt und ihre Flossen als \u201eHaifischflossen\u201c verkauft. Auch wegen ihrer Kiemen werden sie get\u00f6tet. In der chinesischen Medizin helfen sie angeblich gegen Windpocken.<\/p>\n\n\n\n<p>Riesenmantas sind leicht mit den Riffmantas zu verwechseln. Im Grunde sind sie bei gleicher Gr\u00f6\u00dfe nicht zu unterscheiden. Nur wenn er \u00fcber 5,50 m misst kann man eindeutig von einem Riesenmanta sprechen. Noch bis 2009 dachten die Biologen, es g\u00e4be nur den Riesenmanta. Die weltweit f\u00fchrende Mantaspezialistin die Biologin und \u201eK\u00f6nigin der Mantas\u201c Dr. Andrea Marshall konnte nachweisen, dass es sich bei dem Riffmanta um eine eigene Art handelt.<\/p>\n\n\n\n<p><strong>Gefahr:<\/strong> Riffmantas k\u00f6nnen mit Schl\u00e4gen ihres Schwanzes schwere Verletzungen zuf\u00fcgen<\/p>\n\n\n\n<p><strong>Bedrohungsstatus:<\/strong> Auf der Roten Liste der IUCN wird der Riffmanta&nbsp;als<br>&nbsp;\u201ebedroht\u201c gef\u00fchrt.<\/p>\n\n\n\n<p><strong>Foto:<\/strong> \u00a9 Thomas Kotouc<\/p>\n\n\n\n<hr class=\"wp-block-separator has-alpha-channel-opacity is-style-wide\"\/>\n\n\n\n<p class=\"has-vivid-cyan-blue-color has-text-color has-link-color has-medium-font-size wp-elements-fcaef4154196645262b346f181585116\"><strong>Mit Riffmantas tauchen?<\/strong><\/p>\n","protected":false},"excerpt":{"rendered":"<p>Riffmanta Reef manta ray (Manta alfredi) Gr\u00f6\u00dfe: bis 5,50 m Spannweite Lebensraum: H\u00e4lt sich \u00fcberwiegend im Freiwasser in der N\u00e4he der K\u00fcste auf. Vorkommen: Ostafrika, Rotes Meer, Malediven, S\u00fcdjapan, ganz S\u00fcdostasien, Nordaustralien, Papua-Neuguinea, Ozeanien bis Hawaii Erkennungsmerkmale: lange bewegliche Kopfflappen und breites Maul; sehr d\u00fcnner Schwanz Biologie &amp; Verhalten: Der Riffmanta ist der \u201ekleine Bruder\u201c &hellip; <\/p>\n<p class=\"link-more\"><a href=\"https:\/\/alles-ueber-riffe.de\/?page_id=691\" class=\"more-link\"><span class=\"screen-reader-text\">\u201eRiffmanta\u201c<\/span> weiterlesen<\/a><\/p>\n","protected":false},"author":1,"featured_media":0,"parent":0,"menu_order":0,"comment_status":"closed","ping_status":"closed","template":"","meta":{"footnotes":""},"class_list":["post-691","page","type-page","status-publish","hentry"],"_links":{"self":[{"href":"https:\/\/alles-ueber-riffe.de\/index.php?rest_route=\/wp\/v2\/pages\/691","targetHints":{"allow":["GET"]}}],"collection":[{"href":"https:\/\/alles-ueber-riffe.de\/index.php?rest_route=\/wp\/v2\/pages"}],"about":[{"href":"https:\/\/alles-ueber-riffe.de\/index.php?rest_route=\/wp\/v2\/types\/page"}],"author":[{"embeddable":true,"href":"https:\/\/alles-ueber-riffe.de\/index.php?rest_route=\/wp\/v2\/users\/1"}],"replies":[{"embeddable":true,"href":"https:\/\/alles-ueber-riffe.de\/index.php?rest_route=%2Fwp%2Fv2%2Fcomments&post=691"}],"version-history":[{"count":7,"href":"https:\/\/alles-ueber-riffe.de\/index.php?rest_route=\/wp\/v2\/pages\/691\/revisions"}],"predecessor-version":[{"id":9023,"href":"https:\/\/alles-ueber-riffe.de\/index.php?rest_route=\/wp\/v2\/pages\/691\/revisions\/9023"}],"wp:attachment":[{"href":"https:\/\/alles-ueber-riffe.de\/index.php?rest_route=%2Fwp%2Fv2%2Fmedia&parent=691"}],"curies":[{"name":"wp","href":"https:\/\/api.w.org\/{rel}","templated":true}]}}