{"id":689,"date":"2024-10-15T17:43:06","date_gmt":"2024-10-15T17:43:06","guid":{"rendered":"https:\/\/alles-ueber-riffe.de\/?page_id=689"},"modified":"2025-02-06T16:27:46","modified_gmt":"2025-02-06T16:27:46","slug":"riesenmanta","status":"publish","type":"page","link":"https:\/\/alles-ueber-riffe.de\/?page_id=689","title":{"rendered":"Riesenmanta"},"content":{"rendered":"\n<div class=\"wp-block-group is-vertical is-layout-flex wp-container-core-group-is-layout-8cf370e7 wp-block-group-is-layout-flex\">\n<p><strong>Riesenmanta<\/strong><\/p>\n\n\n\n<p>Giant oceanic manta ray<\/p>\n\n\n\n<p><em>(Manta birostris<em style=\"font-size: revert;\">)<\/em><\/em><\/p>\n<\/div>\n\n\n\n<div style=\"height:50px\" aria-hidden=\"true\" class=\"wp-block-spacer\"><\/div>\n\n\n\n<figure class=\"wp-block-image size-full\"><img loading=\"lazy\" decoding=\"async\" width=\"1014\" height=\"768\" src=\"https:\/\/alles-ueber-riffe.de\/wp-content\/uploads\/2024\/10\/Riesenmanta_1024x768.jpg\" alt=\"\" class=\"wp-image-650\" srcset=\"https:\/\/alles-ueber-riffe.de\/wp-content\/uploads\/2024\/10\/Riesenmanta_1024x768.jpg 1014w, https:\/\/alles-ueber-riffe.de\/wp-content\/uploads\/2024\/10\/Riesenmanta_1024x768-300x227.jpg 300w, https:\/\/alles-ueber-riffe.de\/wp-content\/uploads\/2024\/10\/Riesenmanta_1024x768-768x582.jpg 768w\" sizes=\"auto, (max-width: 767px) 89vw, (max-width: 1000px) 54vw, (max-width: 1071px) 543px, 580px\" \/><figcaption class=\"wp-element-caption\"><em>\u00a9 Tomas Kotouc<\/em><\/figcaption><\/figure>\n\n\n\n<div style=\"height:50px\" aria-hidden=\"true\" class=\"wp-block-spacer\"><\/div>\n\n\n\n<p><strong>Gr\u00f6\u00dfe: <\/strong> bis 9 m Spannweite<\/p>\n\n\n\n<p><strong>Lebensraum:<\/strong> pelagisch, besucht oft Putzerstationen an Riffen und Tiefseebergen<\/p>\n\n\n\n<p><strong>Vorkommen:  <\/strong>alle tropischen und subtropischen Bereiche aller Ozeane<\/p>\n\n\n\n<p><strong>Erkennungsmerkmale: <\/strong> lange, bewegliche Kopfflappen und breites Maul; sehr d\u00fcnner Schwanz<\/p>\n\n\n\n<p><strong>Biologie &amp; Verhalten: <\/strong> Schon als Rochenbaby zeigt der Riesenmanta seine Gr\u00f6\u00dfe: Mit ca. 1,50 m Spannweite entl\u00e4sst das Weibchen die Neugeborenen nach 13 Monaten Tragzeit in die Weiten des Ozeans. Trotz seiner Gr\u00f6\u00dfe droht Menschen von Riesenmantas keine Gefahr. Die Planktonfresser sind absolut friedlich und manchmal auch neugierig und lassen Taucher nahe an sich heran. Es existieren sogar Filmdokumente, auf denen Riesenmantas sich von Menschen helfen lie\u00dfen. So ist auf einem Film ein Manta zu sehen, der Reste eines Fischernetzes mit sich herumtrug. Das Netz hatte sich schon tief in die Haut eingegraben. Der Manta lie\u00df die Taucher an sich heran und sich das Netz mit dem Messer herausschneiden.&nbsp;Arvid Martinkat,&nbsp;der die Operation durchf\u00fchrte: \u201eEs war unglaublich, so als w\u00fcsste der Manta, dass wir ihm helfen wollten.\u201c<\/p>\n\n\n\n<p>Der Name \u201eManta\u201c kommt aus dem Spanischen und bedeutet \u201eDecke\u201c. Es beschreibt sehr gut, das Erlebnis einer Mantabegegnung. Noch besser w\u00e4re \u201efliegender Teppich\u201c.&nbsp;<\/p>\n\n\n\n<p>Leider kamen Mantas in den letzten Jahren mehr und mehr ins Visier der Fischer. Seit die Haie knapp geworden sind, weichen sie auf Rochen aus. Selbst in einem Naturschutzgebiet wie den Similian Inseln in Thailand findet man immer \u00f6fter gefinnte Mantas tot auf dem Meeresboden: ein trauriger Anblick. Auch wegen ihrer Kiemen werden sie get\u00f6tet. In der chinesischen Medizin helfen sie angeblich gegen Windpocken.<\/p>\n\n\n\n<p>Riesenmantas sind leicht mit den Riffmantas zu verwechseln. Im Grunde sind sie bei gleicher Gr\u00f6\u00dfe nicht zu unterscheiden. Nur wenn er \u00fcber 5,50 m misst kann man eindeutig von einem Riesenmanta sprechen. Noch bis 2009 dachten Biologen, es g\u00e4be nur den Riesenmanta. Die weltweit f\u00fchrende Mantaspezialistin die Biologin und \u201eK\u00f6nigin der Mantas\u201c&nbsp;Dr. Andrea Marshall konnte nachweisen, dass es sich bei dem Riffmanta um eine eigene Art handelt.<\/p>\n\n\n\n<p><strong>Gefahr:<\/strong> Mit einem Schlag des Schwanzes k\u00f6nnen sie schwere Verletzungen zuf\u00fcgen<\/p>\n\n\n\n<p><strong>Bedrohungsstatus:<\/strong> Auf der Roten Liste der IUCN wird der Riesenmanta&nbsp;als<br>&nbsp;\u201ebedroht\u201c gef\u00fchrt.<\/p>\n\n\n\n<p><strong>Foto:<\/strong> \u00a9 Thomas Kotouc<\/p>\n\n\n\n<hr class=\"wp-block-separator has-alpha-channel-opacity is-style-wide\"\/>\n\n\n\n<p class=\"has-vivid-cyan-blue-color has-text-color has-link-color has-medium-font-size wp-elements-aeecbebf1ebfe8b1b8c0d3b9dbe164d6\"><strong>Mit Riesenmantas tauchen?<\/strong><\/p>\n","protected":false},"excerpt":{"rendered":"<p>Riesenmanta Giant oceanic manta ray (Manta birostris) Gr\u00f6\u00dfe: bis 9 m Spannweite Lebensraum: pelagisch, besucht oft Putzerstationen an Riffen und Tiefseebergen Vorkommen: alle tropischen und subtropischen Bereiche aller Ozeane Erkennungsmerkmale: lange, bewegliche Kopfflappen und breites Maul; sehr d\u00fcnner Schwanz Biologie &amp; Verhalten: Schon als Rochenbaby zeigt der Riesenmanta seine Gr\u00f6\u00dfe: Mit ca. 1,50 m Spannweite &hellip; <\/p>\n<p class=\"link-more\"><a href=\"https:\/\/alles-ueber-riffe.de\/?page_id=689\" class=\"more-link\"><span class=\"screen-reader-text\">\u201eRiesenmanta\u201c<\/span> weiterlesen<\/a><\/p>\n","protected":false},"author":1,"featured_media":0,"parent":0,"menu_order":0,"comment_status":"closed","ping_status":"closed","template":"","meta":{"footnotes":""},"class_list":["post-689","page","type-page","status-publish","hentry"],"_links":{"self":[{"href":"https:\/\/alles-ueber-riffe.de\/index.php?rest_route=\/wp\/v2\/pages\/689","targetHints":{"allow":["GET"]}}],"collection":[{"href":"https:\/\/alles-ueber-riffe.de\/index.php?rest_route=\/wp\/v2\/pages"}],"about":[{"href":"https:\/\/alles-ueber-riffe.de\/index.php?rest_route=\/wp\/v2\/types\/page"}],"author":[{"embeddable":true,"href":"https:\/\/alles-ueber-riffe.de\/index.php?rest_route=\/wp\/v2\/users\/1"}],"replies":[{"embeddable":true,"href":"https:\/\/alles-ueber-riffe.de\/index.php?rest_route=%2Fwp%2Fv2%2Fcomments&post=689"}],"version-history":[{"count":5,"href":"https:\/\/alles-ueber-riffe.de\/index.php?rest_route=\/wp\/v2\/pages\/689\/revisions"}],"predecessor-version":[{"id":9021,"href":"https:\/\/alles-ueber-riffe.de\/index.php?rest_route=\/wp\/v2\/pages\/689\/revisions\/9021"}],"wp:attachment":[{"href":"https:\/\/alles-ueber-riffe.de\/index.php?rest_route=%2Fwp%2Fv2%2Fmedia&parent=689"}],"curies":[{"name":"wp","href":"https:\/\/api.w.org\/{rel}","templated":true}]}}