{"id":687,"date":"2024-10-15T17:42:49","date_gmt":"2024-10-15T17:42:49","guid":{"rendered":"https:\/\/alles-ueber-riffe.de\/?page_id=687"},"modified":"2025-02-06T16:27:16","modified_gmt":"2025-02-06T16:27:16","slug":"panther-torpedorochen","status":"publish","type":"page","link":"https:\/\/alles-ueber-riffe.de\/?page_id=687","title":{"rendered":"Panther Torpedorochen"},"content":{"rendered":"\n<div class=\"wp-block-group is-vertical is-layout-flex wp-container-core-group-is-layout-8cf370e7 wp-block-group-is-layout-flex\">\n<p><strong>Panther-Torpedorochen<\/strong><\/p>\n\n\n\n<p>Leopard torpedo&nbsp;<\/p>\n\n\n\n<p><em>(Torpedo panthera<em style=\"font-size: revert;\">)<\/em><\/em><\/p>\n<\/div>\n\n\n\n<div style=\"height:50px\" aria-hidden=\"true\" class=\"wp-block-spacer\"><\/div>\n\n\n\n<figure class=\"wp-block-video\"><video height=\"576\" style=\"aspect-ratio: 1024 \/ 576;\" width=\"1024\" controls src=\"https:\/\/alles-ueber-riffe.de\/wp-content\/uploads\/2024\/10\/Panther_torpedorochen_1024_576.mp4\"><\/video><figcaption class=\"wp-element-caption\"><em>\u00a9 Heinz Krimmer<\/em><\/figcaption><\/figure>\n\n\n\n<div style=\"height:50px\" aria-hidden=\"true\" class=\"wp-block-spacer\"><\/div>\n\n\n\n<p><strong>Gr\u00f6\u00dfe: <\/strong> bis 1,00 m<\/p>\n\n\n\n<p><strong>Lebensraum:<\/strong> Sandb\u00f6den in der N\u00e4he von Korallenriffen<\/p>\n\n\n\n<p><strong>Vorkommen:  <\/strong>Rotes Meer<\/p>\n\n\n\n<p><strong>Erkennungsmerkmale: <\/strong> gedrungener K\u00f6rper; runde Schwanzflosse<\/p>\n\n\n\n<p><strong>Biologie &amp; Verhalten: <\/strong> Der Panther-Torpedorochen oder Bogenstirn-Zitterrochen besitzt keinen giftigen Stachel. Daf\u00fcr kann er Stromst\u00f6\u00dfe bis zu 200 Volt austeilen. Mit diesen bet\u00e4ubt er seine Beute: Wirbellose und Fische. Damit geh\u00f6rt der Panther-Torpedorochen zu den ca. 250 Fischarten, die Strom erzeugen k\u00f6nnen. Das Organ, das ihnen das erm\u00f6glicht besteht aus Muskelfasern und hei\u00dft Elektroplax.<\/p>\n\n\n\n<p>Schwimmen geh\u00f6rt nicht zu seiner Paradedisziplin. W\u00e4hrend viele Rochen sich elegant bewegen, wirkt der Panther-Torpedorochen eher unbeholfen.<\/p>\n\n\n\n<p>Nachtaktiv<\/p>\n\n\n\n<p><strong>Gefahr:<\/strong> Bei Ber\u00fchrung drohen Stromst\u00f6\u00dfe bis zu 200 Volt; die Elektroplaxe befinden sich an den Seiten.<\/p>\n\n\n\n<p><strong>Bedrohungsstatus:<\/strong> Auf der Roten Liste der IUCN wird der Panther-Torpedorochen&nbsp;als<br>&nbsp;\u201egef\u00e4hrdet\u201c gef\u00fchrt.<\/p>\n\n\n\n<p><strong>Video:<\/strong>  \u00a9 Heinz Krimmer<\/p>\n\n\n\n<hr class=\"wp-block-separator has-alpha-channel-opacity is-style-wide\"\/>\n","protected":false},"excerpt":{"rendered":"<p>Panther-Torpedorochen Leopard torpedo&nbsp; (Torpedo panthera) Gr\u00f6\u00dfe: bis 1,00 m Lebensraum: Sandb\u00f6den in der N\u00e4he von Korallenriffen Vorkommen: Rotes Meer Erkennungsmerkmale: gedrungener K\u00f6rper; runde Schwanzflosse Biologie &amp; Verhalten: Der Panther-Torpedorochen oder Bogenstirn-Zitterrochen besitzt keinen giftigen Stachel. Daf\u00fcr kann er Stromst\u00f6\u00dfe bis zu 200 Volt austeilen. Mit diesen bet\u00e4ubt er seine Beute: Wirbellose und Fische. Damit geh\u00f6rt &hellip; <\/p>\n<p class=\"link-more\"><a href=\"https:\/\/alles-ueber-riffe.de\/?page_id=687\" class=\"more-link\"><span class=\"screen-reader-text\">\u201ePanther Torpedorochen\u201c<\/span> weiterlesen<\/a><\/p>\n","protected":false},"author":1,"featured_media":0,"parent":0,"menu_order":0,"comment_status":"closed","ping_status":"closed","template":"","meta":{"footnotes":""},"class_list":["post-687","page","type-page","status-publish","hentry"],"_links":{"self":[{"href":"https:\/\/alles-ueber-riffe.de\/index.php?rest_route=\/wp\/v2\/pages\/687","targetHints":{"allow":["GET"]}}],"collection":[{"href":"https:\/\/alles-ueber-riffe.de\/index.php?rest_route=\/wp\/v2\/pages"}],"about":[{"href":"https:\/\/alles-ueber-riffe.de\/index.php?rest_route=\/wp\/v2\/types\/page"}],"author":[{"embeddable":true,"href":"https:\/\/alles-ueber-riffe.de\/index.php?rest_route=\/wp\/v2\/users\/1"}],"replies":[{"embeddable":true,"href":"https:\/\/alles-ueber-riffe.de\/index.php?rest_route=%2Fwp%2Fv2%2Fcomments&post=687"}],"version-history":[{"count":6,"href":"https:\/\/alles-ueber-riffe.de\/index.php?rest_route=\/wp\/v2\/pages\/687\/revisions"}],"predecessor-version":[{"id":9020,"href":"https:\/\/alles-ueber-riffe.de\/index.php?rest_route=\/wp\/v2\/pages\/687\/revisions\/9020"}],"wp:attachment":[{"href":"https:\/\/alles-ueber-riffe.de\/index.php?rest_route=%2Fwp%2Fv2%2Fmedia&parent=687"}],"curies":[{"name":"wp","href":"https:\/\/api.w.org\/{rel}","templated":true}]}}