{"id":683,"date":"2024-10-15T17:13:41","date_gmt":"2024-10-15T17:13:41","guid":{"rendered":"https:\/\/alles-ueber-riffe.de\/?page_id=683"},"modified":"2025-02-06T16:26:47","modified_gmt":"2025-02-06T16:26:47","slug":"leoparden-stechrochen","status":"publish","type":"page","link":"https:\/\/alles-ueber-riffe.de\/?page_id=683","title":{"rendered":"Leoparden-Stechrochen"},"content":{"rendered":"\n<div class=\"wp-block-group is-vertical is-layout-flex wp-container-core-group-is-layout-8cf370e7 wp-block-group-is-layout-flex\">\n<p><strong>Leopard-Stechrochen <\/strong><\/p>\n\n\n\n<p>Reticulate whipray<\/p>\n\n\n\n<p><em>(Himantura uarnak<em style=\"font-size: revert;\">)<\/em><\/em><\/p>\n\n\n\n<div style=\"height:48px\" aria-hidden=\"true\" class=\"wp-block-spacer wp-container-content-eb1ede72\"><\/div>\n\n\n\n<figure class=\"wp-block-video\"><video height=\"576\" style=\"aspect-ratio: 1024 \/ 576;\" width=\"1024\" controls src=\"https:\/\/alles-ueber-riffe.de\/wp-content\/uploads\/2024\/10\/Leoparden-Stechrochen_1024_576.mp4\"><\/video><figcaption class=\"wp-element-caption\"><em>\u00a9 Heinz Krimmer<\/em><\/figcaption><\/figure>\n<\/div>\n\n\n\n<div style=\"height:50px\" aria-hidden=\"true\" class=\"wp-block-spacer\"><\/div>\n\n\n\n<p><strong>Gr\u00f6\u00dfe: <\/strong> bis 2,00 m<\/p>\n\n\n\n<p><strong>Lebensraum:<\/strong> Sandb\u00f6den, Seegraswiesen, Flussm\u00fcndungen, oft auch in der N\u00e4he von Korallenriffen<\/p>\n\n\n\n<p><strong>Vorkommen:  <\/strong>Ostafrika, Rotes Meer, Oman, Malediven, S\u00fcdjapan, Taiwan, ganz S\u00fcdostasien, Nordaustralien, Papua-Neuguinea, Ozeanien bis Franz\u00f6sisch-Polynesien; \u00fcber den Suezkanal in das Mittelmeer eingewandert<\/p>\n\n\n\n<p><strong>Erkennungsmerkmale: <\/strong> Leopardenmuster auf dem R\u00fccken, langer d\u00fcnner Schwanz&nbsp;<\/p>\n\n\n\n<p><strong>Biologie &amp; Verhalten: <\/strong> Dieser sch\u00f6ne Rochen geht nachts auf Beutejagd. Er ist nicht w\u00e4hlerisch und frisst alle m\u00f6glichen Wirbellosen wie Quallen, Garnelen, Krabben aber auch Fische. Es gibt noch zwei andere Rochenarten mit \u00e4hnlicher Zeichnung: Den&nbsp;<br>H. Leoparda und den H. Undulata. M\u00f6glicherweise auch noch weitere noch nicht bestimmte Arten, die bisher dem Leopard-Stechrochen oder den Anderen zugeordnet wurden.<\/p>\n\n\n\n<p><strong>Gefahr:<\/strong> Zur Verteidigung besitzt er einen Giftstachel an seinem Schwanz.&nbsp;<\/p>\n\n\n\n<p><strong>Bedrohungsstatus:<\/strong> Auf der Roten Liste der IUCN wird der Leopard-Stechrochen&nbsp;als<br>&nbsp;\u201egef\u00e4hrdet\u201c gef\u00fchrt.<\/p>\n\n\n\n<p><strong>Video:<\/strong>  \u00a9 Heinz Krimmer<\/p>\n\n\n\n<hr class=\"wp-block-separator has-alpha-channel-opacity is-style-wide\"\/>\n\n\n\n<p class=\"has-vivid-cyan-blue-color has-text-color has-link-color has-medium-font-size wp-elements-d6ac4ac17044b0504ead2f8c8f977fa5\"><strong>Mit Leoparden-Rochen tauchen?<\/strong><\/p>\n\n\n\n<p><mark style=\"background-color:rgba(0, 0, 0, 0)\" class=\"has-inline-color has-vivid-cyan-blue-color\">In der Bucht Abu Dabab bei Marsa Alam in S\u00fcd\u00e4gypten hat man gute Chancen diesen eindrucksvollen Rochen zu sehen.<\/mark><\/p>\n","protected":false},"excerpt":{"rendered":"<p>Leopard-Stechrochen Reticulate whipray (Himantura uarnak) Gr\u00f6\u00dfe: bis 2,00 m Lebensraum: Sandb\u00f6den, Seegraswiesen, Flussm\u00fcndungen, oft auch in der N\u00e4he von Korallenriffen Vorkommen: Ostafrika, Rotes Meer, Oman, Malediven, S\u00fcdjapan, Taiwan, ganz S\u00fcdostasien, Nordaustralien, Papua-Neuguinea, Ozeanien bis Franz\u00f6sisch-Polynesien; \u00fcber den Suezkanal in das Mittelmeer eingewandert Erkennungsmerkmale: Leopardenmuster auf dem R\u00fccken, langer d\u00fcnner Schwanz&nbsp; Biologie &amp; Verhalten: Dieser sch\u00f6ne &hellip; <\/p>\n<p class=\"link-more\"><a href=\"https:\/\/alles-ueber-riffe.de\/?page_id=683\" class=\"more-link\"><span class=\"screen-reader-text\">\u201eLeoparden-Stechrochen\u201c<\/span> weiterlesen<\/a><\/p>\n","protected":false},"author":1,"featured_media":0,"parent":0,"menu_order":0,"comment_status":"closed","ping_status":"closed","template":"","meta":{"footnotes":""},"class_list":["post-683","page","type-page","status-publish","hentry"],"_links":{"self":[{"href":"https:\/\/alles-ueber-riffe.de\/index.php?rest_route=\/wp\/v2\/pages\/683","targetHints":{"allow":["GET"]}}],"collection":[{"href":"https:\/\/alles-ueber-riffe.de\/index.php?rest_route=\/wp\/v2\/pages"}],"about":[{"href":"https:\/\/alles-ueber-riffe.de\/index.php?rest_route=\/wp\/v2\/types\/page"}],"author":[{"embeddable":true,"href":"https:\/\/alles-ueber-riffe.de\/index.php?rest_route=\/wp\/v2\/users\/1"}],"replies":[{"embeddable":true,"href":"https:\/\/alles-ueber-riffe.de\/index.php?rest_route=%2Fwp%2Fv2%2Fcomments&post=683"}],"version-history":[{"count":5,"href":"https:\/\/alles-ueber-riffe.de\/index.php?rest_route=\/wp\/v2\/pages\/683\/revisions"}],"predecessor-version":[{"id":9019,"href":"https:\/\/alles-ueber-riffe.de\/index.php?rest_route=\/wp\/v2\/pages\/683\/revisions\/9019"}],"wp:attachment":[{"href":"https:\/\/alles-ueber-riffe.de\/index.php?rest_route=%2Fwp%2Fv2%2Fmedia&parent=683"}],"curies":[{"name":"wp","href":"https:\/\/api.w.org\/{rel}","templated":true}]}}