{"id":681,"date":"2024-10-15T17:13:24","date_gmt":"2024-10-15T17:13:24","guid":{"rendered":"https:\/\/alles-ueber-riffe.de\/?page_id=681"},"modified":"2025-02-06T16:26:22","modified_gmt":"2025-02-06T16:26:22","slug":"javanischer-kuhnasenrochen","status":"publish","type":"page","link":"https:\/\/alles-ueber-riffe.de\/?page_id=681","title":{"rendered":"Javanischer Kuhnasenrochen"},"content":{"rendered":"\n<div class=\"wp-block-group is-vertical is-layout-flex wp-container-core-group-is-layout-8cf370e7 wp-block-group-is-layout-flex\">\n<p><strong>Javanischer Kuhnasenrochen <\/strong><\/p>\n\n\n\n<p>Flapnose ray<\/p>\n\n\n\n<p><em>(Rhinoptera javanica<em style=\"font-size: revert;\">)<\/em><\/em><\/p>\n<\/div>\n\n\n\n<div style=\"height:50px\" aria-hidden=\"true\" class=\"wp-block-spacer\"><\/div>\n\n\n\n<figure class=\"wp-block-image size-full\"><img loading=\"lazy\" decoding=\"async\" width=\"1024\" height=\"768\" src=\"https:\/\/alles-ueber-riffe.de\/wp-content\/uploads\/2024\/10\/Javanischer-Kuhnasenrochen_1024x768.jpg\" alt=\"\" class=\"wp-image-643\" srcset=\"https:\/\/alles-ueber-riffe.de\/wp-content\/uploads\/2024\/10\/Javanischer-Kuhnasenrochen_1024x768.jpg 1024w, https:\/\/alles-ueber-riffe.de\/wp-content\/uploads\/2024\/10\/Javanischer-Kuhnasenrochen_1024x768-300x225.jpg 300w, https:\/\/alles-ueber-riffe.de\/wp-content\/uploads\/2024\/10\/Javanischer-Kuhnasenrochen_1024x768-768x576.jpg 768w\" sizes=\"auto, (max-width: 767px) 89vw, (max-width: 1000px) 54vw, (max-width: 1071px) 543px, 580px\" \/><figcaption class=\"wp-element-caption\"><em>\u00a9 Heinz Krimmer<\/em><\/figcaption><\/figure>\n\n\n\n<div style=\"height:50px\" aria-hidden=\"true\" class=\"wp-block-spacer\"><\/div>\n\n\n\n<p><strong>Gr\u00f6\u00dfe: <\/strong> bis 1,50 m inklusive Schwanz<\/p>\n\n\n\n<p><strong>Lebensraum:<\/strong> Freiwasser in Riffn\u00e4he<\/p>\n\n\n\n<p><strong>Vorkommen:  <\/strong> Ostafrika, Rotes Meer, Malediven, S\u00fcdjapan, ganz S\u00fcdostasien, Nordaustralien, Papua-Neuguinea<\/p>\n\n\n\n<p><strong>Erkennungsmerkmale: <\/strong> brauner R\u00fccken<\/p>\n\n\n\n<p><strong>Biologie &amp; Verhalten: <\/strong> Die acht Kuhnasenrochenarten sind kaum zu unterscheiden. Am besten orientiert man sich am Vorkommen. Kuhnasenrochen geh\u00f6ren zu den Adlerrochen und verhalten sich so. Am eindrucksvollsten sind gro\u00dfe Schw\u00e4rme von mehreren hundert Tieren. Genau wie Mantas schwimmen bzw. fliegen sie mit ihren gro\u00dfen Brustflossen durch das Wasser. Beim Jagen allerdings begeben sie sich auf den Meeresboden.<\/p>\n\n\n\n<p><strong>Gefahr:<\/strong> Kuhnasen Rochen sind harmlos.<\/p>\n\n\n\n<p><strong>Bedrohungsstatus:<\/strong> uf der Roten Liste der IUCN wird der&nbsp;Javanischer Kuhnasenrochen&nbsp;als<br>&nbsp;\u201egering gef\u00e4hrdet\u201c gef\u00fchrt.<\/p>\n\n\n\n<p><strong>Foto:<\/strong> \u00a9 Heinz Krimmer<\/p>\n\n\n\n<hr class=\"wp-block-separator has-alpha-channel-opacity is-style-wide\"\/>\n","protected":false},"excerpt":{"rendered":"<p>Javanischer Kuhnasenrochen Flapnose ray (Rhinoptera javanica) Gr\u00f6\u00dfe: bis 1,50 m inklusive Schwanz Lebensraum: Freiwasser in Riffn\u00e4he Vorkommen: Ostafrika, Rotes Meer, Malediven, S\u00fcdjapan, ganz S\u00fcdostasien, Nordaustralien, Papua-Neuguinea Erkennungsmerkmale: brauner R\u00fccken Biologie &amp; Verhalten: Die acht Kuhnasenrochenarten sind kaum zu unterscheiden. Am besten orientiert man sich am Vorkommen. Kuhnasenrochen geh\u00f6ren zu den Adlerrochen und verhalten sich so. &hellip; <\/p>\n<p class=\"link-more\"><a href=\"https:\/\/alles-ueber-riffe.de\/?page_id=681\" class=\"more-link\"><span class=\"screen-reader-text\">\u201eJavanischer Kuhnasenrochen\u201c<\/span> weiterlesen<\/a><\/p>\n","protected":false},"author":1,"featured_media":0,"parent":0,"menu_order":0,"comment_status":"closed","ping_status":"closed","template":"","meta":{"footnotes":""},"class_list":["post-681","page","type-page","status-publish","hentry"],"_links":{"self":[{"href":"https:\/\/alles-ueber-riffe.de\/index.php?rest_route=\/wp\/v2\/pages\/681","targetHints":{"allow":["GET"]}}],"collection":[{"href":"https:\/\/alles-ueber-riffe.de\/index.php?rest_route=\/wp\/v2\/pages"}],"about":[{"href":"https:\/\/alles-ueber-riffe.de\/index.php?rest_route=\/wp\/v2\/types\/page"}],"author":[{"embeddable":true,"href":"https:\/\/alles-ueber-riffe.de\/index.php?rest_route=\/wp\/v2\/users\/1"}],"replies":[{"embeddable":true,"href":"https:\/\/alles-ueber-riffe.de\/index.php?rest_route=%2Fwp%2Fv2%2Fcomments&post=681"}],"version-history":[{"count":5,"href":"https:\/\/alles-ueber-riffe.de\/index.php?rest_route=\/wp\/v2\/pages\/681\/revisions"}],"predecessor-version":[{"id":9017,"href":"https:\/\/alles-ueber-riffe.de\/index.php?rest_route=\/wp\/v2\/pages\/681\/revisions\/9017"}],"wp:attachment":[{"href":"https:\/\/alles-ueber-riffe.de\/index.php?rest_route=%2Fwp%2Fv2%2Fmedia&parent=681"}],"curies":[{"name":"wp","href":"https:\/\/api.w.org\/{rel}","templated":true}]}}