{"id":679,"date":"2024-10-15T17:12:59","date_gmt":"2024-10-15T17:12:59","guid":{"rendered":"https:\/\/alles-ueber-riffe.de\/?page_id=679"},"modified":"2025-02-06T16:25:58","modified_gmt":"2025-02-06T16:25:58","slug":"igelrochen","status":"publish","type":"page","link":"https:\/\/alles-ueber-riffe.de\/?page_id=679","title":{"rendered":"Igelrochen"},"content":{"rendered":"\n<div class=\"wp-block-group is-vertical is-layout-flex wp-container-core-group-is-layout-8cf370e7 wp-block-group-is-layout-flex\">\n<p><strong>Igelrochen <\/strong><\/p>\n\n\n\n<p>Porcupine ray<\/p>\n\n\n\n<p><em>(Urogymnus asperrimus<em style=\"font-size: revert;\">)<\/em><\/em><\/p>\n<\/div>\n\n\n\n<div style=\"height:49px\" aria-hidden=\"true\" class=\"wp-block-spacer\"><\/div>\n\n\n\n<figure class=\"wp-block-image size-full\"><img loading=\"lazy\" decoding=\"async\" width=\"1024\" height=\"768\" src=\"https:\/\/alles-ueber-riffe.de\/wp-content\/uploads\/2024\/10\/Igelrochen_1024x768.jpg\" alt=\"\" class=\"wp-image-641\" srcset=\"https:\/\/alles-ueber-riffe.de\/wp-content\/uploads\/2024\/10\/Igelrochen_1024x768.jpg 1024w, https:\/\/alles-ueber-riffe.de\/wp-content\/uploads\/2024\/10\/Igelrochen_1024x768-300x225.jpg 300w, https:\/\/alles-ueber-riffe.de\/wp-content\/uploads\/2024\/10\/Igelrochen_1024x768-768x576.jpg 768w\" sizes=\"auto, (max-width: 767px) 89vw, (max-width: 1000px) 54vw, (max-width: 1071px) 543px, 580px\" \/><figcaption class=\"wp-element-caption\"><em>\u00a9 Heinz Krimmer<\/em><\/figcaption><\/figure>\n\n\n\n<div style=\"height:50px\" aria-hidden=\"true\" class=\"wp-block-spacer\"><\/div>\n\n\n\n<p><strong>Gr\u00f6\u00dfe: <\/strong> bis 1,50 m<\/p>\n\n\n\n<p><strong>Lebensraum:<\/strong> Sandboden in Riffn\u00e4he<\/p>\n\n\n\n<p><strong>Vorkommen:  <\/strong> Ostafrika, Rotes Meer, Malediven, ganz S\u00fcdostasien, Nordaustralien, Papua-Neuguinea, Ozeanien bis Fidschi; Ostatlantik: Senegal, Elfenbeink\u00fcste, Guinea<\/p>\n\n\n\n<p><strong>Erkennungsmerkmale: <\/strong> stachlige Haut und graue Farbe . Unverwechselbare Erscheinung.<\/p>\n\n\n\n<p><strong>Biologie &amp; Verhalten: <\/strong> Das Vorkommen dieses Rochens gibt R\u00e4tsel auf. Wie kann es sein, dass dieser Rochen an der Westk\u00fcste Afrikas auftaucht? Ist er wirklich durch die kalte Zone der S\u00fcdspitze Afrikas gewandert? Diese Frage bleibt unbeantwortet.<\/p>\n\n\n\n<p>Igelrochen kommen selten vor. Sie ern\u00e4hren sich vorwiegend von Krebstieren. Ein Wurf kann bis zu 12 kleine Rochen z\u00e4hlen.<\/p>\n\n\n\n<p><strong>Gefahr:<\/strong> Der Igelrochen ist der einzige Rochen, der nicht nur mit seinem Stachel, sondern auch mit seiner Haut Menschen schmerzhafte Verletzungen zuf\u00fcgen kann.<\/p>\n\n\n\n<p><strong>Bedrohungsstatus:<\/strong> Auf der Roten Liste der IUCN wird der Igelrochen&nbsp;als<br>&nbsp;\u201egef\u00e4hrdet\u201c gef\u00fchrt.<\/p>\n\n\n\n<p><strong>Foto:<\/strong> \u00a9 Heinz Krimmer<\/p>\n\n\n\n<hr class=\"wp-block-separator has-alpha-channel-opacity is-style-wide\"\/>\n","protected":false},"excerpt":{"rendered":"<p>Igelrochen Porcupine ray (Urogymnus asperrimus) Gr\u00f6\u00dfe: bis 1,50 m Lebensraum: Sandboden in Riffn\u00e4he Vorkommen: Ostafrika, Rotes Meer, Malediven, ganz S\u00fcdostasien, Nordaustralien, Papua-Neuguinea, Ozeanien bis Fidschi; Ostatlantik: Senegal, Elfenbeink\u00fcste, Guinea Erkennungsmerkmale: stachlige Haut und graue Farbe . Unverwechselbare Erscheinung. Biologie &amp; Verhalten: Das Vorkommen dieses Rochens gibt R\u00e4tsel auf. Wie kann es sein, dass dieser Rochen &hellip; <\/p>\n<p class=\"link-more\"><a href=\"https:\/\/alles-ueber-riffe.de\/?page_id=679\" class=\"more-link\"><span class=\"screen-reader-text\">\u201eIgelrochen\u201c<\/span> weiterlesen<\/a><\/p>\n","protected":false},"author":1,"featured_media":0,"parent":0,"menu_order":0,"comment_status":"closed","ping_status":"closed","template":"","meta":{"footnotes":""},"class_list":["post-679","page","type-page","status-publish","hentry"],"_links":{"self":[{"href":"https:\/\/alles-ueber-riffe.de\/index.php?rest_route=\/wp\/v2\/pages\/679","targetHints":{"allow":["GET"]}}],"collection":[{"href":"https:\/\/alles-ueber-riffe.de\/index.php?rest_route=\/wp\/v2\/pages"}],"about":[{"href":"https:\/\/alles-ueber-riffe.de\/index.php?rest_route=\/wp\/v2\/types\/page"}],"author":[{"embeddable":true,"href":"https:\/\/alles-ueber-riffe.de\/index.php?rest_route=\/wp\/v2\/users\/1"}],"replies":[{"embeddable":true,"href":"https:\/\/alles-ueber-riffe.de\/index.php?rest_route=%2Fwp%2Fv2%2Fcomments&post=679"}],"version-history":[{"count":5,"href":"https:\/\/alles-ueber-riffe.de\/index.php?rest_route=\/wp\/v2\/pages\/679\/revisions"}],"predecessor-version":[{"id":9016,"href":"https:\/\/alles-ueber-riffe.de\/index.php?rest_route=\/wp\/v2\/pages\/679\/revisions\/9016"}],"wp:attachment":[{"href":"https:\/\/alles-ueber-riffe.de\/index.php?rest_route=%2Fwp%2Fv2%2Fmedia&parent=679"}],"curies":[{"name":"wp","href":"https:\/\/api.w.org\/{rel}","templated":true}]}}