{"id":677,"date":"2024-10-15T17:12:46","date_gmt":"2024-10-15T17:12:46","guid":{"rendered":"https:\/\/alles-ueber-riffe.de\/?page_id=677"},"modified":"2025-02-06T16:25:35","modified_gmt":"2025-02-06T16:25:35","slug":"halvas-geigenrochen","status":"publish","type":"page","link":"https:\/\/alles-ueber-riffe.de\/?page_id=677","title":{"rendered":"Halvas Geigenrochen"},"content":{"rendered":"\n<div class=\"wp-block-group is-vertical is-layout-flex wp-container-core-group-is-layout-8cf370e7 wp-block-group-is-layout-flex\">\n<p><strong>Halvas Geigenrochen<\/strong><\/p>\n\n\n\n<p>Halavi guitarfish<\/p>\n\n\n\n<p><em>(Glaucostegus halavi<em style=\"font-size: revert;\">)<\/em><\/em><\/p>\n\n\n\n<div style=\"height:50px\" aria-hidden=\"true\" class=\"wp-block-spacer wp-container-content-b30579f5\"><\/div>\n\n\n\n<figure class=\"wp-block-video\"><video height=\"576\" style=\"aspect-ratio: 1024 \/ 576;\" width=\"1024\" controls src=\"https:\/\/alles-ueber-riffe.de\/wp-content\/uploads\/2024\/10\/Halvas_Geigenrochen_1024_576.mp4\"><\/video><figcaption class=\"wp-element-caption\"><em>\u00a9 Heinz Krimmer<\/em><\/figcaption><\/figure>\n<\/div>\n\n\n\n<div style=\"height:50px\" aria-hidden=\"true\" class=\"wp-block-spacer\"><\/div>\n\n\n\n<p><strong>Gr\u00f6\u00dfe: <\/strong> bis 1,20 m&nbsp;<\/p>\n\n\n\n<p><strong>Lebensraum:<\/strong> Seegras- und Sandb\u00f6den in der N\u00e4he von Korallenriffen<\/p>\n\n\n\n<p><strong>Vorkommen:  <\/strong> Rotes Meer, Oman<\/p>\n\n\n\n<p><strong>Erkennungsmerkmale: <\/strong> zwei gro\u00dfe R\u00fcckenflossen und eine gro\u00dfe Schwanzflosse<\/p>\n\n\n\n<p><strong>Biologie &amp; Verhalten: <\/strong> Wenn man im Roten Meer auf einen Geigenrochen trifft, handelt es sich mit gro\u00dfer Wahrscheinlichkeit um den Halvas Geigenrochen, denn er ist dort die h\u00e4ufigste Art.<\/p>\n\n\n\n<p>Unter den Geigenrochen ist er einer der kleinsten.&nbsp;<\/p>\n\n\n\n<p>Rochen und Haie sind sehr nahe verwandt und besonders bei Geigenrochen kann man es sehr gut sehen. Sie wirken wie eine Mischung aus beiden: die Flossen vom Hai, der K\u00f6rper vom Rochen.<\/p>\n\n\n\n<p>Er h\u00e4lt sich wie die meisten Rochen ausschlie\u00dflich am Boden auf und ern\u00e4hrt sich von im Sand lebenden Wirbellosen und Fischen.<\/p>\n\n\n\n<p><strong>Gefahr:<\/strong> Diese Geigenrochen sind harmlos.<\/p>\n\n\n\n<p><strong>Bedrohungsstatus:<\/strong> Auf der Roten Liste der IUCN ist er als \u201enicht gef\u00e4hrdet\u201c eingestuft.<\/p>\n\n\n\n<p><strong>Video:<\/strong>  \u00a9 Heinz Krimmer<\/p>\n\n\n\n<hr class=\"wp-block-separator has-alpha-channel-opacity is-style-wide\"\/>\n\n\n\n<p class=\"has-vivid-cyan-blue-color has-text-color has-link-color has-medium-font-size wp-elements-51393bc2f3030946161582d87ae5325b\"><strong>Mit Halvas Geigenrochen tauchen?<\/strong><\/p>\n\n\n\n<p class=\"has-vivid-cyan-blue-color has-text-color has-link-color wp-elements-be3a97e4a643063663bdffdccf640455\">In Marsa Alam in S\u00fcd\u00e4gypten in der Bucht von Abu Dabab gibt es eine sehr gro\u00dfe Chance diesen wundersch\u00f6nen Rochen zu treffen.<\/p>\n","protected":false},"excerpt":{"rendered":"<p>Halvas Geigenrochen Halavi guitarfish (Glaucostegus halavi) Gr\u00f6\u00dfe: bis 1,20 m&nbsp; Lebensraum: Seegras- und Sandb\u00f6den in der N\u00e4he von Korallenriffen Vorkommen: Rotes Meer, Oman Erkennungsmerkmale: zwei gro\u00dfe R\u00fcckenflossen und eine gro\u00dfe Schwanzflosse Biologie &amp; Verhalten: Wenn man im Roten Meer auf einen Geigenrochen trifft, handelt es sich mit gro\u00dfer Wahrscheinlichkeit um den Halvas Geigenrochen, denn er &hellip; <\/p>\n<p class=\"link-more\"><a href=\"https:\/\/alles-ueber-riffe.de\/?page_id=677\" class=\"more-link\"><span class=\"screen-reader-text\">\u201eHalvas Geigenrochen\u201c<\/span> weiterlesen<\/a><\/p>\n","protected":false},"author":1,"featured_media":0,"parent":0,"menu_order":0,"comment_status":"closed","ping_status":"closed","template":"","meta":{"footnotes":""},"class_list":["post-677","page","type-page","status-publish","hentry"],"_links":{"self":[{"href":"https:\/\/alles-ueber-riffe.de\/index.php?rest_route=\/wp\/v2\/pages\/677","targetHints":{"allow":["GET"]}}],"collection":[{"href":"https:\/\/alles-ueber-riffe.de\/index.php?rest_route=\/wp\/v2\/pages"}],"about":[{"href":"https:\/\/alles-ueber-riffe.de\/index.php?rest_route=\/wp\/v2\/types\/page"}],"author":[{"embeddable":true,"href":"https:\/\/alles-ueber-riffe.de\/index.php?rest_route=\/wp\/v2\/users\/1"}],"replies":[{"embeddable":true,"href":"https:\/\/alles-ueber-riffe.de\/index.php?rest_route=%2Fwp%2Fv2%2Fcomments&post=677"}],"version-history":[{"count":5,"href":"https:\/\/alles-ueber-riffe.de\/index.php?rest_route=\/wp\/v2\/pages\/677\/revisions"}],"predecessor-version":[{"id":9015,"href":"https:\/\/alles-ueber-riffe.de\/index.php?rest_route=\/wp\/v2\/pages\/677\/revisions\/9015"}],"wp:attachment":[{"href":"https:\/\/alles-ueber-riffe.de\/index.php?rest_route=%2Fwp%2Fv2%2Fmedia&parent=677"}],"curies":[{"name":"wp","href":"https:\/\/api.w.org\/{rel}","templated":true}]}}