{"id":673,"date":"2024-10-15T17:11:51","date_gmt":"2024-10-15T17:11:51","guid":{"rendered":"https:\/\/alles-ueber-riffe.de\/?page_id=673"},"modified":"2025-02-06T16:24:19","modified_gmt":"2025-02-06T16:24:19","slug":"grauer-stechrochen","status":"publish","type":"page","link":"https:\/\/alles-ueber-riffe.de\/?page_id=673","title":{"rendered":"Grauer Stechrochen"},"content":{"rendered":"\n<div class=\"wp-block-group is-vertical is-layout-flex wp-container-core-group-is-layout-8cf370e7 wp-block-group-is-layout-flex\">\n<p><strong>Grauer Stechrochen<\/strong><\/p>\n\n\n\n<p>Bluespotted stingray<\/p>\n\n\n\n<p><em>(Neotrygon kuhlii<em style=\"font-size: revert;\">)<\/em><\/em><\/p>\n<\/div>\n\n\n\n<div style=\"height:50px\" aria-hidden=\"true\" class=\"wp-block-spacer\"><\/div>\n\n\n\n<figure class=\"wp-block-image size-full\"><img loading=\"lazy\" decoding=\"async\" width=\"1024\" height=\"768\" src=\"https:\/\/alles-ueber-riffe.de\/wp-content\/uploads\/2024\/10\/Grauer-Stechrochen_1024x768.jpg\" alt=\"\" class=\"wp-image-634\" srcset=\"https:\/\/alles-ueber-riffe.de\/wp-content\/uploads\/2024\/10\/Grauer-Stechrochen_1024x768.jpg 1024w, https:\/\/alles-ueber-riffe.de\/wp-content\/uploads\/2024\/10\/Grauer-Stechrochen_1024x768-300x225.jpg 300w, https:\/\/alles-ueber-riffe.de\/wp-content\/uploads\/2024\/10\/Grauer-Stechrochen_1024x768-768x576.jpg 768w\" sizes=\"auto, (max-width: 767px) 89vw, (max-width: 1000px) 54vw, (max-width: 1071px) 543px, 580px\" \/><figcaption class=\"wp-element-caption\"><em>\u00a9 Heinz Krimmer<\/em><\/figcaption><\/figure>\n\n\n\n<div style=\"height:50px\" aria-hidden=\"true\" class=\"wp-block-spacer\"><\/div>\n\n\n\n<p><strong>Gr\u00f6\u00dfe: <\/strong> bis 45 cm inklusive Schwanz<\/p>\n\n\n\n<p><strong>Lebensraum:<\/strong> Sandb\u00f6den in der N\u00e4he von Korallenriffen<\/p>\n\n\n\n<p><strong>Vorkommen:  <\/strong>Ostafrika, Rotes Meer, Malediven, S\u00fcdjapan, ganz S\u00fcdostasien, Nordaustralien, Papua-Neuguinea, Ozeanien bis Tonga<\/p>\n\n\n\n<p><strong>Erkennungsmerkmale: <\/strong> um den R\u00fccken gruppierte blaue Punkte; langer, d\u00fcnner Schwanz mit wei\u00dfer F\u00e4rbung am Ende<\/p>\n\n\n\n<p><strong>Biologie &amp; Verhalten: <\/strong> Dieser Stechrochen ist nach seinem Entdecker benannt. Heinrich Kuhl entdeckte ihn im indonesischen Java. Auch er ist ein \u201eFeinschmecker\u201c und frisst mit Vorliebe Garnelen.<\/p>\n\n\n\n<p>Wie viele Rochen wird er von Hammerhaien und Orcas gejagt. F\u00fcr die Fischerei ist er wegen seiner Gr\u00f6\u00dfe weniger interessant, seine Haut eignet sich aber zu Herstellung von Musikinstrumenten. In arabischen L\u00e4ndern wird sie oft zu Trommeln verarbeitet.<\/p>\n\n\n\n<p><strong>Gefahr:<\/strong> Zur Verteidigung besitzt er Giftstachel an seinem Schwanz. Er hat ein starkes Gift.<\/p>\n\n\n\n<p><strong>Bedrohungsstatus:<\/strong> Auf der Roten Liste der IUCN wird der Federschwanz Stechrochen&nbsp;als<br>&nbsp;\u201egering gef\u00e4hrdet\u201c gef\u00fchrt.<\/p>\n\n\n\n<p><strong>Foto:<\/strong> \u00a9 Heinz Krimmer<\/p>\n\n\n\n<hr class=\"wp-block-separator has-alpha-channel-opacity is-style-wide\"\/>\n\n\n\n<p class=\"has-vivid-cyan-blue-color has-text-color has-link-color has-medium-font-size wp-elements-1313566407a8b41e64ac2a2add2b23b6\"><\/p>\n","protected":false},"excerpt":{"rendered":"<p>Grauer Stechrochen Bluespotted stingray (Neotrygon kuhlii) Gr\u00f6\u00dfe: bis 45 cm inklusive Schwanz Lebensraum: Sandb\u00f6den in der N\u00e4he von Korallenriffen Vorkommen: Ostafrika, Rotes Meer, Malediven, S\u00fcdjapan, ganz S\u00fcdostasien, Nordaustralien, Papua-Neuguinea, Ozeanien bis Tonga Erkennungsmerkmale: um den R\u00fccken gruppierte blaue Punkte; langer, d\u00fcnner Schwanz mit wei\u00dfer F\u00e4rbung am Ende Biologie &amp; Verhalten: Dieser Stechrochen ist nach seinem &hellip; <\/p>\n<p class=\"link-more\"><a href=\"https:\/\/alles-ueber-riffe.de\/?page_id=673\" class=\"more-link\"><span class=\"screen-reader-text\">\u201eGrauer Stechrochen\u201c<\/span> weiterlesen<\/a><\/p>\n","protected":false},"author":1,"featured_media":0,"parent":0,"menu_order":0,"comment_status":"closed","ping_status":"closed","template":"","meta":{"footnotes":""},"class_list":["post-673","page","type-page","status-publish","hentry"],"_links":{"self":[{"href":"https:\/\/alles-ueber-riffe.de\/index.php?rest_route=\/wp\/v2\/pages\/673","targetHints":{"allow":["GET"]}}],"collection":[{"href":"https:\/\/alles-ueber-riffe.de\/index.php?rest_route=\/wp\/v2\/pages"}],"about":[{"href":"https:\/\/alles-ueber-riffe.de\/index.php?rest_route=\/wp\/v2\/types\/page"}],"author":[{"embeddable":true,"href":"https:\/\/alles-ueber-riffe.de\/index.php?rest_route=\/wp\/v2\/users\/1"}],"replies":[{"embeddable":true,"href":"https:\/\/alles-ueber-riffe.de\/index.php?rest_route=%2Fwp%2Fv2%2Fcomments&post=673"}],"version-history":[{"count":4,"href":"https:\/\/alles-ueber-riffe.de\/index.php?rest_route=\/wp\/v2\/pages\/673\/revisions"}],"predecessor-version":[{"id":9013,"href":"https:\/\/alles-ueber-riffe.de\/index.php?rest_route=\/wp\/v2\/pages\/673\/revisions\/9013"}],"wp:attachment":[{"href":"https:\/\/alles-ueber-riffe.de\/index.php?rest_route=%2Fwp%2Fv2%2Fmedia&parent=673"}],"curies":[{"name":"wp","href":"https:\/\/api.w.org\/{rel}","templated":true}]}}