{"id":671,"date":"2024-10-15T17:05:20","date_gmt":"2024-10-15T17:05:20","guid":{"rendered":"https:\/\/alles-ueber-riffe.de\/?page_id=671"},"modified":"2025-02-06T16:23:54","modified_gmt":"2025-02-06T16:23:54","slug":"gefleckter-adlerrochen","status":"publish","type":"page","link":"https:\/\/alles-ueber-riffe.de\/?page_id=671","title":{"rendered":"Gefleckter Adlerrochen"},"content":{"rendered":"\n<div class=\"wp-block-group is-vertical is-layout-flex wp-container-core-group-is-layout-8cf370e7 wp-block-group-is-layout-flex\">\n<p><strong>Gefleckter Adlerrochen<\/strong><\/p>\n\n\n\n<p>Spotted eagle ray<\/p>\n\n\n\n<p><em>(Alopias pelagicus)<\/em><\/p>\n\n\n\n<div style=\"height:50px\" aria-hidden=\"true\" class=\"wp-block-spacer wp-container-content-b30579f5\"><\/div>\n\n\n\n<figure class=\"wp-block-video\"><video height=\"576\" style=\"aspect-ratio: 1024 \/ 576;\" width=\"1024\" controls src=\"https:\/\/alles-ueber-riffe.de\/wp-content\/uploads\/2024\/10\/adlerrochen_1024_576-klein.mp4\"><\/video><figcaption class=\"wp-element-caption\"> <em>\u00a9 Heinz Krimmer<\/em><\/figcaption><\/figure>\n<\/div>\n\n\n\n<div style=\"height:50px\" aria-hidden=\"true\" class=\"wp-block-spacer\"><\/div>\n\n\n\n<p><strong>Gr\u00f6\u00dfe: <\/strong> bis 3,30 m inklusive Schwanz<\/p>\n\n\n\n<p><strong>Lebensraum:<\/strong> Freiwasser in Riffn\u00e4he<\/p>\n\n\n\n<p><strong>Vorkommen:  <\/strong> alle tropischen und subtropischen Bereiche aller Ozeane<\/p>\n\n\n\n<p><strong>Erkennungsmerkmale: <\/strong> zahlreiche, kleine, wei\u00dfe Punkte auf dem R\u00fccken<\/p>\n\n\n\n<p><strong>Biologie &amp; Verhalten: <\/strong>Adlerrochen scheinen durch das Wasser zu fliegen. Man sieht sie sowohl in gro\u00dfen Gruppen, als auch paarweise oder alleine. Manchmal fliegen sie wirklich. Bis zu drei Meter hohe Luftspr\u00fcnge konnten schon beobachtet werden. Beim Jagen allerdings begeben sie sich auf den Meeresboden, den sie mit ihrer Schnauze nach Muscheln und anderen Wirbellosen durchpfl\u00fcgen. Ihr starkes Gebiss erm\u00f6glicht ihnen auch harte Muschelschalen zu knacken.<\/p>\n\n\n\n<p>Wohl der am h\u00e4ufigsten gesehen Rochen.<\/p>\n\n\n\n<p><strong>Gefahr:<\/strong> Zur Verteidigung befindet sich am Anfang des Schwanzes ein Giftstachel, doch als Taucher kommt man nie so nahe an einen Adlerrochen heran, als dass eine Gefahr von ihm ausgehen k\u00f6nnte.<\/p>\n\n\n\n<p><strong>Bedrohungsstatus:<\/strong> Auf der Roten Liste der IUCN wird der&nbsp;Gefleckte Adlerrochen als<br>&nbsp;\u201egering gef\u00e4hrdet\u201c gef\u00fchrt.<\/p>\n\n\n\n<p><strong>Video:<\/strong>  \u00a9 Heinz Krimmer<\/p>\n\n\n\n<hr class=\"wp-block-separator has-alpha-channel-opacity is-style-wide\"\/>\n\n\n\n<p class=\"has-vivid-cyan-blue-color has-text-color has-link-color has-medium-font-size wp-elements-0c3a5d1b22c4f9a00892f04e4001ed7a\"><strong>Mit Adlerrochen tauchen?<\/strong><\/p>\n","protected":false},"excerpt":{"rendered":"<p>Gefleckter Adlerrochen Spotted eagle ray (Alopias pelagicus) Gr\u00f6\u00dfe: bis 3,30 m inklusive Schwanz Lebensraum: Freiwasser in Riffn\u00e4he Vorkommen: alle tropischen und subtropischen Bereiche aller Ozeane Erkennungsmerkmale: zahlreiche, kleine, wei\u00dfe Punkte auf dem R\u00fccken Biologie &amp; Verhalten: Adlerrochen scheinen durch das Wasser zu fliegen. Man sieht sie sowohl in gro\u00dfen Gruppen, als auch paarweise oder alleine. &hellip; <\/p>\n<p class=\"link-more\"><a href=\"https:\/\/alles-ueber-riffe.de\/?page_id=671\" class=\"more-link\"><span class=\"screen-reader-text\">\u201eGefleckter Adlerrochen\u201c<\/span> weiterlesen<\/a><\/p>\n","protected":false},"author":1,"featured_media":0,"parent":0,"menu_order":0,"comment_status":"closed","ping_status":"closed","template":"","meta":{"footnotes":""},"class_list":["post-671","page","type-page","status-publish","hentry"],"_links":{"self":[{"href":"https:\/\/alles-ueber-riffe.de\/index.php?rest_route=\/wp\/v2\/pages\/671","targetHints":{"allow":["GET"]}}],"collection":[{"href":"https:\/\/alles-ueber-riffe.de\/index.php?rest_route=\/wp\/v2\/pages"}],"about":[{"href":"https:\/\/alles-ueber-riffe.de\/index.php?rest_route=\/wp\/v2\/types\/page"}],"author":[{"embeddable":true,"href":"https:\/\/alles-ueber-riffe.de\/index.php?rest_route=\/wp\/v2\/users\/1"}],"replies":[{"embeddable":true,"href":"https:\/\/alles-ueber-riffe.de\/index.php?rest_route=%2Fwp%2Fv2%2Fcomments&post=671"}],"version-history":[{"count":3,"href":"https:\/\/alles-ueber-riffe.de\/index.php?rest_route=\/wp\/v2\/pages\/671\/revisions"}],"predecessor-version":[{"id":9012,"href":"https:\/\/alles-ueber-riffe.de\/index.php?rest_route=\/wp\/v2\/pages\/671\/revisions\/9012"}],"wp:attachment":[{"href":"https:\/\/alles-ueber-riffe.de\/index.php?rest_route=%2Fwp%2Fv2%2Fmedia&parent=671"}],"curies":[{"name":"wp","href":"https:\/\/api.w.org\/{rel}","templated":true}]}}