{"id":668,"date":"2024-10-15T17:04:05","date_gmt":"2024-10-15T17:04:05","guid":{"rendered":"https:\/\/alles-ueber-riffe.de\/?page_id=668"},"modified":"2025-02-06T16:23:25","modified_gmt":"2025-02-06T16:23:25","slug":"federschwanz-stechrochen","status":"publish","type":"page","link":"https:\/\/alles-ueber-riffe.de\/?page_id=668","title":{"rendered":"Federschwanz-Stechrochen"},"content":{"rendered":"\n<div class=\"wp-block-group is-vertical is-layout-flex wp-container-core-group-is-layout-8cf370e7 wp-block-group-is-layout-flex\">\n<p><strong>Federschwanz Stechrochen<\/strong><\/p>\n\n\n\n<p>Cowtail stingray<\/p>\n\n\n\n<p><em>(Pastinachus sephen<em style=\"font-size: revert;\">us)<\/em><\/em><\/p>\n\n\n\n<div style=\"height:50px\" aria-hidden=\"true\" class=\"wp-block-spacer wp-container-content-b30579f5\"><\/div>\n\n\n\n<figure class=\"wp-block-video\"><video height=\"576\" style=\"aspect-ratio: 1024 \/ 576;\" width=\"1024\" controls src=\"https:\/\/alles-ueber-riffe.de\/wp-content\/uploads\/2024\/10\/Federschwanz_Stechrochen_1024x576.mp4\"><\/video><figcaption class=\"wp-element-caption\"><em>\u00a9 Heinz Krimmer<\/em><\/figcaption><\/figure>\n<\/div>\n\n\n\n<div style=\"height:50px\" aria-hidden=\"true\" class=\"wp-block-spacer\"><\/div>\n\n\n\n<p><strong>Gr\u00f6\u00dfe: <\/strong> bis 3,00 m inklusive Schwanz<\/p>\n\n\n\n<p><strong>Lebensraum:<\/strong> Sandb\u00f6den in der N\u00e4he von Korallenriffen<\/p>\n\n\n\n<p><strong>Vorkommen:  <\/strong> Ostafrika, Rotes Meer, Persischer Golf, Oman, Malediven, S\u00fcdjapan, ganz S\u00fcdostasien, Nordaustralien, Papua-Neuguinea, Ozeanien bis Mikronesien<\/p>\n\n\n\n<p><strong>Erkennungsmerkmale: <\/strong> Der Name sagt alles: Sein Schwanz sieht aus wie eine Feder.<\/p>\n\n\n\n<p><strong>Biologie &amp; Verhalten: <\/strong> Federschwanzstechrochen ern\u00e4hren sich von Fischen und Wirbellosen. Wie alle Stechrochen pflanzen sie sich ovovivipar fort, d.h. dass ihre Eier im Mutterleib ausgebr\u00fctet werden und die Jungen im Mutterleib schl\u00fcpfen und lebend geboren werden.<\/p>\n\n\n\n<p><strong>Gefahr:<\/strong> Zur Verteidigung besitzt er zwei Giftstachel an seinem Schwanz.&nbsp;<\/p>\n\n\n\n<p><strong>Bedrohungsstatus:<\/strong> Auf der Roten Liste der IUCN wird der Federschwanz-Stechrochen&nbsp;als<br>&nbsp;\u201enicht gef\u00e4hrdet\u201c gef\u00fchrt.<\/p>\n\n\n\n<p><strong>Video:<\/strong> \u00a9 Michael Stadermann<\/p>\n\n\n\n<hr class=\"wp-block-separator has-alpha-channel-opacity is-style-wide\"\/>\n","protected":false},"excerpt":{"rendered":"<p>Federschwanz Stechrochen Cowtail stingray (Pastinachus sephenus) Gr\u00f6\u00dfe: bis 3,00 m inklusive Schwanz Lebensraum: Sandb\u00f6den in der N\u00e4he von Korallenriffen Vorkommen: Ostafrika, Rotes Meer, Persischer Golf, Oman, Malediven, S\u00fcdjapan, ganz S\u00fcdostasien, Nordaustralien, Papua-Neuguinea, Ozeanien bis Mikronesien Erkennungsmerkmale: Der Name sagt alles: Sein Schwanz sieht aus wie eine Feder. Biologie &amp; Verhalten: Federschwanzstechrochen ern\u00e4hren sich von Fischen &hellip; <\/p>\n<p class=\"link-more\"><a href=\"https:\/\/alles-ueber-riffe.de\/?page_id=668\" class=\"more-link\"><span class=\"screen-reader-text\">\u201eFederschwanz-Stechrochen\u201c<\/span> weiterlesen<\/a><\/p>\n","protected":false},"author":1,"featured_media":0,"parent":0,"menu_order":0,"comment_status":"closed","ping_status":"closed","template":"","meta":{"footnotes":""},"class_list":["post-668","page","type-page","status-publish","hentry"],"_links":{"self":[{"href":"https:\/\/alles-ueber-riffe.de\/index.php?rest_route=\/wp\/v2\/pages\/668","targetHints":{"allow":["GET"]}}],"collection":[{"href":"https:\/\/alles-ueber-riffe.de\/index.php?rest_route=\/wp\/v2\/pages"}],"about":[{"href":"https:\/\/alles-ueber-riffe.de\/index.php?rest_route=\/wp\/v2\/types\/page"}],"author":[{"embeddable":true,"href":"https:\/\/alles-ueber-riffe.de\/index.php?rest_route=\/wp\/v2\/users\/1"}],"replies":[{"embeddable":true,"href":"https:\/\/alles-ueber-riffe.de\/index.php?rest_route=%2Fwp%2Fv2%2Fcomments&post=668"}],"version-history":[{"count":5,"href":"https:\/\/alles-ueber-riffe.de\/index.php?rest_route=\/wp\/v2\/pages\/668\/revisions"}],"predecessor-version":[{"id":9011,"href":"https:\/\/alles-ueber-riffe.de\/index.php?rest_route=\/wp\/v2\/pages\/668\/revisions\/9011"}],"wp:attachment":[{"href":"https:\/\/alles-ueber-riffe.de\/index.php?rest_route=%2Fwp%2Fv2%2Fmedia&parent=668"}],"curies":[{"name":"wp","href":"https:\/\/api.w.org\/{rel}","templated":true}]}}