{"id":664,"date":"2024-10-15T17:02:13","date_gmt":"2024-10-15T17:02:13","guid":{"rendered":"https:\/\/alles-ueber-riffe.de\/?page_id=664"},"modified":"2025-02-06T16:22:53","modified_gmt":"2025-02-06T16:22:53","slug":"fais-stechrochen","status":"publish","type":"page","link":"https:\/\/alles-ueber-riffe.de\/?page_id=664","title":{"rendered":"Fais Stechrochen"},"content":{"rendered":"\n<div class=\"wp-block-group is-vertical is-layout-flex wp-container-core-group-is-layout-8cf370e7 wp-block-group-is-layout-flex\">\n<p><strong>Fais Stechrochen<\/strong><\/p>\n\n\n\n<p>Pink whipray<\/p>\n\n\n\n<p><em>(Himantura fai<em style=\"font-size: revert;\">)<\/em><\/em><\/p>\n<\/div>\n\n\n\n<div style=\"height:50px\" aria-hidden=\"true\" class=\"wp-block-spacer\"><\/div>\n\n\n\n<figure class=\"wp-block-image size-full\"><img loading=\"lazy\" decoding=\"async\" width=\"1024\" height=\"768\" src=\"https:\/\/alles-ueber-riffe.de\/wp-content\/uploads\/2024\/10\/Fais-Stechrochen_1024x768-1.jpg\" alt=\"\" class=\"wp-image-732\" srcset=\"https:\/\/alles-ueber-riffe.de\/wp-content\/uploads\/2024\/10\/Fais-Stechrochen_1024x768-1.jpg 1024w, https:\/\/alles-ueber-riffe.de\/wp-content\/uploads\/2024\/10\/Fais-Stechrochen_1024x768-1-300x225.jpg 300w, https:\/\/alles-ueber-riffe.de\/wp-content\/uploads\/2024\/10\/Fais-Stechrochen_1024x768-1-768x576.jpg 768w\" sizes=\"auto, (max-width: 767px) 89vw, (max-width: 1000px) 54vw, (max-width: 1071px) 543px, 580px\" \/><figcaption class=\"wp-element-caption\"><em>\u00a9 Heinz Krimmer<\/em><\/figcaption><\/figure>\n\n\n\n<div style=\"height:50px\" aria-hidden=\"true\" class=\"wp-block-spacer\"><\/div>\n\n\n\n<p><strong>Gr\u00f6\u00dfe: <\/strong> bis 1,80 m inklusive Schwanz<\/p>\n\n\n\n<p><strong>Lebensraum:<\/strong> Sandb\u00f6den in der N\u00e4he von Korallenriffen<\/p>\n\n\n\n<p><strong>Vorkommen:  <\/strong> Ostafrika, Malediven, ganz S\u00fcdostasien, Nordaustralien, Papua-Neuguinea, Ozeanien bis Mikronesien<\/p>\n\n\n\n<p><strong>Erkennungsmerkmale: <\/strong> langer, sehr d\u00fcnner Schwanz, olivbraune F\u00e4rbung<\/p>\n\n\n\n<p><strong>Biologie &amp; Verhalten: <\/strong> Fais Stechrochen, die in Australien beobachtet wurden, erwiesen sich als \u201eFeinschmecker\u201c. Garnelen geh\u00f6rten zu ihrer bevorzugten Beute. Wie einige andere Rochenarten auch, pflanzen sie sich ovovivipar fort, d.h. dass ihre Eier im Mutterleib ausgebr\u00fctet werden und die Jungen im Mutterleib schl\u00fcpfen und lebend geboren werden.<\/p>\n\n\n\n<p><strong>Gefahr:<\/strong> Zur Verteidigung besitzt er einen Giftstachel an seinem Schwanz.&nbsp;<\/p>\n\n\n\n<p><strong>Bedrohungsstatus:<\/strong> Auf der Roten Liste der IUCN wird Fais Stechrochen&nbsp;als<br>&nbsp;\u201enicht gef\u00e4hrdet\u201c gef\u00fchrt.<\/p>\n\n\n\n<p><strong>Video:<\/strong>  \u00a9 Heinz Krimmer<\/p>\n\n\n\n<hr class=\"wp-block-separator has-alpha-channel-opacity is-style-wide\"\/>\n\n\n\n<p class=\"has-vivid-cyan-blue-color has-text-color has-link-color has-medium-font-size wp-elements-555281abb6ecbdd7e2be449db302e76e\"><strong>Mit Fais Stechrochen tauchen?<\/strong><\/p>\n\n\n\n<p class=\"has-vivid-cyan-blue-color has-text-color has-link-color wp-elements-05632029db11419b895fe2527d27a9af\"><\/p>\n","protected":false},"excerpt":{"rendered":"<p>Fais Stechrochen Pink whipray (Himantura fai) Gr\u00f6\u00dfe: bis 1,80 m inklusive Schwanz Lebensraum: Sandb\u00f6den in der N\u00e4he von Korallenriffen Vorkommen: Ostafrika, Malediven, ganz S\u00fcdostasien, Nordaustralien, Papua-Neuguinea, Ozeanien bis Mikronesien Erkennungsmerkmale: langer, sehr d\u00fcnner Schwanz, olivbraune F\u00e4rbung Biologie &amp; Verhalten: Fais Stechrochen, die in Australien beobachtet wurden, erwiesen sich als \u201eFeinschmecker\u201c. Garnelen geh\u00f6rten zu ihrer bevorzugten &hellip; <\/p>\n<p class=\"link-more\"><a href=\"https:\/\/alles-ueber-riffe.de\/?page_id=664\" class=\"more-link\"><span class=\"screen-reader-text\">\u201eFais Stechrochen\u201c<\/span> weiterlesen<\/a><\/p>\n","protected":false},"author":1,"featured_media":0,"parent":0,"menu_order":0,"comment_status":"closed","ping_status":"closed","template":"","meta":{"footnotes":""},"class_list":["post-664","page","type-page","status-publish","hentry"],"_links":{"self":[{"href":"https:\/\/alles-ueber-riffe.de\/index.php?rest_route=\/wp\/v2\/pages\/664","targetHints":{"allow":["GET"]}}],"collection":[{"href":"https:\/\/alles-ueber-riffe.de\/index.php?rest_route=\/wp\/v2\/pages"}],"about":[{"href":"https:\/\/alles-ueber-riffe.de\/index.php?rest_route=\/wp\/v2\/types\/page"}],"author":[{"embeddable":true,"href":"https:\/\/alles-ueber-riffe.de\/index.php?rest_route=\/wp\/v2\/users\/1"}],"replies":[{"embeddable":true,"href":"https:\/\/alles-ueber-riffe.de\/index.php?rest_route=%2Fwp%2Fv2%2Fcomments&post=664"}],"version-history":[{"count":5,"href":"https:\/\/alles-ueber-riffe.de\/index.php?rest_route=\/wp\/v2\/pages\/664\/revisions"}],"predecessor-version":[{"id":9009,"href":"https:\/\/alles-ueber-riffe.de\/index.php?rest_route=\/wp\/v2\/pages\/664\/revisions\/9009"}],"wp:attachment":[{"href":"https:\/\/alles-ueber-riffe.de\/index.php?rest_route=%2Fwp%2Fv2%2Fmedia&parent=664"}],"curies":[{"name":"wp","href":"https:\/\/api.w.org\/{rel}","templated":true}]}}