{"id":662,"date":"2024-10-15T17:01:44","date_gmt":"2024-10-15T17:01:44","guid":{"rendered":"https:\/\/alles-ueber-riffe.de\/?page_id=662"},"modified":"2025-02-06T16:22:30","modified_gmt":"2025-02-06T16:22:30","slug":"blaupunktrochen","status":"publish","type":"page","link":"https:\/\/alles-ueber-riffe.de\/?page_id=662","title":{"rendered":"Blaupunktrochen"},"content":{"rendered":"\n<div class=\"wp-block-group is-vertical is-layout-flex wp-container-core-group-is-layout-8cf370e7 wp-block-group-is-layout-flex\">\n<p><strong>Blaupunktrochen<\/strong><\/p>\n\n\n\n<p>Bluespotted ribbontail ray<\/p>\n\n\n\n<p><em>(Taeniura lymma<em style=\"font-size: revert;\">)<\/em><\/em><\/p>\n\n\n\n<div style=\"height:50px\" aria-hidden=\"true\" class=\"wp-block-spacer wp-container-content-b30579f5\"><\/div>\n\n\n\n<figure class=\"wp-block-video\"><video height=\"576\" style=\"aspect-ratio: 1024 \/ 576;\" width=\"1024\" controls src=\"https:\/\/alles-ueber-riffe.de\/wp-content\/uploads\/2024\/10\/blaupunktrochen_1024_576.mp4\"><\/video><figcaption class=\"wp-element-caption\"><em>\u00a9 Heinz Krimmer<\/em><\/figcaption><\/figure>\n<\/div>\n\n\n\n<div style=\"height:50px\" aria-hidden=\"true\" class=\"wp-block-spacer\"><\/div>\n\n\n\n<p><strong>Gr\u00f6\u00dfe: <\/strong> bis 70 cm<\/p>\n\n\n\n<p><strong>Lebensraum:<\/strong> Sandb\u00f6den in der N\u00e4he von Korallenriffen<\/p>\n\n\n\n<p><strong>Vorkommen:  <\/strong>Ostafrika, Rotes Meer, Oman, Malediven, S\u00fcdjapan, ganz S\u00fcdostasien, Nordaustralien, Papua-Neuguinea, Ozeanien bis zu den Salomonen<\/p>\n\n\n\n<p><strong>Erkennungsmerkmale: <\/strong> zahlreiche intensive, blaue Punkte auf dem R\u00fccken<\/p>\n\n\n\n<p><strong>Biologie &amp; Verhalten: <\/strong> Der nachtaktive Rochen ruht tags\u00fcber oft unter Korallenst\u00f6cken oder im Sand vergraben. Im Sand jagt er auch nach seiner Beute und man sieht ihn mit den Flossen nach Wirbellosen graben.<\/p>\n\n\n\n<p>Neben dem Adlerrochen vielleicht der am h\u00e4ufigsten von Tauchern gesehen Rochen.<\/p>\n\n\n\n<p><strong>Gefahr:<\/strong> Zur Verteidigung besitzt er zwei Giftstachel an seinem Schwanz. Das Gift ist f\u00fcr Menschen nicht t\u00f6dlich, aber sehr schmerzhaft. Im flachen Wasser sind auch Schnorchler und Badende gef\u00e4hrdet. Er setzt diese Stachel aber nur dann ein, wenn er keine Fluchtm\u00f6glichkeit hat. Aggressiv ist er nicht.<\/p>\n\n\n\n<p><strong>Bedrohungsstatus:<\/strong> Auf der Roten Liste der IUCN wird der Blaupunktrochen&nbsp;als<br>&nbsp;\u201egering gef\u00e4hrdet\u201c gef\u00fchrt.<\/p>\n\n\n\n<p><strong>Video:<\/strong>  \u00a9 Heinz Krimmer<\/p>\n\n\n\n<hr class=\"wp-block-separator has-alpha-channel-opacity is-style-wide\"\/>\n\n\n\n<p class=\"has-vivid-cyan-blue-color has-text-color has-link-color has-medium-font-size wp-elements-84b67e2c0cc13f89b07a25c50fe7348f\"><strong>Mit Blaupunktrochen tauchen?<\/strong><\/p>\n","protected":false},"excerpt":{"rendered":"<p>Blaupunktrochen Bluespotted ribbontail ray (Taeniura lymma) Gr\u00f6\u00dfe: bis 70 cm Lebensraum: Sandb\u00f6den in der N\u00e4he von Korallenriffen Vorkommen: Ostafrika, Rotes Meer, Oman, Malediven, S\u00fcdjapan, ganz S\u00fcdostasien, Nordaustralien, Papua-Neuguinea, Ozeanien bis zu den Salomonen Erkennungsmerkmale: zahlreiche intensive, blaue Punkte auf dem R\u00fccken Biologie &amp; Verhalten: Der nachtaktive Rochen ruht tags\u00fcber oft unter Korallenst\u00f6cken oder im Sand &hellip; <\/p>\n<p class=\"link-more\"><a href=\"https:\/\/alles-ueber-riffe.de\/?page_id=662\" class=\"more-link\"><span class=\"screen-reader-text\">\u201eBlaupunktrochen\u201c<\/span> weiterlesen<\/a><\/p>\n","protected":false},"author":1,"featured_media":0,"parent":0,"menu_order":0,"comment_status":"closed","ping_status":"closed","template":"","meta":{"footnotes":""},"class_list":["post-662","page","type-page","status-publish","hentry"],"_links":{"self":[{"href":"https:\/\/alles-ueber-riffe.de\/index.php?rest_route=\/wp\/v2\/pages\/662","targetHints":{"allow":["GET"]}}],"collection":[{"href":"https:\/\/alles-ueber-riffe.de\/index.php?rest_route=\/wp\/v2\/pages"}],"about":[{"href":"https:\/\/alles-ueber-riffe.de\/index.php?rest_route=\/wp\/v2\/types\/page"}],"author":[{"embeddable":true,"href":"https:\/\/alles-ueber-riffe.de\/index.php?rest_route=\/wp\/v2\/users\/1"}],"replies":[{"embeddable":true,"href":"https:\/\/alles-ueber-riffe.de\/index.php?rest_route=%2Fwp%2Fv2%2Fcomments&post=662"}],"version-history":[{"count":6,"href":"https:\/\/alles-ueber-riffe.de\/index.php?rest_route=\/wp\/v2\/pages\/662\/revisions"}],"predecessor-version":[{"id":9008,"href":"https:\/\/alles-ueber-riffe.de\/index.php?rest_route=\/wp\/v2\/pages\/662\/revisions\/9008"}],"wp:attachment":[{"href":"https:\/\/alles-ueber-riffe.de\/index.php?rest_route=%2Fwp%2Fv2%2Fmedia&parent=662"}],"curies":[{"name":"wp","href":"https:\/\/api.w.org\/{rel}","templated":true}]}}