{"id":6131,"date":"2025-01-09T11:55:50","date_gmt":"2025-01-09T11:55:50","guid":{"rendered":"https:\/\/alles-ueber-riffe.de\/?page_id=6131"},"modified":"2025-03-03T22:00:11","modified_gmt":"2025-03-03T22:00:11","slug":"koenig-salomon-zwergbarsch","status":"publish","type":"page","link":"https:\/\/alles-ueber-riffe.de\/?page_id=6131","title":{"rendered":"K\u00f6nig-Salomon-Zwergbarsch"},"content":{"rendered":"\n<div class=\"wp-block-group is-vertical is-layout-flex wp-container-core-group-is-layout-8cf370e7 wp-block-group-is-layout-flex\">\n<p><strong>K\u00f6nig-Salomon-Zwergbarsch<\/strong><\/p>\n\n\n\n<p>Orchid dottyback<\/p>\n\n\n\n<p><em>Pseudochromis fridmani<\/em><\/p>\n<\/div>\n\n\n\n<div style=\"height:30px\" aria-hidden=\"true\" class=\"wp-block-spacer\"><\/div>\n\n\n\n<figure class=\"wp-block-video\"><video height=\"576\" style=\"aspect-ratio: 1024 \/ 576;\" width=\"1024\" controls src=\"https:\/\/alles-ueber-riffe.de\/wp-content\/uploads\/2025\/03\/Koenig-Salomon-Zwergbarsch.mp4\"><\/video><figcaption class=\"wp-element-caption\">\u00a9 Heinz Krimmer<\/figcaption><\/figure>\n\n\n\n<hr class=\"wp-block-separator has-alpha-channel-opacity is-style-default\"\/>\n\n\n\n<p><strong>Gr\u00f6\u00dfe: <\/strong> bis 6,3 cm<\/p>\n\n\n\n<p><strong>Lebensraum:<\/strong> Korallenriffe<\/p>\n\n\n\n<p><strong>Vorkommen:  <\/strong>Endemisch im Roten Meer<\/p>\n\n\n\n<p><strong>Erkennungsmerkmale:<\/strong> Grundfarbe violett<\/p>\n\n\n\n<p><strong>Biologie &amp; Verhalten: <\/strong> Der K\u00f6nig Salomon Zwergbarsch ist besonders h\u00e4ufig im Golf von Akaba. Vermutlich tr\u00e4gt er deshalb den Namen des K\u00f6nigs Salomon, der als Erbauer des ersten j\u00fcdischen Tempels in Jerusalem gilt.<\/p>\n\n\n\n<p>Den Zwergbarsch findet man h\u00e4ufig an schattigen \u00dcberh\u00e4ngen. Er ist sehr schwer zu fotografieren, da er scheu und st\u00e4ndig in Bewegung ist.<\/p>\n\n\n\n<p>Er sieht dem Kirschroten-Zwergbarsch sehr \u00e4hnlich. Das dieser aber nicht im Roten Meer vorkommt, sind sie einfach auseinander zu halten.<\/p>\n\n\n\n<p><strong>Bedrohungsstatus:<\/strong> Die Art wird auf der Roten Liste der IUCN als <mark style=\"background-color:rgba(0, 0, 0, 0)\" class=\"has-inline-color has-vivid-green-cyan-color\">\u201enicht gef\u00e4hrdet\u201c<\/mark> gef\u00fchrt.<\/p>\n\n\n\n<hr class=\"wp-block-separator has-alpha-channel-opacity is-style-default\"\/>\n\n\n\n<p><\/p>\n","protected":false},"excerpt":{"rendered":"<p>K\u00f6nig-Salomon-Zwergbarsch Orchid dottyback Pseudochromis fridmani Gr\u00f6\u00dfe: bis 6,3 cm Lebensraum: Korallenriffe Vorkommen: Endemisch im Roten Meer Erkennungsmerkmale: Grundfarbe violett Biologie &amp; Verhalten: Der K\u00f6nig Salomon Zwergbarsch ist besonders h\u00e4ufig im Golf von Akaba. Vermutlich tr\u00e4gt er deshalb den Namen des K\u00f6nigs Salomon, der als Erbauer des ersten j\u00fcdischen Tempels in Jerusalem gilt. Den Zwergbarsch findet &hellip; <\/p>\n<p class=\"link-more\"><a href=\"https:\/\/alles-ueber-riffe.de\/?page_id=6131\" class=\"more-link\"><span class=\"screen-reader-text\">\u201eK\u00f6nig-Salomon-Zwergbarsch\u201c<\/span> weiterlesen<\/a><\/p>\n","protected":false},"author":1,"featured_media":0,"parent":0,"menu_order":0,"comment_status":"closed","ping_status":"closed","template":"","meta":{"footnotes":""},"class_list":["post-6131","page","type-page","status-publish","hentry"],"_links":{"self":[{"href":"https:\/\/alles-ueber-riffe.de\/index.php?rest_route=\/wp\/v2\/pages\/6131","targetHints":{"allow":["GET"]}}],"collection":[{"href":"https:\/\/alles-ueber-riffe.de\/index.php?rest_route=\/wp\/v2\/pages"}],"about":[{"href":"https:\/\/alles-ueber-riffe.de\/index.php?rest_route=\/wp\/v2\/types\/page"}],"author":[{"embeddable":true,"href":"https:\/\/alles-ueber-riffe.de\/index.php?rest_route=\/wp\/v2\/users\/1"}],"replies":[{"embeddable":true,"href":"https:\/\/alles-ueber-riffe.de\/index.php?rest_route=%2Fwp%2Fv2%2Fcomments&post=6131"}],"version-history":[{"count":5,"href":"https:\/\/alles-ueber-riffe.de\/index.php?rest_route=\/wp\/v2\/pages\/6131\/revisions"}],"predecessor-version":[{"id":10512,"href":"https:\/\/alles-ueber-riffe.de\/index.php?rest_route=\/wp\/v2\/pages\/6131\/revisions\/10512"}],"wp:attachment":[{"href":"https:\/\/alles-ueber-riffe.de\/index.php?rest_route=%2Fwp%2Fv2%2Fmedia&parent=6131"}],"curies":[{"name":"wp","href":"https:\/\/api.w.org\/{rel}","templated":true}]}}