{"id":6129,"date":"2025-01-09T11:55:40","date_gmt":"2025-01-09T11:55:40","guid":{"rendered":"https:\/\/alles-ueber-riffe.de\/?page_id=6129"},"modified":"2025-03-03T21:57:36","modified_gmt":"2025-03-03T21:57:36","slug":"kirschroter-zwergbarsch","status":"publish","type":"page","link":"https:\/\/alles-ueber-riffe.de\/?page_id=6129","title":{"rendered":"Kirschroter-Zwergbarsch"},"content":{"rendered":"\n<div class=\"wp-block-group is-vertical is-layout-flex wp-container-core-group-is-layout-8cf370e7 wp-block-group-is-layout-flex\">\n<p><strong>Kirschroter-Zwergbarsch<\/strong><\/p>\n\n\n\n<p>Cerise dottyback<\/p>\n\n\n\n<p><em>Chlidichthys johnvoelckeri<\/em><\/p>\n<\/div>\n\n\n\n<div style=\"height:30px\" aria-hidden=\"true\" class=\"wp-block-spacer\"><\/div>\n\n\n\n<figure class=\"wp-block-image size-full\"><img loading=\"lazy\" decoding=\"async\" width=\"1024\" height=\"763\" src=\"https:\/\/alles-ueber-riffe.de\/wp-content\/uploads\/2025\/03\/Kirschroter-Zwergbarsch_1024x768.jpg\" alt=\"\" class=\"wp-image-10505\" srcset=\"https:\/\/alles-ueber-riffe.de\/wp-content\/uploads\/2025\/03\/Kirschroter-Zwergbarsch_1024x768.jpg 1024w, https:\/\/alles-ueber-riffe.de\/wp-content\/uploads\/2025\/03\/Kirschroter-Zwergbarsch_1024x768-300x224.jpg 300w, https:\/\/alles-ueber-riffe.de\/wp-content\/uploads\/2025\/03\/Kirschroter-Zwergbarsch_1024x768-768x572.jpg 768w\" sizes=\"auto, (max-width: 767px) 89vw, (max-width: 1000px) 54vw, (max-width: 1071px) 543px, 580px\" \/><figcaption class=\"wp-element-caption\">\u00a9 Heinz Krimmer<\/figcaption><\/figure>\n\n\n\n<hr class=\"wp-block-separator has-alpha-channel-opacity is-style-default\"\/>\n\n\n\n<p><strong>Gr\u00f6\u00dfe: <\/strong> bis 6 cm<\/p>\n\n\n\n<p><strong>Lebensraum:<\/strong> Korallenriffe<\/p>\n\n\n\n<p><strong>Vorkommen:  <\/strong>Ostafrika<\/p>\n\n\n\n<p><strong>Erkennungsmerkmale:<\/strong> Grundfarbe violett<\/p>\n\n\n\n<p><strong>Biologie &amp; Verhalten: <\/strong> \u00dcber diesen Fisch ist leider wenig bekannt. <\/p>\n\n\n\n<p>Sehr \u00e4hnlich sind zwei weitere Arten:<\/p>\n\n\n\n<p>Der K\u00f6nig-Salomon-Zwergbarsch\u00a0\u00a0(<em>Pseudochromis fridmani<\/em>), der nur im\u00a0\u00a0Roten Meer vorkommt, so dass sie an Hand des Verbreitungsgebietes gut zu unterscheiden sind.<\/p>\n\n\n\n<p>Der Porphyr-Zwergbarsch (<em>Pictichromis porphrea<\/em>), der in S\u00fcdjapan, den Philippinen, den Molukken und in Papua-Neuguinea vorkommt. Dieser unterscheidet sich durch seine transparenten Flossen.<\/p>\n\n\n\n<p><strong>Bedrohungsstatus:<\/strong> Die Art wird auf der Roten Liste der IUCN als <mark style=\"background-color:rgba(0, 0, 0, 0)\" class=\"has-inline-color has-vivid-green-cyan-color\">\u201enicht gef\u00e4hrdet\u201c<\/mark> gef\u00fchrt.<\/p>\n\n\n\n<hr class=\"wp-block-separator has-alpha-channel-opacity is-style-default\"\/>\n\n\n\n<p><\/p>\n","protected":false},"excerpt":{"rendered":"<p>Kirschroter-Zwergbarsch Cerise dottyback Chlidichthys johnvoelckeri Gr\u00f6\u00dfe: bis 6 cm Lebensraum: Korallenriffe Vorkommen: Ostafrika Erkennungsmerkmale: Grundfarbe violett Biologie &amp; Verhalten: \u00dcber diesen Fisch ist leider wenig bekannt. Sehr \u00e4hnlich sind zwei weitere Arten: Der K\u00f6nig-Salomon-Zwergbarsch\u00a0\u00a0(Pseudochromis fridmani), der nur im\u00a0\u00a0Roten Meer vorkommt, so dass sie an Hand des Verbreitungsgebietes gut zu unterscheiden sind. Der Porphyr-Zwergbarsch (Pictichromis porphrea), &hellip; <\/p>\n<p class=\"link-more\"><a href=\"https:\/\/alles-ueber-riffe.de\/?page_id=6129\" class=\"more-link\"><span class=\"screen-reader-text\">\u201eKirschroter-Zwergbarsch\u201c<\/span> weiterlesen<\/a><\/p>\n","protected":false},"author":1,"featured_media":0,"parent":0,"menu_order":0,"comment_status":"closed","ping_status":"closed","template":"","meta":{"footnotes":""},"class_list":["post-6129","page","type-page","status-publish","hentry"],"_links":{"self":[{"href":"https:\/\/alles-ueber-riffe.de\/index.php?rest_route=\/wp\/v2\/pages\/6129","targetHints":{"allow":["GET"]}}],"collection":[{"href":"https:\/\/alles-ueber-riffe.de\/index.php?rest_route=\/wp\/v2\/pages"}],"about":[{"href":"https:\/\/alles-ueber-riffe.de\/index.php?rest_route=\/wp\/v2\/types\/page"}],"author":[{"embeddable":true,"href":"https:\/\/alles-ueber-riffe.de\/index.php?rest_route=\/wp\/v2\/users\/1"}],"replies":[{"embeddable":true,"href":"https:\/\/alles-ueber-riffe.de\/index.php?rest_route=%2Fwp%2Fv2%2Fcomments&post=6129"}],"version-history":[{"count":4,"href":"https:\/\/alles-ueber-riffe.de\/index.php?rest_route=\/wp\/v2\/pages\/6129\/revisions"}],"predecessor-version":[{"id":10507,"href":"https:\/\/alles-ueber-riffe.de\/index.php?rest_route=\/wp\/v2\/pages\/6129\/revisions\/10507"}],"wp:attachment":[{"href":"https:\/\/alles-ueber-riffe.de\/index.php?rest_route=%2Fwp%2Fv2%2Fmedia&parent=6129"}],"curies":[{"name":"wp","href":"https:\/\/api.w.org\/{rel}","templated":true}]}}