{"id":6125,"date":"2025-01-09T11:55:16","date_gmt":"2025-01-09T11:55:16","guid":{"rendered":"https:\/\/alles-ueber-riffe.de\/?page_id=6125"},"modified":"2025-03-03T21:50:16","modified_gmt":"2025-03-03T21:50:16","slug":"diadem-zwergbarsch","status":"publish","type":"page","link":"https:\/\/alles-ueber-riffe.de\/?page_id=6125","title":{"rendered":"Diadem-Zwergbarsch"},"content":{"rendered":"\n<div class=\"wp-block-group is-vertical is-layout-flex wp-container-core-group-is-layout-8cf370e7 wp-block-group-is-layout-flex\">\n<p><strong>Diadem-Zwergbarsch<\/strong><\/p>\n\n\n\n<p>Diadem dottyback<\/p>\n\n\n\n<p><em>Pictichromis diadema<\/em><\/p>\n<\/div>\n\n\n\n<div style=\"height:30px\" aria-hidden=\"true\" class=\"wp-block-spacer\"><\/div>\n\n\n\n<figure class=\"wp-block-image size-full\"><img loading=\"lazy\" decoding=\"async\" width=\"1024\" height=\"768\" src=\"https:\/\/alles-ueber-riffe.de\/wp-content\/uploads\/2025\/03\/Diadem-Zwergbarsch_1025x768.jpg\" alt=\"\" class=\"wp-image-10495\" srcset=\"https:\/\/alles-ueber-riffe.de\/wp-content\/uploads\/2025\/03\/Diadem-Zwergbarsch_1025x768.jpg 1024w, https:\/\/alles-ueber-riffe.de\/wp-content\/uploads\/2025\/03\/Diadem-Zwergbarsch_1025x768-300x225.jpg 300w, https:\/\/alles-ueber-riffe.de\/wp-content\/uploads\/2025\/03\/Diadem-Zwergbarsch_1025x768-768x576.jpg 768w\" sizes=\"auto, (max-width: 767px) 89vw, (max-width: 1000px) 54vw, (max-width: 1071px) 543px, 580px\" \/><figcaption class=\"wp-element-caption\">\u00a9 Joris Rombouts<\/figcaption><\/figure>\n\n\n\n<hr class=\"wp-block-separator has-alpha-channel-opacity is-style-default\"\/>\n\n\n\n<p><strong>Gr\u00f6\u00dfe: <\/strong> bis 6,2 cm<\/p>\n\n\n\n<p><strong>Lebensraum:<\/strong> Korallenriffe<\/p>\n\n\n\n<p><strong>Vorkommen:  <\/strong>Malaysia, Philippinen, Borneo<\/p>\n\n\n\n<p><strong>Erkennungsmerkmale:<\/strong> Grundfarbe gelb; Stirn und ein Gro\u00dfteil des R\u00fcckens rosa, rot oder pink<\/p>\n\n\n\n<p><strong>Biologie &amp; Verhalten: <\/strong> Aquarianer bezeichnen diesen h\u00fcbschen, kleinen Fisch als \u201eGiftzwerg\u201c.  Damit tr\u00e4gt er den gleichen Spitznamen wie Putin w\u00e4hrend seiner KGB Zeit in Dresden. Der Grund: Der Diadem-Zwergbarsch ist sehr territorial und verteidigt sein Revier nicht nur gegen Artgenossen, sondern auch gegen andere Fische. Im Gegensatz zu Putin vergr\u00f6\u00dfert er sein Revier jedoch nicht gewaltsam auf Kosten von anderen.<\/p>\n\n\n\n<p>Lange Zeit hie\u00df der Diadem-Zweigbarsch Pseudochromis diadema.<\/p>\n\n\n\n<p><strong>Bedrohungsstatus:<\/strong> Die Art wird auf der Roten Liste der IUCN als <mark style=\"background-color:rgba(0, 0, 0, 0)\" class=\"has-inline-color has-vivid-green-cyan-color\">\u201enicht gef\u00e4hrdet\u201c<\/mark> gef\u00fchrt.<\/p>\n\n\n\n<hr class=\"wp-block-separator has-alpha-channel-opacity is-style-default\"\/>\n\n\n\n<p><\/p>\n","protected":false},"excerpt":{"rendered":"<p>Diadem-Zwergbarsch Diadem dottyback Pictichromis diadema Gr\u00f6\u00dfe: bis 6,2 cm Lebensraum: Korallenriffe Vorkommen: Malaysia, Philippinen, Borneo Erkennungsmerkmale: Grundfarbe gelb; Stirn und ein Gro\u00dfteil des R\u00fcckens rosa, rot oder pink Biologie &amp; Verhalten: Aquarianer bezeichnen diesen h\u00fcbschen, kleinen Fisch als \u201eGiftzwerg\u201c. Damit tr\u00e4gt er den gleichen Spitznamen wie Putin w\u00e4hrend seiner KGB Zeit in Dresden. Der Grund: &hellip; <\/p>\n<p class=\"link-more\"><a href=\"https:\/\/alles-ueber-riffe.de\/?page_id=6125\" class=\"more-link\"><span class=\"screen-reader-text\">\u201eDiadem-Zwergbarsch\u201c<\/span> weiterlesen<\/a><\/p>\n","protected":false},"author":1,"featured_media":0,"parent":0,"menu_order":0,"comment_status":"closed","ping_status":"closed","template":"","meta":{"footnotes":""},"class_list":["post-6125","page","type-page","status-publish","hentry"],"_links":{"self":[{"href":"https:\/\/alles-ueber-riffe.de\/index.php?rest_route=\/wp\/v2\/pages\/6125","targetHints":{"allow":["GET"]}}],"collection":[{"href":"https:\/\/alles-ueber-riffe.de\/index.php?rest_route=\/wp\/v2\/pages"}],"about":[{"href":"https:\/\/alles-ueber-riffe.de\/index.php?rest_route=\/wp\/v2\/types\/page"}],"author":[{"embeddable":true,"href":"https:\/\/alles-ueber-riffe.de\/index.php?rest_route=\/wp\/v2\/users\/1"}],"replies":[{"embeddable":true,"href":"https:\/\/alles-ueber-riffe.de\/index.php?rest_route=%2Fwp%2Fv2%2Fcomments&post=6125"}],"version-history":[{"count":5,"href":"https:\/\/alles-ueber-riffe.de\/index.php?rest_route=\/wp\/v2\/pages\/6125\/revisions"}],"predecessor-version":[{"id":10499,"href":"https:\/\/alles-ueber-riffe.de\/index.php?rest_route=\/wp\/v2\/pages\/6125\/revisions\/10499"}],"wp:attachment":[{"href":"https:\/\/alles-ueber-riffe.de\/index.php?rest_route=%2Fwp%2Fv2%2Fmedia&parent=6125"}],"curies":[{"name":"wp","href":"https:\/\/api.w.org\/{rel}","templated":true}]}}