{"id":6123,"date":"2025-01-09T11:54:51","date_gmt":"2025-01-09T11:54:51","guid":{"rendered":"https:\/\/alles-ueber-riffe.de\/?page_id=6123"},"modified":"2025-03-03T21:44:41","modified_gmt":"2025-03-03T21:44:41","slug":"aldabra-zwergbarsch","status":"publish","type":"page","link":"https:\/\/alles-ueber-riffe.de\/?page_id=6123","title":{"rendered":"Aldabra-Zwergbarsch"},"content":{"rendered":"\n<div class=\"wp-block-group is-vertical is-layout-flex wp-container-core-group-is-layout-8cf370e7 wp-block-group-is-layout-flex\">\n<p><strong>Aldabra-Zwergbarsch<\/strong><\/p>\n\n\n\n<p>Orange dottyback<\/p>\n\n\n\n<p><em>Pseudochromis aldabraensis<\/em><\/p>\n<\/div>\n\n\n\n<div style=\"height:30px\" aria-hidden=\"true\" class=\"wp-block-spacer\"><\/div>\n\n\n\n<figure class=\"wp-block-image size-full\"><img loading=\"lazy\" decoding=\"async\" width=\"1024\" height=\"768\" src=\"https:\/\/alles-ueber-riffe.de\/wp-content\/uploads\/2025\/03\/Aldabra-Zwergbarsch_1024x768.jpg\" alt=\"\" class=\"wp-image-10491\" srcset=\"https:\/\/alles-ueber-riffe.de\/wp-content\/uploads\/2025\/03\/Aldabra-Zwergbarsch_1024x768.jpg 1024w, https:\/\/alles-ueber-riffe.de\/wp-content\/uploads\/2025\/03\/Aldabra-Zwergbarsch_1024x768-300x225.jpg 300w, https:\/\/alles-ueber-riffe.de\/wp-content\/uploads\/2025\/03\/Aldabra-Zwergbarsch_1024x768-768x576.jpg 768w\" sizes=\"auto, (max-width: 767px) 89vw, (max-width: 1000px) 54vw, (max-width: 1071px) 543px, 580px\" \/><figcaption class=\"wp-element-caption\">\u00a9 Heinz Krimmer<\/figcaption><\/figure>\n\n\n\n<hr class=\"wp-block-separator has-alpha-channel-opacity is-style-default\"\/>\n\n\n\n<p><strong>Gr\u00f6\u00dfe: <\/strong> bis 10 cm<\/p>\n\n\n\n<p><strong>Lebensraum:<\/strong> Korallenriffe<\/p>\n\n\n\n<p><strong>Vorkommen:  <\/strong>Seychellen inkl. Aldabra, Persischer Golf, Oman, Pakistan und Sri Lanka<\/p>\n\n\n\n<p><strong>Erkennungsmerkmale:<\/strong> Grundfarbe orange; teilweise oder ganz blauer Kopf; blauer R\u00fccken und R\u00fcckenflosse<\/p>\n\n\n\n<p><strong>Biologie &amp; Verhalten: <\/strong> Der Aldabra-Zwergbarsch lebt in kleinen H\u00f6hlen im Riff. Der Paarung geht eine bis zu zwei Stunden dauernde Balz voraus, mit deren Hilfe das M\u00e4nnchen versucht, das Weibchen von sich und seiner Bruth\u00f6hle zu \u00fcberzeugen. Gelingt es, heftet das Weibchen bis zu 1000 Eier in der H\u00f6hle an das Substrat. Danach wird es vom M\u00e4nnchen verjagt, das allein die Brutpflege bis zum Schl\u00fcpfen \u00fcbernimmt. <\/p>\n\n\n\n<p>K\u00f6nnen das Geschlecht \u00e4ndern. Sowohl Weibchen in M\u00e4nnchen als auch M\u00e4nnchen in Weibchen.<\/p>\n\n\n\n<p><strong>Bedrohungsstatus:<\/strong> Die Art wird auf der Roten Liste der IUCN als <mark style=\"background-color:rgba(0, 0, 0, 0)\" class=\"has-inline-color has-vivid-green-cyan-color\">\u201enicht gef\u00e4hrdet\u201c<\/mark> gef\u00fchrt.<\/p>\n\n\n\n<hr class=\"wp-block-separator has-alpha-channel-opacity is-style-default\"\/>\n\n\n\n<p><\/p>\n","protected":false},"excerpt":{"rendered":"<p>Aldabra-Zwergbarsch Orange dottyback Pseudochromis aldabraensis Gr\u00f6\u00dfe: bis 10 cm Lebensraum: Korallenriffe Vorkommen: Seychellen inkl. Aldabra, Persischer Golf, Oman, Pakistan und Sri Lanka Erkennungsmerkmale: Grundfarbe orange; teilweise oder ganz blauer Kopf; blauer R\u00fccken und R\u00fcckenflosse Biologie &amp; Verhalten: Der Aldabra-Zwergbarsch lebt in kleinen H\u00f6hlen im Riff. Der Paarung geht eine bis zu zwei Stunden dauernde Balz &hellip; <\/p>\n<p class=\"link-more\"><a href=\"https:\/\/alles-ueber-riffe.de\/?page_id=6123\" class=\"more-link\"><span class=\"screen-reader-text\">\u201eAldabra-Zwergbarsch\u201c<\/span> weiterlesen<\/a><\/p>\n","protected":false},"author":1,"featured_media":0,"parent":0,"menu_order":0,"comment_status":"closed","ping_status":"closed","template":"","meta":{"footnotes":""},"class_list":["post-6123","page","type-page","status-publish","hentry"],"_links":{"self":[{"href":"https:\/\/alles-ueber-riffe.de\/index.php?rest_route=\/wp\/v2\/pages\/6123","targetHints":{"allow":["GET"]}}],"collection":[{"href":"https:\/\/alles-ueber-riffe.de\/index.php?rest_route=\/wp\/v2\/pages"}],"about":[{"href":"https:\/\/alles-ueber-riffe.de\/index.php?rest_route=\/wp\/v2\/types\/page"}],"author":[{"embeddable":true,"href":"https:\/\/alles-ueber-riffe.de\/index.php?rest_route=\/wp\/v2\/users\/1"}],"replies":[{"embeddable":true,"href":"https:\/\/alles-ueber-riffe.de\/index.php?rest_route=%2Fwp%2Fv2%2Fcomments&post=6123"}],"version-history":[{"count":4,"href":"https:\/\/alles-ueber-riffe.de\/index.php?rest_route=\/wp\/v2\/pages\/6123\/revisions"}],"predecessor-version":[{"id":10493,"href":"https:\/\/alles-ueber-riffe.de\/index.php?rest_route=\/wp\/v2\/pages\/6123\/revisions\/10493"}],"wp:attachment":[{"href":"https:\/\/alles-ueber-riffe.de\/index.php?rest_route=%2Fwp%2Fv2%2Fmedia&parent=6123"}],"curies":[{"name":"wp","href":"https:\/\/api.w.org\/{rel}","templated":true}]}}