{"id":6119,"date":"2025-01-09T11:54:26","date_gmt":"2025-01-09T11:54:26","guid":{"rendered":"https:\/\/alles-ueber-riffe.de\/?page_id=6119"},"modified":"2025-03-03T21:35:30","modified_gmt":"2025-03-03T21:35:30","slug":"weisssichel-juwelenbarsch","status":"publish","type":"page","link":"https:\/\/alles-ueber-riffe.de\/?page_id=6119","title":{"rendered":"Wei\u00dfsichel-Juwelenbarsch"},"content":{"rendered":"\n<div class=\"wp-block-group is-vertical is-layout-flex wp-container-core-group-is-layout-8cf370e7 wp-block-group-is-layout-flex\">\n<p><strong>Wei\u00dfsichel-Juwelenbarsch<\/strong><\/p>\n\n\n\n<p>White-edged lyretail<\/p>\n\n\n\n<p><em>Variola albimarginata<\/em><\/p>\n<\/div>\n\n\n\n<div style=\"height:30px\" aria-hidden=\"true\" class=\"wp-block-spacer\"><\/div>\n\n\n\n<figure class=\"wp-block-image size-full\"><img loading=\"lazy\" decoding=\"async\" width=\"1024\" height=\"768\" src=\"https:\/\/alles-ueber-riffe.de\/wp-content\/uploads\/2025\/03\/Weisssichel-Juwelenbarsch_1024x768.jpg\" alt=\"\" class=\"wp-image-10482\" srcset=\"https:\/\/alles-ueber-riffe.de\/wp-content\/uploads\/2025\/03\/Weisssichel-Juwelenbarsch_1024x768.jpg 1024w, https:\/\/alles-ueber-riffe.de\/wp-content\/uploads\/2025\/03\/Weisssichel-Juwelenbarsch_1024x768-300x225.jpg 300w, https:\/\/alles-ueber-riffe.de\/wp-content\/uploads\/2025\/03\/Weisssichel-Juwelenbarsch_1024x768-768x576.jpg 768w\" sizes=\"auto, (max-width: 767px) 89vw, (max-width: 1000px) 54vw, (max-width: 1071px) 543px, 580px\" \/><figcaption class=\"wp-element-caption\">\u00a9 Joris Rombouts<\/figcaption><\/figure>\n\n\n\n<hr class=\"wp-block-separator has-alpha-channel-opacity is-style-default\"\/>\n\n\n\n<p><strong>Gr\u00f6\u00dfe: <\/strong> bis 65 cm<\/p>\n\n\n\n<p><strong>Lebensraum:<\/strong> Korallen- und Felsenriffe<\/p>\n\n\n\n<p><strong>Vorkommen:  <\/strong>von Ostafrika, Malediven, S\u00fcdjapan, Vietnam, ganz S\u00fcdostasien, Nordaustralien, Papua-Neuguinea, Ozeanien bis Samoa<\/p>\n\n\n\n<p><strong>Erkennungsmerkmale:<\/strong> Grundfarbe rot; helle Flecken auf dem R\u00fccken; zahlreiche kleine, Punkte, die von hellblau \u00fcber rot bis violett sein k\u00f6nnen; zwei helle L\u00e4ngsstreifen an den Sicheln der Schwanzflosse; juvenile Tiere hellrot mit roten Punkten<\/p>\n\n\n\n<p><strong>Biologie &amp; Verhalten: <\/strong>Der Wei\u00dfsichel-Juwelenbarsch ist eine seltene Art. Er sieht dem Mondsichel-Juwelenbarsch sehr \u00e4hnlich, unterscheidet sich aber deutlich durch die hellen L\u00e4ngsstreifen an der Schwanzflosse. Einzelg\u00e4nger, manchmal aber auch in kleinen Gruppen. Frisst Fische.<\/p>\n\n\n\n<p><strong>Bedrohungsstatus:<\/strong> Die Art wird auf der Roten Liste der IUCN als <mark style=\"background-color:rgba(0, 0, 0, 0)\" class=\"has-inline-color has-vivid-green-cyan-color\">\u201enicht gef\u00e4hrdet\u201c<\/mark> gef\u00fchrt.<\/p>\n\n\n\n<hr class=\"wp-block-separator has-alpha-channel-opacity is-style-default\"\/>\n\n\n\n<p><\/p>\n","protected":false},"excerpt":{"rendered":"<p>Wei\u00dfsichel-Juwelenbarsch White-edged lyretail Variola albimarginata Gr\u00f6\u00dfe: bis 65 cm Lebensraum: Korallen- und Felsenriffe Vorkommen: von Ostafrika, Malediven, S\u00fcdjapan, Vietnam, ganz S\u00fcdostasien, Nordaustralien, Papua-Neuguinea, Ozeanien bis Samoa Erkennungsmerkmale: Grundfarbe rot; helle Flecken auf dem R\u00fccken; zahlreiche kleine, Punkte, die von hellblau \u00fcber rot bis violett sein k\u00f6nnen; zwei helle L\u00e4ngsstreifen an den Sicheln der Schwanzflosse; juvenile &hellip; <\/p>\n<p class=\"link-more\"><a href=\"https:\/\/alles-ueber-riffe.de\/?page_id=6119\" class=\"more-link\"><span class=\"screen-reader-text\">\u201eWei\u00dfsichel-Juwelenbarsch\u201c<\/span> weiterlesen<\/a><\/p>\n","protected":false},"author":1,"featured_media":0,"parent":0,"menu_order":0,"comment_status":"closed","ping_status":"closed","template":"","meta":{"footnotes":""},"class_list":["post-6119","page","type-page","status-publish","hentry"],"_links":{"self":[{"href":"https:\/\/alles-ueber-riffe.de\/index.php?rest_route=\/wp\/v2\/pages\/6119","targetHints":{"allow":["GET"]}}],"collection":[{"href":"https:\/\/alles-ueber-riffe.de\/index.php?rest_route=\/wp\/v2\/pages"}],"about":[{"href":"https:\/\/alles-ueber-riffe.de\/index.php?rest_route=\/wp\/v2\/types\/page"}],"author":[{"embeddable":true,"href":"https:\/\/alles-ueber-riffe.de\/index.php?rest_route=\/wp\/v2\/users\/1"}],"replies":[{"embeddable":true,"href":"https:\/\/alles-ueber-riffe.de\/index.php?rest_route=%2Fwp%2Fv2%2Fcomments&post=6119"}],"version-history":[{"count":4,"href":"https:\/\/alles-ueber-riffe.de\/index.php?rest_route=\/wp\/v2\/pages\/6119\/revisions"}],"predecessor-version":[{"id":10484,"href":"https:\/\/alles-ueber-riffe.de\/index.php?rest_route=\/wp\/v2\/pages\/6119\/revisions\/10484"}],"wp:attachment":[{"href":"https:\/\/alles-ueber-riffe.de\/index.php?rest_route=%2Fwp%2Fv2%2Fmedia&parent=6119"}],"curies":[{"name":"wp","href":"https:\/\/api.w.org\/{rel}","templated":true}]}}