{"id":6112,"date":"2025-01-09T11:53:54","date_gmt":"2025-01-09T11:53:54","guid":{"rendered":"https:\/\/alles-ueber-riffe.de\/?page_id=6112"},"modified":"2025-03-03T21:24:47","modified_gmt":"2025-03-03T21:24:47","slug":"tomaten-zackenbarsch","status":"publish","type":"page","link":"https:\/\/alles-ueber-riffe.de\/?page_id=6112","title":{"rendered":"Tomaten-Zackenbarsch"},"content":{"rendered":"\n<div class=\"wp-block-group is-vertical is-layout-flex wp-container-core-group-is-layout-8cf370e7 wp-block-group-is-layout-flex\">\n<p><strong>Tomaten-Zackenbarsch<\/strong><\/p>\n\n\n\n<p>Tomato hind<\/p>\n\n\n\n<p><em>Cephalopholis sonnerati<\/em><\/p>\n<\/div>\n\n\n\n<div style=\"height:30px\" aria-hidden=\"true\" class=\"wp-block-spacer\"><\/div>\n\n\n\n<figure class=\"wp-block-image size-full\"><img loading=\"lazy\" decoding=\"async\" width=\"1024\" height=\"768\" src=\"https:\/\/alles-ueber-riffe.de\/wp-content\/uploads\/2025\/03\/Tomaten-Zackenbarsch_1024x768.jpg\" alt=\"\" class=\"wp-image-10466\" srcset=\"https:\/\/alles-ueber-riffe.de\/wp-content\/uploads\/2025\/03\/Tomaten-Zackenbarsch_1024x768.jpg 1024w, https:\/\/alles-ueber-riffe.de\/wp-content\/uploads\/2025\/03\/Tomaten-Zackenbarsch_1024x768-300x225.jpg 300w, https:\/\/alles-ueber-riffe.de\/wp-content\/uploads\/2025\/03\/Tomaten-Zackenbarsch_1024x768-768x576.jpg 768w\" sizes=\"auto, (max-width: 767px) 89vw, (max-width: 1000px) 54vw, (max-width: 1071px) 543px, 580px\" \/><figcaption class=\"wp-element-caption\">\u00a9 Joris Rombouts<\/figcaption><\/figure>\n\n\n\n<hr class=\"wp-block-separator has-alpha-channel-opacity is-style-default\"\/>\n\n\n\n<p><strong>Gr\u00f6\u00dfe: <\/strong> bis 57 cm<\/p>\n\n\n\n<p><strong>Lebensraum:<\/strong> Korallenriffe<\/p>\n\n\n\n<p><strong>Vorkommen:  <\/strong>von Ostafrika, Malediven, S\u00fcdjapan, Vietnam, ganz S\u00fcdostasien, Nordaustralien, Papua-Neuguinea, Ozeanien bis zu den Linieninseln<\/p>\n\n\n\n<p><strong>Erkennungsmerkmale:<\/strong> Grundfarbe rot mit wei\u00dfen, gro\u00dfen Flecken, die mit roten Punkten verziert sind; es sind auch komplett rote Exemplare bekannt<\/p>\n\n\n\n<p><strong>Biologie &amp; Verhalten: <\/strong> Den Tomaten-Zackenbarsch findet man oft in H\u00f6hlen zusammen mit Putzergarnelen. Juvenile Tiere bevorzugen Schw\u00e4mme und Korallen als Aufenthaltsort. Fressen Fische und Krustentiere.<\/p>\n\n\n\n<p>Ein ebenfalls komplett roter Zackenbarsch ist der Erdbeer-Zackenbarsch (Cephalopholis spiloparaea) Er kommt im gleichen Verbreitungsgebiet vor, wird aber nur 22 cm gro\u00df und hat ein hellgraues Querband am Ende der Schwanzflosse.<\/p>\n\n\n\n<p><strong>Bedrohungsstatus:<\/strong> Die Art wird auf der Roten Liste der IUCN als <mark style=\"background-color:rgba(0, 0, 0, 0)\" class=\"has-inline-color has-vivid-green-cyan-color\">\u201enicht gef\u00e4hrdet\u201c<\/mark> gef\u00fchrt.<\/p>\n\n\n\n<hr class=\"wp-block-separator has-alpha-channel-opacity is-style-default\"\/>\n\n\n\n<p><\/p>\n","protected":false},"excerpt":{"rendered":"<p>Tomaten-Zackenbarsch Tomato hind Cephalopholis sonnerati Gr\u00f6\u00dfe: bis 57 cm Lebensraum: Korallenriffe Vorkommen: von Ostafrika, Malediven, S\u00fcdjapan, Vietnam, ganz S\u00fcdostasien, Nordaustralien, Papua-Neuguinea, Ozeanien bis zu den Linieninseln Erkennungsmerkmale: Grundfarbe rot mit wei\u00dfen, gro\u00dfen Flecken, die mit roten Punkten verziert sind; es sind auch komplett rote Exemplare bekannt Biologie &amp; Verhalten: Den Tomaten-Zackenbarsch findet man oft in &hellip; <\/p>\n<p class=\"link-more\"><a href=\"https:\/\/alles-ueber-riffe.de\/?page_id=6112\" class=\"more-link\"><span class=\"screen-reader-text\">\u201eTomaten-Zackenbarsch\u201c<\/span> weiterlesen<\/a><\/p>\n","protected":false},"author":1,"featured_media":0,"parent":0,"menu_order":0,"comment_status":"closed","ping_status":"closed","template":"","meta":{"footnotes":""},"class_list":["post-6112","page","type-page","status-publish","hentry"],"_links":{"self":[{"href":"https:\/\/alles-ueber-riffe.de\/index.php?rest_route=\/wp\/v2\/pages\/6112","targetHints":{"allow":["GET"]}}],"collection":[{"href":"https:\/\/alles-ueber-riffe.de\/index.php?rest_route=\/wp\/v2\/pages"}],"about":[{"href":"https:\/\/alles-ueber-riffe.de\/index.php?rest_route=\/wp\/v2\/types\/page"}],"author":[{"embeddable":true,"href":"https:\/\/alles-ueber-riffe.de\/index.php?rest_route=\/wp\/v2\/users\/1"}],"replies":[{"embeddable":true,"href":"https:\/\/alles-ueber-riffe.de\/index.php?rest_route=%2Fwp%2Fv2%2Fcomments&post=6112"}],"version-history":[{"count":4,"href":"https:\/\/alles-ueber-riffe.de\/index.php?rest_route=\/wp\/v2\/pages\/6112\/revisions"}],"predecessor-version":[{"id":10468,"href":"https:\/\/alles-ueber-riffe.de\/index.php?rest_route=\/wp\/v2\/pages\/6112\/revisions\/10468"}],"wp:attachment":[{"href":"https:\/\/alles-ueber-riffe.de\/index.php?rest_route=%2Fwp%2Fv2%2Fmedia&parent=6112"}],"curies":[{"name":"wp","href":"https:\/\/api.w.org\/{rel}","templated":true}]}}