{"id":6100,"date":"2025-01-09T11:52:52","date_gmt":"2025-01-09T11:52:52","guid":{"rendered":"https:\/\/alles-ueber-riffe.de\/?page_id=6100"},"modified":"2025-03-03T21:01:39","modified_gmt":"2025-03-03T21:01:39","slug":"hochflossen-wabenbarsch","status":"publish","type":"page","link":"https:\/\/alles-ueber-riffe.de\/?page_id=6100","title":{"rendered":"Hochflossen Wabenbarsch"},"content":{"rendered":"\n<div class=\"wp-block-group is-vertical is-layout-flex wp-container-core-group-is-layout-8cf370e7 wp-block-group-is-layout-flex\">\n<p><strong>Hochflossen Wabenbarsch<\/strong><\/p>\n\n\n\n<p>Highfin grouper<\/p>\n\n\n\n<p><em>Epinephelus maculatus<\/em><\/p>\n<\/div>\n\n\n\n<div style=\"height:30px\" aria-hidden=\"true\" class=\"wp-block-spacer\"><\/div>\n\n\n\n<figure class=\"wp-block-image size-full\"><img loading=\"lazy\" decoding=\"async\" width=\"1024\" height=\"768\" src=\"https:\/\/alles-ueber-riffe.de\/wp-content\/uploads\/2025\/03\/Hochflossen-Wabenbarsch_1024x768.jpg\" alt=\"\" class=\"wp-image-10436\" srcset=\"https:\/\/alles-ueber-riffe.de\/wp-content\/uploads\/2025\/03\/Hochflossen-Wabenbarsch_1024x768.jpg 1024w, https:\/\/alles-ueber-riffe.de\/wp-content\/uploads\/2025\/03\/Hochflossen-Wabenbarsch_1024x768-300x225.jpg 300w, https:\/\/alles-ueber-riffe.de\/wp-content\/uploads\/2025\/03\/Hochflossen-Wabenbarsch_1024x768-768x576.jpg 768w\" sizes=\"auto, (max-width: 767px) 89vw, (max-width: 1000px) 54vw, (max-width: 1071px) 543px, 580px\" \/><figcaption class=\"wp-element-caption\">\u00a9 Joris Rombouts<\/figcaption><\/figure>\n\n\n\n<hr class=\"wp-block-separator has-alpha-channel-opacity is-style-default\"\/>\n\n\n\n<p><strong>Gr\u00f6\u00dfe: <\/strong> bis 60 cm<\/p>\n\n\n\n<p><strong>Lebensraum:<\/strong> Korallen- und Felsenriffe, Ger\u00f6ll- und Sandb\u00f6den<\/p>\n\n\n\n<p><strong>Vorkommen:  <\/strong>S\u00fcdjapan, ganz S\u00fcdostasien, Nordaustralien, Papua-Neuguinea, Ozeanien bis Samoa<\/p>\n\n\n\n<p><strong>Erkennungsmerkmale:<\/strong> Wabenmuster aus braunen Flecken, die wei\u00df umrandet sind; zwei gro\u00dfe, wei\u00dfe Flecken am R\u00fccken am Anfang und in der Mitte der R\u00fcckenflosse; bei juvenilen Tieren ist das Wabenmuster nicht ausgepr\u00e4gt; sie sind dunkelbraun mit schwarzen und mehreren, wei\u00dfen Flecken.<\/p>\n\n\n\n<p><strong>Biologie &amp; Verhalten: <\/strong> Er bevorzugt veralgte und abgestorbene Riffbereiche. Der Einzelg\u00e4nger frisst Fische und Wirbellose.<\/p>\n\n\n\n<p>Es ist nicht immer einfach die Wabenbarsche auseinander zu halten. Sehr \u00e4hnlich, aber<\/p>\n\n\n\n<p>ohne die wei\u00dfen Flecken am R\u00fccken, ist ihm der Honigwaben-Zackenbarsch und der<\/p>\n\n\n\n<p>Bumerang-Zackenbarsch.<\/p>\n\n\n\n<p><strong>Bedrohungsstatus:<\/strong> Die Art wird auf der Roten Liste der IUCN als <mark style=\"background-color:rgba(0, 0, 0, 0)\" class=\"has-inline-color has-vivid-green-cyan-color\">\u201enicht gef\u00e4hrdet\u201c<\/mark> gef\u00fchrt.<\/p>\n\n\n\n<p><mark style=\"background-color:rgba(0, 0, 0, 0)\" class=\"has-inline-color has-vivid-red-color\"><strong>Gefahr:<\/strong> Der Verzehr seines Fleisches kann zu einer ciguatoxischen Vergiftung f\u00fchren.<\/mark><\/p>\n\n\n\n<hr class=\"wp-block-separator has-alpha-channel-opacity is-style-default\"\/>\n\n\n\n<p><\/p>\n","protected":false},"excerpt":{"rendered":"<p>Hochflossen Wabenbarsch Highfin grouper Epinephelus maculatus Gr\u00f6\u00dfe: bis 60 cm Lebensraum: Korallen- und Felsenriffe, Ger\u00f6ll- und Sandb\u00f6den Vorkommen: S\u00fcdjapan, ganz S\u00fcdostasien, Nordaustralien, Papua-Neuguinea, Ozeanien bis Samoa Erkennungsmerkmale: Wabenmuster aus braunen Flecken, die wei\u00df umrandet sind; zwei gro\u00dfe, wei\u00dfe Flecken am R\u00fccken am Anfang und in der Mitte der R\u00fcckenflosse; bei juvenilen Tieren ist das Wabenmuster &hellip; <\/p>\n<p class=\"link-more\"><a href=\"https:\/\/alles-ueber-riffe.de\/?page_id=6100\" class=\"more-link\"><span class=\"screen-reader-text\">\u201eHochflossen Wabenbarsch\u201c<\/span> weiterlesen<\/a><\/p>\n","protected":false},"author":1,"featured_media":0,"parent":0,"menu_order":0,"comment_status":"closed","ping_status":"closed","template":"","meta":{"footnotes":""},"class_list":["post-6100","page","type-page","status-publish","hentry"],"_links":{"self":[{"href":"https:\/\/alles-ueber-riffe.de\/index.php?rest_route=\/wp\/v2\/pages\/6100","targetHints":{"allow":["GET"]}}],"collection":[{"href":"https:\/\/alles-ueber-riffe.de\/index.php?rest_route=\/wp\/v2\/pages"}],"about":[{"href":"https:\/\/alles-ueber-riffe.de\/index.php?rest_route=\/wp\/v2\/types\/page"}],"author":[{"embeddable":true,"href":"https:\/\/alles-ueber-riffe.de\/index.php?rest_route=\/wp\/v2\/users\/1"}],"replies":[{"embeddable":true,"href":"https:\/\/alles-ueber-riffe.de\/index.php?rest_route=%2Fwp%2Fv2%2Fcomments&post=6100"}],"version-history":[{"count":5,"href":"https:\/\/alles-ueber-riffe.de\/index.php?rest_route=\/wp\/v2\/pages\/6100\/revisions"}],"predecessor-version":[{"id":10440,"href":"https:\/\/alles-ueber-riffe.de\/index.php?rest_route=\/wp\/v2\/pages\/6100\/revisions\/10440"}],"wp:attachment":[{"href":"https:\/\/alles-ueber-riffe.de\/index.php?rest_route=%2Fwp%2Fv2%2Fmedia&parent=6100"}],"curies":[{"name":"wp","href":"https:\/\/api.w.org\/{rel}","templated":true}]}}